{"id":4397,"date":"2022-02-16T06:12:27","date_gmt":"2022-02-15T23:12:27","guid":{"rendered":"https:\/\/chiang-mai-trekking.com\/?page_id=4397"},"modified":"2023-12-17T15:49:31","modified_gmt":"2023-12-17T08:49:31","slug":"eco-trekking-2-jours-1-nuit","status":"publish","type":"page","link":"https:\/\/chiang-mai-trekking.com\/fr\/eco-trekking-2-jours-1-nuit\/","title":{"rendered":"Eco-trekking 2 jours 1 nuit"},"content":{"rendered":"<p>Retrouvez ici toutes nos randonn\u00e9es sur <strong>deux jours et une nuit<\/strong> dans la <strong>jungle thailandaise et ses tribus du nord,<\/strong> avec d\u00e9part et retour de votre hotel sur Chiang Mai ou Chiang Rai.<br \/>\nSi vous souhaitez des options particuli\u00e8res, comme un guide francophone, rester une nuit de plus au village avec un retour le matin, une activit\u00e9 pr\u00e9cise... <a href=\"https:\/\/chiang-mai-trekking.com\/fr\/contactez-nous\/\">contactez-nous !<\/a> Nous sommes francophones et fran\u00e7ais !<br \/>\n<br \/>\nProgrammes: <a href=\"https:\/\/chiang-mai-trekking.com\/fr\/eco-trekking-1-journee\/\">1 journ\u00e9e<\/a> | <a href=\"https:\/\/chiang-mai-trekking.com\/fr\/eco-trekking-2-jours-1-nuit\/\">2 jours 1 nuit<\/a> | <a href=\"https:\/\/chiang-mai-trekking.com\/fr\/eco-trekking-3-jours-2-nuits\/\">3 jours 2 nuits<\/a> | <a href=\"https:\/\/chiang-mai-trekking.com\/fr\/cool-eco-trekkings\/\">Tous les trekkings<\/a><br \/>\n<br \/>\n<div class=\"row\"><div class=\"newTrekPage col-md-4\">   \r\n\t\t\t\t<div class=\"inside\" style=\"height:100%\">\r\n\t              <a href=\"https:\/\/chiang-mai-trekking.com\/fr\/rizieres-terrasse-baan-pa-pong-piang-doi-inthanon\/\">\r\n\t                \t\t<p class=\"days\">&nbsp;\r\n\t                \t\t\t<span style=\"float:left;padding-right:6px\">\ud83d\udccd Chiang Mai<\/span>\r\n\t                \t\t\t<span style=\"float:right;padding-right:6px\">\ud83d\udd52 2 jours 1 nuit<\/span>\r\n\t                \t\t<\/p>\r\n\r\n\t                    <!-- <span style=\"position:absolute; right: 16px; padding: 3px; text-align:right; background-color: rgba(0,0,0,0.5);\"> -->\r\n\t                    \r\n\t                    <\/span>\r\n\t\t\t            <img decoding=\"async\" src=\"https:\/\/chiang-mai-trekking.com\/wp-content\/uploads\/2024\/06\/rice-paddy-baan-pa-pong-pien-1.jpg\" \/>\r\n\t\t\t              \r\n\t\t\t              \r\n\t\t\t              <p class=\"title\">Les rizi\u00e8res en terrasse de Baan Pa Pong Piang et le parc national de Doi Inthanon<\/p>\r\n\t\t\t              <p>Dormir \u00e0 Ban Pa Pong Piang, les plus belles rizi\u00e8res en terrasse de Tha\u00eflande<\/p>\r\n\t\t\t             \r\n\r\n\t\t\t              <\/a>\r\n\t\t\t    <\/div>\r\n            <\/div><div class=\"newTrekPage col-md-4\">   \r\n\t\t\t\t<div class=\"inside\" style=\"height:100%\">\r\n\t              <a href=\"https:\/\/chiang-mai-trekking.com\/fr\/2-jours-1-nuit-eco-trekking-au-village-de-white-pakayaw\/\">\r\n\t                \t\t<p class=\"days\">&nbsp;\r\n\t                \t\t\t<span style=\"float:left;padding-right:6px\">\ud83d\udccd Chiang Mai<\/span>\r\n\t                \t\t\t<span style=\"float:right;padding-right:6px\">\ud83d\udd52 2 jours 1 nuit<\/span>\r\n\t                \t\t<\/p>\r\n\r\n\t                    <!-- <span style=\"position:absolute; right: 16px; padding: 3px; text-align:right; background-color: rgba(0,0,0,0.5);\"> -->\r\n\t                    \r\n\t                    <\/span>\r\n\t\t\t            <img decoding=\"async\" src=\"https:\/\/chiang-mai-trekking.com\/wp-content\/uploads\/2015\/03\/2days-trekking-ricefields-chiangmai-500x333.jpg\" \/>\r\n\t\t\t              \r\n\t\t\t              \r\n\t\t\t              <p class=\"title\">2 jours 1 nuit : Eco Trekking au village de White Pakayaw<\/p>\r\n\t\t\t              <p>Cool Trekking Chiang Mai promeut le tourisme responsable et propose des treks \u00e9cologiques, des treks non touristiques hors des sentiers battus dans la r\u00e9gion recul\u00e9e de Mae Wang<\/p>\r\n\t\t\t             \r\n\r\n\t\t\t              <\/a>\r\n\t\t\t    <\/div>\r\n            <\/div><div class=\"newTrekPage col-md-4\">   \r\n\t\t\t\t<div class=\"inside\" style=\"height:100%\">\r\n\t              <a href=\"https:\/\/chiang-mai-trekking.com\/fr\/2jours-1nuit-ecotrekking-karen-white-pakayaw\/\">\r\n\t                \t\t<p class=\"days\">&nbsp;\r\n\t                \t\t\t<span style=\"float:left;padding-right:6px\">\ud83d\udccd Chiang Mai<\/span>\r\n\t                \t\t\t<span style=\"float:right;padding-right:6px\">\ud83d\udd52 2 jours 1 nuit<\/span>\r\n\t                \t\t<\/p>\r\n\r\n\t                    <!-- <span style=\"position:absolute; right: 16px; padding: 3px; text-align:right; background-color: rgba(0,0,0,0.5);\"> -->\r\n\t                    \r\n\t                    <\/span>\r\n\t\t\t            <img decoding=\"async\" src=\"https:\/\/chiang-mai-trekking.com\/wp-content\/uploads\/2020\/01\/ecotrekking-karen-hilltribe-doiinthanon-summit-500x333.jpg\" \/>\r\n\t\t\t              \r\n\t\t\t              \r\n\t\t\t              <p class=\"title\">2 jours 1 nuit: Eco trekking avec les Karens et Doi Inthanon<\/p>\r\n\t\t\t              <p>Dormez dans un v\u00e9ritable village de tribus montagnardes Karen et profitez du parc national de Doi Inthanon Trek non touristique - Hors des sentiers battus!<\/p>\r\n\t\t\t             \r\n\r\n\t\t\t              <\/a>\r\n\t\t\t    <\/div>\r\n            <\/div><div class=\"newTrekPage col-md-4\">   \r\n\t\t\t\t<div class=\"inside\" style=\"height:100%\">\r\n\t              <a href=\"https:\/\/chiang-mai-trekking.com\/fr\/randonnee-akha-2-jours-1-nuit-chiang-rai\/\">\r\n\t                \t\t<p class=\"days\">&nbsp;\r\n\t                \t\t\t<span style=\"float:left;padding-right:6px\">\ud83d\udccd Chiang Rai<\/span>\r\n\t                \t\t\t<span style=\"float:right;padding-right:6px\">\ud83d\udd52 2 jours 1 nuit<\/span>\r\n\t                \t\t<\/p>\r\n\r\n\t                    <!-- <span style=\"position:absolute; right: 16px; padding: 3px; text-align:right; background-color: rgba(0,0,0,0.5);\"> -->\r\n\t                    \r\n\t                    <\/span>\r\n\t\t\t            <img decoding=\"async\" src=\"https:\/\/chiang-mai-trekking.com\/wp-content\/uploads\/2019\/08\/trekking-akha-2days-1night-chiang-rai-500x333.jpg\" \/>\r\n\t\t\t              \r\n\t\t\t              \r\n\t\t\t              <p class=\"title\">Eco-trek priv\u00e9 chez les Akha 2 jours 1 nuits \u00e0 Chiang Rai<\/p>\r\n\t\t\t              <p>D\u00e9couvrez la vie de la tribu Akha pendant 2 jours et d\u00e9couvrez leur culture unique. Une exp\u00e9rience dans la jungle, entour\u00e9e de plantations de caf\u00e9, de th\u00e9 et d'ananas<\/p>\r\n\t\t\t             \r\n\r\n\t\t\t              <\/a>\r\n\t\t\t    <\/div>\r\n            <\/div><div class=\"newTrekPage col-md-4\">   \r\n\t\t\t\t<div class=\"inside\" style=\"height:100%\">\r\n\t              <a href=\"https:\/\/chiang-mai-trekking.com\/fr\/2jours-elephants-respect-eco-trek-prive\/\">\r\n\t                \t\t<p class=\"days\">&nbsp;\r\n\t                \t\t\t<span style=\"float:left;padding-right:6px\">\ud83d\udccd Chiang Mai<\/span>\r\n\t                \t\t\t<span style=\"float:right;padding-right:6px\">\ud83d\udd52 2 jours 1 nuit<\/span>\r\n\t                \t\t<\/p>\r\n\r\n\t                    <!-- <span style=\"position:absolute; right: 16px; padding: 3px; text-align:right; background-color: rgba(0,0,0,0.5);\"> -->\r\n\t                    \r\n\t                    <\/span>\r\n\t\t\t            <img decoding=\"async\" src=\"https:\/\/chiang-mai-trekking.com\/wp-content\/uploads\/2017\/10\/IMG_9113-e1508575008526-500x333.jpg\" \/>\r\n\t\t\t              \r\n\t\t\t              \r\n\t\t\t              <p class=\"title\">Au plus proches des \u00e9l\u00e9phants : 1 jour avec eux et 1 jour de trek priv\u00e9<\/p>\r\n\t\t\t              <p>Une exp\u00e9rience authentique en dehors de chemins touristiques et des animaux en libert\u00e9 et bien trait\u00e9s<\/p>\r\n\t\t\t             \r\n\r\n\t\t\t              <\/a>\r\n\t\t\t    <\/div>\r\n            <\/div><\/div><\/p>\n\n<div class=\"wpml-ls-statics-footer wpml-ls wpml-ls-legacy-list-horizontal\" id=\"lang_sel_footer\">\n\t<ul role=\"menu\"><li class=\"wpml-ls-slot-footer wpml-ls-item wpml-ls-item-en wpml-ls-first-item wpml-ls-item-legacy-list-horizontal\" role=\"none\">\n\t\t\t\t<a href=\"https:\/\/chiang-mai-trekking.com\/\" class=\"wpml-ls-link\" role=\"menuitem\"  aria-label=\"Passer \u00e0 English\" title=\"Passer \u00e0 English\" >\n                                                        <img decoding=\"async\"\n            class=\"wpml-ls-flag iclflag\"\n            src=\"https:\/\/chiang-mai-trekking.com\/wp-content\/plugins\/sitepress-multilingual-cms\/res\/flags\/en.png\"\n            alt=\"\"\n            width=18\n            height=12\n    \/><span class=\"wpml-ls-native icl_lang_sel_native\" lang=\"en\">English<\/span><\/a>\n\t\t\t<\/li><li class=\"wpml-ls-slot-footer wpml-ls-item wpml-ls-item-fr wpml-ls-current-language wpml-ls-item-legacy-list-horizontal\" role=\"none\">\n\t\t\t\t<a href=\"https:\/\/chiang-mai-trekking.com\/fr\/\" class=\"wpml-ls-link\" role=\"menuitem\" >\n                                                        <img decoding=\"async\"\n            class=\"wpml-ls-flag iclflag\"\n            src=\"https:\/\/chiang-mai-trekking.com\/wp-content\/plugins\/sitepress-multilingual-cms\/res\/flags\/fr.png\"\n            alt=\"\"\n            width=18\n            height=12\n    \/><span class=\"wpml-ls-native icl_lang_sel_native\" role=\"menuitem\">Fran\u00e7ais<\/span><\/a>\n\t\t\t<\/li><li class=\"wpml-ls-slot-footer wpml-ls-item wpml-ls-item-de wpml-ls-last-item wpml-ls-item-legacy-list-horizontal\" role=\"none\">\n\t\t\t\t<a href=\"https:\/\/chiang-mai-trekking.com\/de\/\" class=\"wpml-ls-link\" role=\"menuitem\"  aria-label=\"Passer \u00e0 Deutsch\" title=\"Passer \u00e0 Deutsch\" >\n                                                        <img decoding=\"async\"\n            class=\"wpml-ls-flag iclflag\"\n            src=\"https:\/\/chiang-mai-trekking.com\/wp-content\/plugins\/sitepress-multilingual-cms\/res\/flags\/de.png\"\n            alt=\"\"\n            width=18\n            height=12\n    \/><span class=\"wpml-ls-native icl_lang_sel_native\" lang=\"de\">Deutsch<\/span><\/a>\n\t\t\t<\/li><\/ul>\n<\/div>\n\n","protected":false},"excerpt":{"rendered":"<p>Retrouvez ici toutes nos randonn\u00e9es sur deux jours et une nuit dans la jungle thailandaise et ses tribus du nord, avec d\u00e9part et retour de votre hotel sur Chiang Mai ou Chiang Rai. Si vous souhaitez des options particuli\u00e8res, comme un guide francophone, rester une nuit de plus au village avec un retour le matin, [&hellip;]<\/p>\n","protected":false},"author":1,"featured_media":0,"parent":0,"menu_order":0,"comment_status":"closed","ping_status":"closed","template":"","meta":{"footnotes":""},"class_list":["post-4397","page","type-page","status-publish","hentry","entry"],"yoast_head":"<!-- This site is optimized with the Yoast SEO plugin v27.3 - https:\/\/yoast.com\/product\/yoast-seo-wordpress\/ -->\n<title>Eco-trekking 2 jours 1 nuit Chiang Mai et Chiang Rai Thailande<\/title>\n<meta name=\"robots\" content=\"index, follow, max-snippet:-1, max-image-preview:large, max-video-preview:-1\" \/>\n<link rel=\"canonical\" href=\"https:\/\/chiang-mai-trekking.com\/fr\/eco-trekking-2-jours-1-nuit\/\" \/>\n<meta property=\"og:locale\" content=\"fr_FR\" \/>\n<meta property=\"og:type\" content=\"article\" \/>\n<meta property=\"og:title\" content=\"Eco-trekking 2 jours 1 nuit Chiang Mai et Chiang Rai Thailande\" \/>\n<meta property=\"og:description\" content=\"Retrouvez ici toutes nos randonn\u00e9es sur deux jours et une nuit dans la jungle thailandaise et ses tribus du nord, avec d\u00e9part et retour de votre hotel sur Chiang Mai ou Chiang Rai. Si vous souhaitez des options particuli\u00e8res, comme un guide francophone, rester une nuit de plus au village avec un retour le matin, [&hellip;]\" \/>\n<meta property=\"og:url\" content=\"https:\/\/chiang-mai-trekking.com\/fr\/eco-trekking-2-jours-1-nuit\/\" \/>\n<meta property=\"og:site_name\" content=\"Chiang Mai trekking\" \/>\n<meta property=\"article:modified_time\" content=\"2023-12-17T08:49:31+00:00\" \/>\n<meta property=\"og:image\" content=\"https:\/\/chiang-mai-trekking.com\/wp-content\/uploads\/2017\/02\/Off-the-beaten-track-.png\" \/>\n\t<meta property=\"og:image:width\" content=\"940\" \/>\n\t<meta property=\"og:image:height\" content=\"788\" \/>\n\t<meta property=\"og:image:type\" content=\"image\/png\" \/>\n<meta name=\"twitter:card\" content=\"summary_large_image\" \/>\n<meta name=\"twitter:label1\" content=\"Dur\u00e9e de lecture estim\u00e9e\" \/>\n\t<meta name=\"twitter:data1\" content=\"1 minute\" \/>\n<script type=\"application\/ld+json\" class=\"yoast-schema-graph\">{\"@context\":\"https:\\\/\\\/schema.org\",\"@graph\":[{\"@type\":\"WebPage\",\"@id\":\"https:\\\/\\\/chiang-mai-trekking.com\\\/fr\\\/eco-trekking-2-jours-1-nuit\\\/\",\"url\":\"https:\\\/\\\/chiang-mai-trekking.com\\\/fr\\\/eco-trekking-2-jours-1-nuit\\\/\",\"name\":\"Eco-trekking 2 jours 1 nuit Chiang Mai et Chiang Rai Thailande\",\"isPartOf\":{\"@id\":\"https:\\\/\\\/chiang-mai-trekking.com\\\/fr\\\/#website\"},\"datePublished\":\"2022-02-15T23:12:27+00:00\",\"dateModified\":\"2023-12-17T08:49:31+00:00\",\"breadcrumb\":{\"@id\":\"https:\\\/\\\/chiang-mai-trekking.com\\\/fr\\\/eco-trekking-2-jours-1-nuit\\\/#breadcrumb\"},\"inLanguage\":\"fr-FR\",\"potentialAction\":[{\"@type\":\"ReadAction\",\"target\":[\"https:\\\/\\\/chiang-mai-trekking.com\\\/fr\\\/eco-trekking-2-jours-1-nuit\\\/\"]}]},{\"@type\":\"BreadcrumbList\",\"@id\":\"https:\\\/\\\/chiang-mai-trekking.com\\\/fr\\\/eco-trekking-2-jours-1-nuit\\\/#breadcrumb\",\"itemListElement\":[{\"@type\":\"ListItem\",\"position\":1,\"name\":\"Home\",\"item\":\"https:\\\/\\\/chiang-mai-trekking.com\\\/fr\\\/\"},{\"@type\":\"ListItem\",\"position\":2,\"name\":\"Eco-trekking 2 jours 1 nuit\"}]},{\"@type\":\"WebSite\",\"@id\":\"https:\\\/\\\/chiang-mai-trekking.com\\\/fr\\\/#website\",\"url\":\"https:\\\/\\\/chiang-mai-trekking.com\\\/fr\\\/\",\"name\":\"Chiang Mai trekking\",\"description\":\"Chiang Mai trekking, Trek \u00e0 Chiang Mai. R\u00e9server directement les meilleurs trek de Chiang Mai 1, 2 ou 3 jours en trekking.\",\"potentialAction\":[{\"@type\":\"SearchAction\",\"target\":{\"@type\":\"EntryPoint\",\"urlTemplate\":\"https:\\\/\\\/chiang-mai-trekking.com\\\/fr\\\/?s={search_term_string}\"},\"query-input\":{\"@type\":\"PropertyValueSpecification\",\"valueRequired\":true,\"valueName\":\"search_term_string\"}}],\"inLanguage\":\"fr-FR\"}]}<\/script>\n<!-- \/ Yoast SEO plugin. -->","yoast_head_json":{"title":"Eco-trekking 2 jours 1 nuit Chiang Mai et Chiang Rai Thailande","robots":{"index":"index","follow":"follow","max-snippet":"max-snippet:-1","max-image-preview":"max-image-preview:large","max-video-preview":"max-video-preview:-1"},"canonical":"https:\/\/chiang-mai-trekking.com\/fr\/eco-trekking-2-jours-1-nuit\/","og_locale":"fr_FR","og_type":"article","og_title":"Eco-trekking 2 jours 1 nuit Chiang Mai et Chiang Rai Thailande","og_description":"Retrouvez ici toutes nos randonn\u00e9es sur deux jours et une nuit dans la jungle thailandaise et ses tribus du nord, avec d\u00e9part et retour de votre hotel sur Chiang Mai ou Chiang Rai. Si vous souhaitez des options particuli\u00e8res, comme un guide francophone, rester une nuit de plus au village avec un retour le matin, [&hellip;]","og_url":"https:\/\/chiang-mai-trekking.com\/fr\/eco-trekking-2-jours-1-nuit\/","og_site_name":"Chiang Mai trekking","article_modified_time":"2023-12-17T08:49:31+00:00","og_image":[{"width":940,"height":788,"url":"https:\/\/chiang-mai-trekking.com\/wp-content\/uploads\/2017\/02\/Off-the-beaten-track-.png","type":"image\/png"}],"twitter_card":"summary_large_image","twitter_misc":{"Dur\u00e9e de lecture estim\u00e9e":"1 minute"},"schema":{"@context":"https:\/\/schema.org","@graph":[{"@type":"WebPage","@id":"https:\/\/chiang-mai-trekking.com\/fr\/eco-trekking-2-jours-1-nuit\/","url":"https:\/\/chiang-mai-trekking.com\/fr\/eco-trekking-2-jours-1-nuit\/","name":"Eco-trekking 2 jours 1 nuit Chiang Mai et Chiang Rai Thailande","isPartOf":{"@id":"https:\/\/chiang-mai-trekking.com\/fr\/#website"},"datePublished":"2022-02-15T23:12:27+00:00","dateModified":"2023-12-17T08:49:31+00:00","breadcrumb":{"@id":"https:\/\/chiang-mai-trekking.com\/fr\/eco-trekking-2-jours-1-nuit\/#breadcrumb"},"inLanguage":"fr-FR","potentialAction":[{"@type":"ReadAction","target":["https:\/\/chiang-mai-trekking.com\/fr\/eco-trekking-2-jours-1-nuit\/"]}]},{"@type":"BreadcrumbList","@id":"https:\/\/chiang-mai-trekking.com\/fr\/eco-trekking-2-jours-1-nuit\/#breadcrumb","itemListElement":[{"@type":"ListItem","position":1,"name":"Home","item":"https:\/\/chiang-mai-trekking.com\/fr\/"},{"@type":"ListItem","position":2,"name":"Eco-trekking 2 jours 1 nuit"}]},{"@type":"WebSite","@id":"https:\/\/chiang-mai-trekking.com\/fr\/#website","url":"https:\/\/chiang-mai-trekking.com\/fr\/","name":"Chiang Mai trekking","description":"Chiang Mai trekking, Trek \u00e0 Chiang Mai. R\u00e9server directement les meilleurs trek de Chiang Mai 1, 2 ou 3 jours en trekking.","potentialAction":[{"@type":"SearchAction","target":{"@type":"EntryPoint","urlTemplate":"https:\/\/chiang-mai-trekking.com\/fr\/?s={search_term_string}"},"query-input":{"@type":"PropertyValueSpecification","valueRequired":true,"valueName":"search_term_string"}}],"inLanguage":"fr-FR"}]}},"_links":{"self":[{"href":"https:\/\/chiang-mai-trekking.com\/fr\/wp-json\/wp\/v2\/pages\/4397","targetHints":{"allow":["GET"]}}],"collection":[{"href":"https:\/\/chiang-mai-trekking.com\/fr\/wp-json\/wp\/v2\/pages"}],"about":[{"href":"https:\/\/chiang-mai-trekking.com\/fr\/wp-json\/wp\/v2\/types\/page"}],"author":[{"embeddable":true,"href":"https:\/\/chiang-mai-trekking.com\/fr\/wp-json\/wp\/v2\/users\/1"}],"replies":[{"embeddable":true,"href":"https:\/\/chiang-mai-trekking.com\/fr\/wp-json\/wp\/v2\/comments?post=4397"}],"version-history":[{"count":12,"href":"https:\/\/chiang-mai-trekking.com\/fr\/wp-json\/wp\/v2\/pages\/4397\/revisions"}],"predecessor-version":[{"id":5977,"href":"https:\/\/chiang-mai-trekking.com\/fr\/wp-json\/wp\/v2\/pages\/4397\/revisions\/5977"}],"wp:attachment":[{"href":"https:\/\/chiang-mai-trekking.com\/fr\/wp-json\/wp\/v2\/media?parent=4397"}],"curies":[{"name":"wp","href":"https:\/\/api.w.org\/{rel}","templated":true}]}}