{"id":4394,"date":"2022-02-16T06:13:02","date_gmt":"2022-02-15T23:13:02","guid":{"rendered":"https:\/\/chiang-mai-trekking.com\/?page_id=4394"},"modified":"2023-12-17T15:50:02","modified_gmt":"2023-12-17T08:50:02","slug":"eco-trekking-3-jours-2-nuits","status":"publish","type":"page","link":"https:\/\/chiang-mai-trekking.com\/fr\/eco-trekking-3-jours-2-nuits\/","title":{"rendered":"Eco-trekking 3 jours 2 nuits"},"content":{"rendered":"<p>Retrouvez ici toutes nos randonn\u00e9es sur <strong>trois jours et deux nuits<\/strong> dans la <strong>jungle thailandaise et ses tribus du nord,<\/strong> avec d\u00e9part et retour de votre hotel sur Chiang Mai ou Chiang Rai.<br \/>\nSi vous souhaitez des options particuli\u00e8res, comme un guide francophone, rester une nuit de plus au village avec un retour le matin, une activit\u00e9 pr\u00e9cise... <a href=\"https:\/\/chiang-mai-trekking.com\/fr\/contactez-nous\/\">contactez-nous !<\/a> Nous sommes francophones et fran\u00e7ais !<br \/>\n<br \/>\nProgrammes: <a href=\"https:\/\/chiang-mai-trekking.com\/fr\/eco-trekking-1-journee\/\">1 journ\u00e9e<\/a> | <a href=\"https:\/\/chiang-mai-trekking.com\/fr\/eco-trekking-2-jours-1-nuit\/\">2 jours 1 nuit<\/a> | <a href=\"https:\/\/chiang-mai-trekking.com\/fr\/eco-trekking-3-jours-2-nuits\/\">3 jours 2 nuits<\/a> | <a href=\"https:\/\/chiang-mai-trekking.com\/fr\/cool-eco-trekkings\/\">Tous les trekkings<\/a><br \/>\n<br \/>\n<div class=\"row\"><div class=\"newTrekPage col-md-4\">   \r\n\t\t\t\t<div class=\"inside\" style=\"height:100%\">\r\n\t              <a href=\"https:\/\/chiang-mai-trekking.com\/fr\/3-jours-karen-eco-trekking-doi-inthanon-sanctuaire-delephants\/\">\r\n\t                \t\t<p class=\"days\">&nbsp;\r\n\t                \t\t\t<span style=\"float:left;padding-right:6px\">\ud83d\udccd Chiang Mai<\/span>\r\n\t                \t\t\t<span style=\"float:right;padding-right:6px\">\ud83d\udd52 3 jours 2 nuits<\/span>\r\n\t                \t\t<\/p>\r\n\r\n\t                    <!-- <span style=\"position:absolute; right: 16px; padding: 3px; text-align:right; background-color: rgba(0,0,0,0.5);\"> -->\r\n\t                    \r\n\t                    <\/span>\r\n\t\t\t            <img decoding=\"async\" src=\"https:\/\/chiang-mai-trekking.com\/wp-content\/uploads\/2022\/05\/3-days-karen-eco-trekking-doi-inthanon-elephants-sanctuary-17-1.jpg\" \/>\r\n\t\t\t              \r\n\t\t\t              \r\n\t\t\t              <p class=\"title\">3 jours : Karen eco-trekking, Doi Inthanon & Sanctuaire d'Elephants<\/p>\r\n\t\t\t              <p>L'incontournable de la r\u00e9gion Nord avec 3 jours dans la nature: parc national, village tribal et \u00e9l\u00e9phants<\/p>\r\n\t\t\t             \r\n\r\n\t\t\t              <\/a>\r\n\t\t\t    <\/div>\r\n            <\/div><div class=\"newTrekPage col-md-4\">   \r\n\t\t\t\t<div class=\"inside\" style=\"height:100%\">\r\n\t              <a href=\"https:\/\/chiang-mai-trekking.com\/fr\/2-days-karen-eco-trekking-1-day-thong-elephant-sanctuary\/\">\r\n\t                \t\t<p class=\"days\">&nbsp;\r\n\t                \t\t\t<span style=\"float:left;padding-right:6px\">\ud83d\udccd Chiang Mai<\/span>\r\n\t                \t\t\t<span style=\"float:right;padding-right:6px\">\ud83d\udd52 3 jours 2 nuits<\/span>\r\n\t                \t\t<\/p>\r\n\r\n\t                    <!-- <span style=\"position:absolute; right: 16px; padding: 3px; text-align:right; background-color: rgba(0,0,0,0.5);\"> -->\r\n\t                    \r\n\t                    <\/span>\r\n\t\t\t            <img decoding=\"async\" src=\"https:\/\/chiang-mai-trekking.com\/wp-content\/uploads\/2019\/01\/2-days-karen-eco-trekking-1-day-Thong-Elephant-Sanctuary-500x333.jpg\" \/>\r\n\t\t\t              \r\n\t\t\t              \r\n\t\t\t              <p class=\"title\">2 jours d'\u00e9co-randonn\u00e9e Karen et 1 jour au sanctuaire d'\u00e9l\u00e9phants de Thong<\/p>\r\n\t\t\t              <p>Incroyable randonn\u00e9e de 2 jours dans des villages non touristiques et 1 journ\u00e9e au sanctuaire des \u00e9l\u00e9phants de Thong<\/p>\r\n\t\t\t             \r\n\r\n\t\t\t              <\/a>\r\n\t\t\t    <\/div>\r\n            <\/div><div class=\"newTrekPage col-md-4\">   \r\n\t\t\t\t<div class=\"inside\" style=\"height:100%\">\r\n\t              <a href=\"https:\/\/chiang-mai-trekking.com\/fr\/chez-les-akha-chiang-rai-3-jours-et-2-nuits\/\">\r\n\t                \t\t<p class=\"days\">&nbsp;\r\n\t                \t\t\t<span style=\"float:left;padding-right:6px\">\ud83d\udccd Chiang Rai<\/span>\r\n\t                \t\t\t<span style=\"float:right;padding-right:6px\">\ud83d\udd52 3 jours 2 nuits<\/span>\r\n\t                \t\t<\/p>\r\n\r\n\t                    <!-- <span style=\"position:absolute; right: 16px; padding: 3px; text-align:right; background-color: rgba(0,0,0,0.5);\"> -->\r\n\t                    \r\n\t                    <\/span>\r\n\t\t\t            <img decoding=\"async\" src=\"https:\/\/chiang-mai-trekking.com\/wp-content\/uploads\/2017\/12\/Trek-Akha-Chiang-Rai-3jours-2nuits-visite-et-prive-6-2-500x333.jpg\" \/>\r\n\t\t\t              \r\n\t\t\t              \r\n\t\t\t              <p class=\"title\">Chez les Akha \u00e0 Chiang Rai : 3 jours et 2 nuits<\/p>\r\n\t\t\t              <p>Immersion dans une r\u00e9gion peu explor\u00e9e, au milieu des plantations de th\u00e9 . Visites du Temple Blanc, Triangle d'Or... puis vivez une exp\u00e9rience chez les Akha !<\/p>\r\n\t\t\t             \r\n\r\n\t\t\t              <\/a>\r\n\t\t\t    <\/div>\r\n            <\/div><div class=\"newTrekPage col-md-4\">   \r\n\t\t\t\t<div class=\"inside\" style=\"height:100%\">\r\n\t              <a href=\"https:\/\/chiang-mai-trekking.com\/fr\/3jours-2nuits-eco-trekking-chiang-mai\/\">\r\n\t                \t\t<p class=\"days\">&nbsp;\r\n\t                \t\t\t<span style=\"float:left;padding-right:6px\">\ud83d\udccd Chiang Mai<\/span>\r\n\t                \t\t\t<span style=\"float:right;padding-right:6px\">\ud83d\udd52 3 jours 2 nuits<\/span>\r\n\t                \t\t<\/p>\r\n\r\n\t                    <!-- <span style=\"position:absolute; right: 16px; padding: 3px; text-align:right; background-color: rgba(0,0,0,0.5);\"> -->\r\n\t                    \r\n\t                    <\/span>\r\n\t\t\t            <img decoding=\"async\" src=\"https:\/\/chiang-mai-trekking.com\/wp-content\/uploads\/2017\/02\/doi-inthanon-chiangmai-one-day-tour-1-500x333.jpg\" \/>\r\n\t\t\t              \r\n\t\t\t              \r\n\t\t\t              <p class=\"title\">3 jours 2 nuits : Eco trekking \u00e0 White Pakayaw et \u00e0 Kew Mae Pan<\/p>\r\n\t\t\t              <p>Trek 3 jours 2 nuits au village White Pakayaw dans la r\u00e9gion de Maew Wang et \u00e0\u00a0 Kew Mae Pan<\/p>\r\n\t\t\t             \r\n\r\n\t\t\t              <\/a>\r\n\t\t\t    <\/div>\r\n            <\/div><\/div><\/p>\n\n<div class=\"wpml-ls-statics-footer wpml-ls wpml-ls-legacy-list-horizontal\" id=\"lang_sel_footer\">\n\t<ul role=\"menu\"><li class=\"wpml-ls-slot-footer wpml-ls-item wpml-ls-item-en wpml-ls-first-item wpml-ls-item-legacy-list-horizontal\" role=\"none\">\n\t\t\t\t<a href=\"https:\/\/chiang-mai-trekking.com\/\" class=\"wpml-ls-link\" role=\"menuitem\"  aria-label=\"Passer \u00e0 English\" title=\"Passer \u00e0 English\" >\n                                                        <img decoding=\"async\"\n            class=\"wpml-ls-flag iclflag\"\n            src=\"https:\/\/chiang-mai-trekking.com\/wp-content\/plugins\/sitepress-multilingual-cms\/res\/flags\/en.png\"\n            alt=\"\"\n            width=18\n            height=12\n    \/><span class=\"wpml-ls-native icl_lang_sel_native\" lang=\"en\">English<\/span><\/a>\n\t\t\t<\/li><li class=\"wpml-ls-slot-footer wpml-ls-item wpml-ls-item-fr wpml-ls-current-language wpml-ls-item-legacy-list-horizontal\" role=\"none\">\n\t\t\t\t<a href=\"https:\/\/chiang-mai-trekking.com\/fr\/\" class=\"wpml-ls-link\" role=\"menuitem\" >\n                                                        <img decoding=\"async\"\n            class=\"wpml-ls-flag iclflag\"\n            src=\"https:\/\/chiang-mai-trekking.com\/wp-content\/plugins\/sitepress-multilingual-cms\/res\/flags\/fr.png\"\n            alt=\"\"\n            width=18\n            height=12\n    \/><span class=\"wpml-ls-native icl_lang_sel_native\" role=\"menuitem\">Fran\u00e7ais<\/span><\/a>\n\t\t\t<\/li><li class=\"wpml-ls-slot-footer wpml-ls-item wpml-ls-item-de wpml-ls-last-item wpml-ls-item-legacy-list-horizontal\" role=\"none\">\n\t\t\t\t<a href=\"https:\/\/chiang-mai-trekking.com\/de\/\" class=\"wpml-ls-link\" role=\"menuitem\"  aria-label=\"Passer \u00e0 Deutsch\" title=\"Passer \u00e0 Deutsch\" >\n                                                        <img decoding=\"async\"\n            class=\"wpml-ls-flag iclflag\"\n            src=\"https:\/\/chiang-mai-trekking.com\/wp-content\/plugins\/sitepress-multilingual-cms\/res\/flags\/de.png\"\n            alt=\"\"\n            width=18\n            height=12\n    \/><span class=\"wpml-ls-native icl_lang_sel_native\" lang=\"de\">Deutsch<\/span><\/a>\n\t\t\t<\/li><\/ul>\n<\/div>\n\n","protected":false},"excerpt":{"rendered":"<p>Retrouvez ici toutes nos randonn\u00e9es sur trois jours et deux nuits dans la jungle thailandaise et ses tribus du nord, avec d\u00e9part et retour de votre hotel sur Chiang Mai ou Chiang Rai. Si vous souhaitez des options particuli\u00e8res, comme un guide francophone, rester une nuit de plus au village avec un retour le matin, [&hellip;]<\/p>\n","protected":false},"author":1,"featured_media":0,"parent":0,"menu_order":0,"comment_status":"closed","ping_status":"closed","template":"","meta":{"footnotes":""},"class_list":["post-4394","page","type-page","status-publish","hentry","entry"],"yoast_head":"<!-- This site is optimized with the Yoast SEO plugin v23.4 - https:\/\/yoast.com\/wordpress\/plugins\/seo\/ -->\n<title>Eco-trekking 3 jours 2 nuits Chiang Mai et Chiang Rai Thailande<\/title>\n<meta name=\"robots\" content=\"index, follow, max-snippet:-1, max-image-preview:large, max-video-preview:-1\" \/>\n<link rel=\"canonical\" href=\"https:\/\/chiang-mai-trekking.com\/fr\/eco-trekking-3-jours-2-nuits\/\" \/>\n<meta property=\"og:locale\" content=\"fr_FR\" \/>\n<meta property=\"og:type\" content=\"article\" \/>\n<meta property=\"og:title\" content=\"Eco-trekking 3 jours 2 nuits Chiang Mai et Chiang Rai Thailande\" \/>\n<meta property=\"og:description\" content=\"Retrouvez ici toutes nos randonn\u00e9es sur trois jours et deux nuits dans la jungle thailandaise et ses tribus du nord, avec d\u00e9part et retour de votre hotel sur Chiang Mai ou Chiang Rai. Si vous souhaitez des options particuli\u00e8res, comme un guide francophone, rester une nuit de plus au village avec un retour le matin, [&hellip;]\" \/>\n<meta property=\"og:url\" content=\"https:\/\/chiang-mai-trekking.com\/fr\/eco-trekking-3-jours-2-nuits\/\" \/>\n<meta property=\"og:site_name\" content=\"Chiang Mai trekking\" \/>\n<meta property=\"article:modified_time\" content=\"2023-12-17T08:50:02+00:00\" \/>\n<meta property=\"og:image\" content=\"https:\/\/chiang-mai-trekking.com\/wp-content\/uploads\/2017\/02\/Off-the-beaten-track-.png\" \/>\n\t<meta property=\"og:image:width\" content=\"940\" \/>\n\t<meta property=\"og:image:height\" content=\"788\" \/>\n\t<meta property=\"og:image:type\" content=\"image\/png\" \/>\n<meta name=\"twitter:card\" content=\"summary_large_image\" \/>\n<meta name=\"twitter:label1\" content=\"Dur\u00e9e de lecture estim\u00e9e\" \/>\n\t<meta name=\"twitter:data1\" content=\"1 minute\" \/>\n<script type=\"application\/ld+json\" class=\"yoast-schema-graph\">{\"@context\":\"https:\/\/schema.org\",\"@graph\":[{\"@type\":\"WebPage\",\"@id\":\"https:\/\/chiang-mai-trekking.com\/fr\/eco-trekking-3-jours-2-nuits\/\",\"url\":\"https:\/\/chiang-mai-trekking.com\/fr\/eco-trekking-3-jours-2-nuits\/\",\"name\":\"Eco-trekking 3 jours 2 nuits Chiang Mai et Chiang Rai Thailande\",\"isPartOf\":{\"@id\":\"https:\/\/chiang-mai-trekking.com\/fr\/#website\"},\"datePublished\":\"2022-02-15T23:13:02+00:00\",\"dateModified\":\"2023-12-17T08:50:02+00:00\",\"breadcrumb\":{\"@id\":\"https:\/\/chiang-mai-trekking.com\/fr\/eco-trekking-3-jours-2-nuits\/#breadcrumb\"},\"inLanguage\":\"fr-FR\",\"potentialAction\":[{\"@type\":\"ReadAction\",\"target\":[\"https:\/\/chiang-mai-trekking.com\/fr\/eco-trekking-3-jours-2-nuits\/\"]}]},{\"@type\":\"BreadcrumbList\",\"@id\":\"https:\/\/chiang-mai-trekking.com\/fr\/eco-trekking-3-jours-2-nuits\/#breadcrumb\",\"itemListElement\":[{\"@type\":\"ListItem\",\"position\":1,\"name\":\"Home\",\"item\":\"https:\/\/chiang-mai-trekking.com\/fr\/\"},{\"@type\":\"ListItem\",\"position\":2,\"name\":\"Eco-trekking 3 jours 2 nuits\"}]},{\"@type\":\"WebSite\",\"@id\":\"https:\/\/chiang-mai-trekking.com\/fr\/#website\",\"url\":\"https:\/\/chiang-mai-trekking.com\/fr\/\",\"name\":\"Chiang Mai trekking\",\"description\":\"Chiang Mai trekking, Trek \u00e0 Chiang Mai. R\u00e9server directement les meilleurs trek de Chiang Mai 1, 2 ou 3 jours en trekking.\",\"potentialAction\":[{\"@type\":\"SearchAction\",\"target\":{\"@type\":\"EntryPoint\",\"urlTemplate\":\"https:\/\/chiang-mai-trekking.com\/fr\/?s={search_term_string}\"},\"query-input\":{\"@type\":\"PropertyValueSpecification\",\"valueRequired\":true,\"valueName\":\"search_term_string\"}}],\"inLanguage\":\"fr-FR\"}]}<\/script>\n<!-- \/ Yoast SEO plugin. -->","yoast_head_json":{"title":"Eco-trekking 3 jours 2 nuits Chiang Mai et Chiang Rai Thailande","robots":{"index":"index","follow":"follow","max-snippet":"max-snippet:-1","max-image-preview":"max-image-preview:large","max-video-preview":"max-video-preview:-1"},"canonical":"https:\/\/chiang-mai-trekking.com\/fr\/eco-trekking-3-jours-2-nuits\/","og_locale":"fr_FR","og_type":"article","og_title":"Eco-trekking 3 jours 2 nuits Chiang Mai et Chiang Rai Thailande","og_description":"Retrouvez ici toutes nos randonn\u00e9es sur trois jours et deux nuits dans la jungle thailandaise et ses tribus du nord, avec d\u00e9part et retour de votre hotel sur Chiang Mai ou Chiang Rai. Si vous souhaitez des options particuli\u00e8res, comme un guide francophone, rester une nuit de plus au village avec un retour le matin, [&hellip;]","og_url":"https:\/\/chiang-mai-trekking.com\/fr\/eco-trekking-3-jours-2-nuits\/","og_site_name":"Chiang Mai trekking","article_modified_time":"2023-12-17T08:50:02+00:00","og_image":[{"width":940,"height":788,"url":"https:\/\/chiang-mai-trekking.com\/wp-content\/uploads\/2017\/02\/Off-the-beaten-track-.png","type":"image\/png"}],"twitter_card":"summary_large_image","twitter_misc":{"Dur\u00e9e de lecture estim\u00e9e":"1 minute"},"schema":{"@context":"https:\/\/schema.org","@graph":[{"@type":"WebPage","@id":"https:\/\/chiang-mai-trekking.com\/fr\/eco-trekking-3-jours-2-nuits\/","url":"https:\/\/chiang-mai-trekking.com\/fr\/eco-trekking-3-jours-2-nuits\/","name":"Eco-trekking 3 jours 2 nuits Chiang Mai et Chiang Rai Thailande","isPartOf":{"@id":"https:\/\/chiang-mai-trekking.com\/fr\/#website"},"datePublished":"2022-02-15T23:13:02+00:00","dateModified":"2023-12-17T08:50:02+00:00","breadcrumb":{"@id":"https:\/\/chiang-mai-trekking.com\/fr\/eco-trekking-3-jours-2-nuits\/#breadcrumb"},"inLanguage":"fr-FR","potentialAction":[{"@type":"ReadAction","target":["https:\/\/chiang-mai-trekking.com\/fr\/eco-trekking-3-jours-2-nuits\/"]}]},{"@type":"BreadcrumbList","@id":"https:\/\/chiang-mai-trekking.com\/fr\/eco-trekking-3-jours-2-nuits\/#breadcrumb","itemListElement":[{"@type":"ListItem","position":1,"name":"Home","item":"https:\/\/chiang-mai-trekking.com\/fr\/"},{"@type":"ListItem","position":2,"name":"Eco-trekking 3 jours 2 nuits"}]},{"@type":"WebSite","@id":"https:\/\/chiang-mai-trekking.com\/fr\/#website","url":"https:\/\/chiang-mai-trekking.com\/fr\/","name":"Chiang Mai trekking","description":"Chiang Mai trekking, Trek \u00e0 Chiang Mai. R\u00e9server directement les meilleurs trek de Chiang Mai 1, 2 ou 3 jours en trekking.","potentialAction":[{"@type":"SearchAction","target":{"@type":"EntryPoint","urlTemplate":"https:\/\/chiang-mai-trekking.com\/fr\/?s={search_term_string}"},"query-input":{"@type":"PropertyValueSpecification","valueRequired":true,"valueName":"search_term_string"}}],"inLanguage":"fr-FR"}]}},"_links":{"self":[{"href":"https:\/\/chiang-mai-trekking.com\/fr\/wp-json\/wp\/v2\/pages\/4394","targetHints":{"allow":["GET"]}}],"collection":[{"href":"https:\/\/chiang-mai-trekking.com\/fr\/wp-json\/wp\/v2\/pages"}],"about":[{"href":"https:\/\/chiang-mai-trekking.com\/fr\/wp-json\/wp\/v2\/types\/page"}],"author":[{"embeddable":true,"href":"https:\/\/chiang-mai-trekking.com\/fr\/wp-json\/wp\/v2\/users\/1"}],"replies":[{"embeddable":true,"href":"https:\/\/chiang-mai-trekking.com\/fr\/wp-json\/wp\/v2\/comments?post=4394"}],"version-history":[{"count":12,"href":"https:\/\/chiang-mai-trekking.com\/fr\/wp-json\/wp\/v2\/pages\/4394\/revisions"}],"predecessor-version":[{"id":5978,"href":"https:\/\/chiang-mai-trekking.com\/fr\/wp-json\/wp\/v2\/pages\/4394\/revisions\/5978"}],"wp:attachment":[{"href":"https:\/\/chiang-mai-trekking.com\/fr\/wp-json\/wp\/v2\/media?parent=4394"}],"curies":[{"name":"wp","href":"https:\/\/api.w.org\/{rel}","templated":true}]}}