{"id":4391,"date":"2022-02-16T05:58:01","date_gmt":"2022-02-15T22:58:01","guid":{"rendered":"https:\/\/chiang-mai-trekking.com\/?page_id=4391"},"modified":"2023-12-17T15:25:15","modified_gmt":"2023-12-17T08:25:15","slug":"eco-trekking-1-journee","status":"publish","type":"page","link":"https:\/\/chiang-mai-trekking.com\/fr\/eco-trekking-1-journee\/","title":{"rendered":"Eco-trekking 1 journ\u00e9e"},"content":{"rendered":"<p>Retrouvez ici toutes nos randonn\u00e9es sur <strong>une seule journ\u00e9e<\/strong> dans la <strong>jungle thailandaise et ses tribus du nord,<\/strong> avec d\u00e9part et retour de votre hotel sur Chiang Mai ou Chiang Rai.<br \/>\nSi vous souhaitez des options particuli\u00e8res, comme un guide francophone, rester une nuit de plus au village avec un retour le matin, une activit\u00e9 pr\u00e9cise... <a href=\"https:\/\/chiang-mai-trekking.com\/fr\/contactez-nous\/\">contactez-nous !<\/a> Nous sommes francophones et fran\u00e7ais !<br \/>\n<br \/>\nProgrammes: <a href=\"https:\/\/chiang-mai-trekking.com\/fr\/eco-trekking-1-journee\/\">1 journ\u00e9e<\/a> | <a href=\"https:\/\/chiang-mai-trekking.com\/fr\/eco-trekking-2-jours-1-nuit\/\">2 jours 1 nuit<\/a> | <a href=\"https:\/\/chiang-mai-trekking.com\/fr\/eco-trekking-3-jours-2-nuits\/\">3 jours 2 nuits<\/a> | <a href=\"https:\/\/chiang-mai-trekking.com\/fr\/cool-eco-trekkings\/\">Tous les trekkings<\/a><br \/>\n<br \/>\n<div class=\"row\"><div class=\"newTrekPage col-md-4\">   \r\n\t\t\t\t<div class=\"inside\" style=\"height:100%\">\r\n\t              <a href=\"https:\/\/chiang-mai-trekking.com\/fr\/journee-chiang-dao-detente-randonnee-prive-sources-chaudes\/\">\r\n\t                \t\t<p class=\"days\">&nbsp;\r\n\t                \t\t\t<span style=\"float:left;padding-right:6px\">\ud83d\udccd Chiang Dao<\/span>\r\n\t                \t\t\t<span style=\"float:right;padding-right:6px\">\ud83d\udd52 1 jour<\/span>\r\n\t                \t\t<\/p>\r\n\r\n\t                    <!-- <span style=\"position:absolute; right: 16px; padding: 3px; text-align:right; background-color: rgba(0,0,0,0.5);\"> -->\r\n\t                    \r\n\t                    <\/span>\r\n\t\t\t            <img decoding=\"async\" src=\"https:\/\/chiang-mai-trekking.com\/wp-content\/uploads\/2024\/02\/trekking-chiang-dao.jpg\" \/>\r\n\t\t\t              \r\n\t\t\t              \r\n\t\t\t              <p class=\"title\">Une journ\u00e9e \u00e0 Chiang Dao<\/p>\r\n\t\t\t              <p>D\u00e9tente et randonn\u00e9e en priv\u00e9 avec des sources chaudes dans une r\u00e9gion non touristique<\/p>\r\n\t\t\t             \r\n\r\n\t\t\t              <\/a>\r\n\t\t\t    <\/div>\r\n            <\/div><div class=\"newTrekPage col-md-4\">   \r\n\t\t\t\t<div class=\"inside\" style=\"height:100%\">\r\n\t              <a href=\"https:\/\/chiang-mai-trekking.com\/fr\/journee-randonnee-et-elephants\/\">\r\n\t                \t\t<p class=\"days\">&nbsp;\r\n\t                \t\t\t<span style=\"float:left;padding-right:6px\">\ud83d\udccd Chiang Mai<\/span>\r\n\t                \t\t\t<span style=\"float:right;padding-right:6px\">\ud83d\udd52 1 jour<\/span>\r\n\t                \t\t<\/p>\r\n\r\n\t                    <!-- <span style=\"position:absolute; right: 16px; padding: 3px; text-align:right; background-color: rgba(0,0,0,0.5);\"> -->\r\n\t                    \r\n\t                    <\/span>\r\n\t\t\t            <img decoding=\"async\" src=\"https:\/\/chiang-mai-trekking.com\/wp-content\/uploads\/2023\/12\/trekking-elephants-one-day.jpg\" \/>\r\n\t\t\t              \r\n\t\t\t              \r\n\t\t\t              <p class=\"title\">Journ\u00e9e \u00e9l\u00e9phants et randonn\u00e9e<\/p>\r\n\t\t\t              <p>Les incontournables en 1 seule journ\u00e9e ! D\u00e9couvrez les \u00e9l\u00e9phants, et profitez d'une rando en prive avec les Karen<\/p>\r\n\t\t\t             \r\n\r\n\t\t\t              <\/a>\r\n\t\t\t    <\/div>\r\n            <\/div><div class=\"newTrekPage col-md-4\">   \r\n\t\t\t\t<div class=\"inside\" style=\"height:100%\">\r\n\t              <a href=\"https:\/\/chiang-mai-trekking.com\/fr\/decouverte-village-tribu-karen\/\">\r\n\t                \t\t<p class=\"days\">&nbsp;\r\n\t                \t\t\t<span style=\"float:left;padding-right:6px\">\ud83d\udccd Chiang Mai<\/span>\r\n\t                \t\t\t<span style=\"float:right;padding-right:6px\">\ud83d\udd52 1 jour<\/span>\r\n\t                \t\t<\/p>\r\n\r\n\t                    <!-- <span style=\"position:absolute; right: 16px; padding: 3px; text-align:right; background-color: rgba(0,0,0,0.5);\"> -->\r\n\t                    \r\n\t                    <\/span>\r\n\t\t\t            <img decoding=\"async\" src=\"https:\/\/chiang-mai-trekking.com\/wp-content\/uploads\/2022\/02\/decouverte-village-tribu-karen-1jour-chiangmai-thailande_thumb.jpg\" \/>\r\n\t\t\t              \r\n\t\t\t              \r\n\t\t\t              <p class=\"title\">D\u00e9couverte d'un village de tribu Karen<\/p>\r\n\t\t\t              <p>Pas de marche, mais la m\u00eame authenticit\u00e9 ! Sur une journ\u00e9e, laissez-vous transporter par votre guide local dans la vie des tribus montagnardes.<\/p>\r\n\t\t\t             \r\n\r\n\t\t\t              <\/a>\r\n\t\t\t    <\/div>\r\n            <\/div><div class=\"newTrekPage col-md-4\">   \r\n\t\t\t\t<div class=\"inside\" style=\"height:100%\">\r\n\t              <a href=\"https:\/\/chiang-mai-trekking.com\/fr\/1-jour-au-parc-national-de-doi-inthanon\/\">\r\n\t                \t\t<p class=\"days\">&nbsp;\r\n\t                \t\t\t<span style=\"float:left;padding-right:6px\">\ud83d\udccd Chiang Mai<\/span>\r\n\t                \t\t\t<span style=\"float:right;padding-right:6px\">\ud83d\udd52 1 jour<\/span>\r\n\t                \t\t<\/p>\r\n\r\n\t                    <!-- <span style=\"position:absolute; right: 16px; padding: 3px; text-align:right; background-color: rgba(0,0,0,0.5);\"> -->\r\n\t                    \r\n\t                    <\/span>\r\n\t\t\t            <img decoding=\"async\" src=\"https:\/\/chiang-mai-trekking.com\/wp-content\/uploads\/2022\/02\/trekking-doi-inthanon-national-park-chiangmai-thailand-private-9.jpg\" \/>\r\n\t\t\t              \r\n\t\t\t              \r\n\t\t\t              <p class=\"title\">1 jour au Parc National de Doi Inthanon<\/p>\r\n\t\t\t              <p>Visite et trekking dans la m\u00eame journ\u00e9e. D\u00e9couvrez en priv\u00e9 le parc national le plus c\u00e9l\u00e8bre de Tha\u00eflande et sa nature luxuriante.<\/p>\r\n\t\t\t             \r\n\r\n\t\t\t              <\/a>\r\n\t\t\t    <\/div>\r\n            <\/div><div class=\"newTrekPage col-md-4\">   \r\n\t\t\t\t<div class=\"inside\" style=\"height:100%\">\r\n\t              <a href=\"https:\/\/chiang-mai-trekking.com\/fr\/trek-un-jour-mae-sa-pok\/\">\r\n\t                \t\t<p class=\"days\">&nbsp;\r\n\t                \t\t\t<span style=\"float:left;padding-right:6px\">\ud83d\udccd Chiang Mai<\/span>\r\n\t                \t\t\t<span style=\"float:right;padding-right:6px\">\ud83d\udd52 1 jour<\/span>\r\n\t                \t\t<\/p>\r\n\r\n\t                    <!-- <span style=\"position:absolute; right: 16px; padding: 3px; text-align:right; background-color: rgba(0,0,0,0.5);\"> -->\r\n\t                    \r\n\t                    <\/span>\r\n\t\t\t            <img decoding=\"async\" src=\"https:\/\/chiang-mai-trekking.com\/wp-content\/uploads\/2015\/03\/Mae-wang-8-500x333.jpg\" \/>\r\n\t\t\t              \r\n\t\t\t              \r\n\t\t\t              <p class=\"title\">Trek une journ\u00e9e \u00e0 Mae Sa Pok, village de Karens Blancs<\/p>\r\n\t\t\t              <p>Une rando dans la jungle et rizi\u00e8res ( en saison) aussi bien pour la famille que pour les sportifs!<\/p>\r\n\t\t\t             \r\n\r\n\t\t\t              <\/a>\r\n\t\t\t    <\/div>\r\n            <\/div><\/div><\/p>\n\n<div class=\"wpml-ls-statics-footer wpml-ls wpml-ls-legacy-list-horizontal\" id=\"lang_sel_footer\">\n\t<ul role=\"menu\"><li class=\"wpml-ls-slot-footer wpml-ls-item wpml-ls-item-en wpml-ls-first-item wpml-ls-item-legacy-list-horizontal\" role=\"none\">\n\t\t\t\t<a href=\"https:\/\/chiang-mai-trekking.com\/\" class=\"wpml-ls-link\" role=\"menuitem\"  aria-label=\"Passer \u00e0 English\" title=\"Passer \u00e0 English\" >\n                                                        <img decoding=\"async\"\n            class=\"wpml-ls-flag iclflag\"\n            src=\"https:\/\/chiang-mai-trekking.com\/wp-content\/plugins\/sitepress-multilingual-cms\/res\/flags\/en.png\"\n            alt=\"\"\n            width=18\n            height=12\n    \/><span class=\"wpml-ls-native icl_lang_sel_native\" lang=\"en\">English<\/span><\/a>\n\t\t\t<\/li><li class=\"wpml-ls-slot-footer wpml-ls-item wpml-ls-item-fr wpml-ls-current-language wpml-ls-item-legacy-list-horizontal\" role=\"none\">\n\t\t\t\t<a href=\"https:\/\/chiang-mai-trekking.com\/fr\/\" class=\"wpml-ls-link\" role=\"menuitem\" >\n                                                        <img decoding=\"async\"\n            class=\"wpml-ls-flag iclflag\"\n            src=\"https:\/\/chiang-mai-trekking.com\/wp-content\/plugins\/sitepress-multilingual-cms\/res\/flags\/fr.png\"\n            alt=\"\"\n            width=18\n            height=12\n    \/><span class=\"wpml-ls-native icl_lang_sel_native\" role=\"menuitem\">Fran\u00e7ais<\/span><\/a>\n\t\t\t<\/li><li class=\"wpml-ls-slot-footer wpml-ls-item wpml-ls-item-de wpml-ls-last-item wpml-ls-item-legacy-list-horizontal\" role=\"none\">\n\t\t\t\t<a href=\"https:\/\/chiang-mai-trekking.com\/de\/\" class=\"wpml-ls-link\" role=\"menuitem\"  aria-label=\"Passer \u00e0 Deutsch\" title=\"Passer \u00e0 Deutsch\" >\n                                                        <img decoding=\"async\"\n            class=\"wpml-ls-flag iclflag\"\n            src=\"https:\/\/chiang-mai-trekking.com\/wp-content\/plugins\/sitepress-multilingual-cms\/res\/flags\/de.png\"\n            alt=\"\"\n            width=18\n            height=12\n    \/><span class=\"wpml-ls-native icl_lang_sel_native\" lang=\"de\">Deutsch<\/span><\/a>\n\t\t\t<\/li><\/ul>\n<\/div>\n\n","protected":false},"excerpt":{"rendered":"<p>Retrouvez ici toutes nos randonn\u00e9es sur une seule journ\u00e9e dans la jungle thailandaise et ses tribus du nord, avec d\u00e9part et retour de votre hotel sur Chiang Mai ou Chiang Rai. Si vous souhaitez des options particuli\u00e8res, comme un guide francophone, rester une nuit de plus au village avec un retour le matin, une activit\u00e9 [&hellip;]<\/p>\n","protected":false},"author":1,"featured_media":0,"parent":0,"menu_order":0,"comment_status":"closed","ping_status":"closed","template":"","meta":{"footnotes":""},"class_list":["post-4391","page","type-page","status-publish","hentry","entry"],"yoast_head":"<!-- This site is optimized with the Yoast SEO plugin v27.3 - https:\/\/yoast.com\/product\/yoast-seo-wordpress\/ -->\n<title>Eco-trekking 1 journ\u00e9e Chiang Mai et Chiang Rai Thailande<\/title>\n<meta name=\"robots\" content=\"index, follow, max-snippet:-1, max-image-preview:large, max-video-preview:-1\" \/>\n<link rel=\"canonical\" href=\"https:\/\/chiang-mai-trekking.com\/fr\/eco-trekking-1-journee\/\" \/>\n<meta property=\"og:locale\" content=\"fr_FR\" \/>\n<meta property=\"og:type\" content=\"article\" \/>\n<meta property=\"og:title\" content=\"Eco-trekking 1 journ\u00e9e Chiang Mai et Chiang Rai Thailande\" \/>\n<meta property=\"og:description\" content=\"Retrouvez ici toutes nos randonn\u00e9es sur une seule journ\u00e9e dans la jungle thailandaise et ses tribus du nord, avec d\u00e9part et retour de votre hotel sur Chiang Mai ou Chiang Rai. Si vous souhaitez des options particuli\u00e8res, comme un guide francophone, rester une nuit de plus au village avec un retour le matin, une activit\u00e9 [&hellip;]\" \/>\n<meta property=\"og:url\" content=\"https:\/\/chiang-mai-trekking.com\/fr\/eco-trekking-1-journee\/\" \/>\n<meta property=\"og:site_name\" content=\"Chiang Mai trekking\" \/>\n<meta property=\"article:modified_time\" content=\"2023-12-17T08:25:15+00:00\" \/>\n<meta property=\"og:image\" content=\"https:\/\/chiang-mai-trekking.com\/wp-content\/uploads\/2017\/02\/Off-the-beaten-track-.png\" \/>\n\t<meta property=\"og:image:width\" content=\"940\" \/>\n\t<meta property=\"og:image:height\" content=\"788\" \/>\n\t<meta property=\"og:image:type\" content=\"image\/png\" \/>\n<meta name=\"twitter:card\" content=\"summary_large_image\" \/>\n<meta name=\"twitter:label1\" content=\"Dur\u00e9e de lecture estim\u00e9e\" \/>\n\t<meta name=\"twitter:data1\" content=\"1 minute\" \/>\n<script type=\"application\/ld+json\" class=\"yoast-schema-graph\">{\"@context\":\"https:\\\/\\\/schema.org\",\"@graph\":[{\"@type\":\"WebPage\",\"@id\":\"https:\\\/\\\/chiang-mai-trekking.com\\\/fr\\\/eco-trekking-1-journee\\\/\",\"url\":\"https:\\\/\\\/chiang-mai-trekking.com\\\/fr\\\/eco-trekking-1-journee\\\/\",\"name\":\"Eco-trekking 1 journ\u00e9e Chiang Mai et Chiang Rai Thailande\",\"isPartOf\":{\"@id\":\"https:\\\/\\\/chiang-mai-trekking.com\\\/fr\\\/#website\"},\"datePublished\":\"2022-02-15T22:58:01+00:00\",\"dateModified\":\"2023-12-17T08:25:15+00:00\",\"breadcrumb\":{\"@id\":\"https:\\\/\\\/chiang-mai-trekking.com\\\/fr\\\/eco-trekking-1-journee\\\/#breadcrumb\"},\"inLanguage\":\"fr-FR\",\"potentialAction\":[{\"@type\":\"ReadAction\",\"target\":[\"https:\\\/\\\/chiang-mai-trekking.com\\\/fr\\\/eco-trekking-1-journee\\\/\"]}]},{\"@type\":\"BreadcrumbList\",\"@id\":\"https:\\\/\\\/chiang-mai-trekking.com\\\/fr\\\/eco-trekking-1-journee\\\/#breadcrumb\",\"itemListElement\":[{\"@type\":\"ListItem\",\"position\":1,\"name\":\"Home\",\"item\":\"https:\\\/\\\/chiang-mai-trekking.com\\\/fr\\\/\"},{\"@type\":\"ListItem\",\"position\":2,\"name\":\"Eco-trekking 1 journ\u00e9e\"}]},{\"@type\":\"WebSite\",\"@id\":\"https:\\\/\\\/chiang-mai-trekking.com\\\/fr\\\/#website\",\"url\":\"https:\\\/\\\/chiang-mai-trekking.com\\\/fr\\\/\",\"name\":\"Chiang Mai trekking\",\"description\":\"Chiang Mai trekking, Trek \u00e0 Chiang Mai. R\u00e9server directement les meilleurs trek de Chiang Mai 1, 2 ou 3 jours en trekking.\",\"potentialAction\":[{\"@type\":\"SearchAction\",\"target\":{\"@type\":\"EntryPoint\",\"urlTemplate\":\"https:\\\/\\\/chiang-mai-trekking.com\\\/fr\\\/?s={search_term_string}\"},\"query-input\":{\"@type\":\"PropertyValueSpecification\",\"valueRequired\":true,\"valueName\":\"search_term_string\"}}],\"inLanguage\":\"fr-FR\"}]}<\/script>\n<!-- \/ Yoast SEO plugin. -->","yoast_head_json":{"title":"Eco-trekking 1 journ\u00e9e Chiang Mai et Chiang Rai Thailande","robots":{"index":"index","follow":"follow","max-snippet":"max-snippet:-1","max-image-preview":"max-image-preview:large","max-video-preview":"max-video-preview:-1"},"canonical":"https:\/\/chiang-mai-trekking.com\/fr\/eco-trekking-1-journee\/","og_locale":"fr_FR","og_type":"article","og_title":"Eco-trekking 1 journ\u00e9e Chiang Mai et Chiang Rai Thailande","og_description":"Retrouvez ici toutes nos randonn\u00e9es sur une seule journ\u00e9e dans la jungle thailandaise et ses tribus du nord, avec d\u00e9part et retour de votre hotel sur Chiang Mai ou Chiang Rai. Si vous souhaitez des options particuli\u00e8res, comme un guide francophone, rester une nuit de plus au village avec un retour le matin, une activit\u00e9 [&hellip;]","og_url":"https:\/\/chiang-mai-trekking.com\/fr\/eco-trekking-1-journee\/","og_site_name":"Chiang Mai trekking","article_modified_time":"2023-12-17T08:25:15+00:00","og_image":[{"width":940,"height":788,"url":"https:\/\/chiang-mai-trekking.com\/wp-content\/uploads\/2017\/02\/Off-the-beaten-track-.png","type":"image\/png"}],"twitter_card":"summary_large_image","twitter_misc":{"Dur\u00e9e de lecture estim\u00e9e":"1 minute"},"schema":{"@context":"https:\/\/schema.org","@graph":[{"@type":"WebPage","@id":"https:\/\/chiang-mai-trekking.com\/fr\/eco-trekking-1-journee\/","url":"https:\/\/chiang-mai-trekking.com\/fr\/eco-trekking-1-journee\/","name":"Eco-trekking 1 journ\u00e9e Chiang Mai et Chiang Rai Thailande","isPartOf":{"@id":"https:\/\/chiang-mai-trekking.com\/fr\/#website"},"datePublished":"2022-02-15T22:58:01+00:00","dateModified":"2023-12-17T08:25:15+00:00","breadcrumb":{"@id":"https:\/\/chiang-mai-trekking.com\/fr\/eco-trekking-1-journee\/#breadcrumb"},"inLanguage":"fr-FR","potentialAction":[{"@type":"ReadAction","target":["https:\/\/chiang-mai-trekking.com\/fr\/eco-trekking-1-journee\/"]}]},{"@type":"BreadcrumbList","@id":"https:\/\/chiang-mai-trekking.com\/fr\/eco-trekking-1-journee\/#breadcrumb","itemListElement":[{"@type":"ListItem","position":1,"name":"Home","item":"https:\/\/chiang-mai-trekking.com\/fr\/"},{"@type":"ListItem","position":2,"name":"Eco-trekking 1 journ\u00e9e"}]},{"@type":"WebSite","@id":"https:\/\/chiang-mai-trekking.com\/fr\/#website","url":"https:\/\/chiang-mai-trekking.com\/fr\/","name":"Chiang Mai trekking","description":"Chiang Mai trekking, Trek \u00e0 Chiang Mai. R\u00e9server directement les meilleurs trek de Chiang Mai 1, 2 ou 3 jours en trekking.","potentialAction":[{"@type":"SearchAction","target":{"@type":"EntryPoint","urlTemplate":"https:\/\/chiang-mai-trekking.com\/fr\/?s={search_term_string}"},"query-input":{"@type":"PropertyValueSpecification","valueRequired":true,"valueName":"search_term_string"}}],"inLanguage":"fr-FR"}]}},"_links":{"self":[{"href":"https:\/\/chiang-mai-trekking.com\/fr\/wp-json\/wp\/v2\/pages\/4391","targetHints":{"allow":["GET"]}}],"collection":[{"href":"https:\/\/chiang-mai-trekking.com\/fr\/wp-json\/wp\/v2\/pages"}],"about":[{"href":"https:\/\/chiang-mai-trekking.com\/fr\/wp-json\/wp\/v2\/types\/page"}],"author":[{"embeddable":true,"href":"https:\/\/chiang-mai-trekking.com\/fr\/wp-json\/wp\/v2\/users\/1"}],"replies":[{"embeddable":true,"href":"https:\/\/chiang-mai-trekking.com\/fr\/wp-json\/wp\/v2\/comments?post=4391"}],"version-history":[{"count":13,"href":"https:\/\/chiang-mai-trekking.com\/fr\/wp-json\/wp\/v2\/pages\/4391\/revisions"}],"predecessor-version":[{"id":5970,"href":"https:\/\/chiang-mai-trekking.com\/fr\/wp-json\/wp\/v2\/pages\/4391\/revisions\/5970"}],"wp:attachment":[{"href":"https:\/\/chiang-mai-trekking.com\/fr\/wp-json\/wp\/v2\/media?parent=4391"}],"curies":[{"name":"wp","href":"https:\/\/api.w.org\/{rel}","templated":true}]}}