{"id":292,"date":"2012-02-26T20:25:26","date_gmt":"2012-02-26T13:25:26","guid":{"rendered":"http:\/\/chiang-mai-trekking.com\/trekking-1-jour\/"},"modified":"2012-02-26T20:25:26","modified_gmt":"2012-02-26T13:25:26","slug":"trekking-1-jour","status":"publish","type":"page","link":"https:\/\/chiang-mai-trekking.com\/fr\/trekking-1-jour\/","title":{"rendered":"Trekking 1 jour"},"content":{"rendered":"<p>D\u00e9part de votre logement ver 8h00 \u00e0 8h30 dans le matin, retours vers 17h30 Venons d\u00e9couvrir Chiang Ma\u00ef avec joie gr\u00e2ce \u00e0 ce trek d\u2019une journ\u00e9e, ce n\u2019est pas seulement vous qui ferez le trek dans la jungle verte et\u00a0 luxuriante pour quelques heures, mais\u00a0 vous aurez l\u2019occasion de visiter la ferme aux orchid\u00e9es de papillons apr\u00e8s \u00eatre parti de votre guesthouse ou votre h\u00f4tel. Ensuite, vous aurez l\u2019occasion de visiter le camp de l\u2019\u00e9l\u00e9phant et de toucher l\u2019excursion dans la for\u00eat o\u00f9 vous pourrez\u00a0 vous reposer \u00e0 la chute d\u2019eau et\u00a0 \u00e9galement vous pourrez prendre la baignade. Vous continuerez votre journ\u00e9e, durant\u00a0 \u00e0 peu pr\u00e8s 1 heure, \u00e0 marcher en grimpant jusqu\u2019au village de Shan, une tribu montagnard et vous prenez le d\u00e9jeuner l\u00e0-bas. Apr\u00e8s avoir pris le repas d\u00e9licieux, vous rejoindrez des activit\u00e9s passionnantes\u00a0; Rafting en eau vive, bambou rafting, ces deux raftings durent \u00e0 peu pr\u00e8s une heure et demie mais cela d\u00e9pend de la fonction de chaque saison. Et ensuite, vous aurez l\u2019occasion de fr\u00e9quenter le village Akha, une tribu montagnarde avant de retourner \u00e0 Chiang Ma\u00ef. C\u2019est un id\u00e9al voyage pour tout le monde qui n\u2019a pas de temps mais vous aurez l\u2019occasion de d\u00e9couvrir ce que c\u2019est la r\u00e9gion du nord de Tha\u00eflande et ce qu\u2019elle nous offre dans la journ\u00e9e. C\u2019est seulement\u00a0 1.30 heure de centre ville \u00e0 Mae Taeng. <strong><span style=\"background-color: #ffff00;\">R\u00e9servez maintenant<\/span> -<span lang=\"FR\"> Commodit\u00e9s\u00a0: venir vous chercher dans votre logement et vous d\u00e9poser pour votre retour \u2013 Enti\u00e8rement flexible\u00a0: R\u00e9servation 48 heurs en avant. Disponible tous les jours.<\/span><\/strong><span style=\"font-size: 12px;\"><em>(\u00e0 peu pr\u00e8s 39 USD or 29 Euros)<\/em><\/span><\/p>\n<form action=\"https:\/\/www.paypal.com\/cgi-bin\/webscr\" method=\"post\"><input type=\"hidden\" name=\"cmd\" value=\"_s-xclick\" \/> <input type=\"hidden\" name=\"hosted_button_id\" value=\"WLVJH2NYD7X7Q\" \/><\/p>\n<table>\n<tbody>\n<tr>\n<td><input type=\"hidden\" name=\"on0\" value=\"How many participant?\" \/>How many participant?<\/td>\n<\/tr>\n<tr>\n<td><select name=\"os0\"><option value=\"1 person\">1 person\u0e3f1,300.00 THB<\/option><option value=\"2 persons\">2 persons\u0e3f2,600.00 THB<\/option><option value=\"3  persons\">3 persons\u0e3f3,900.00 THB<\/option><option value=\"4 persons\">4 persons\u0e3f5,200.00 THB<\/option><option value=\"5 persons\">5 persons\u0e3f6,500.00 THB<\/option><option value=\"6 persons\">6 persons\u0e3f7,800.00 THB<\/option><option value=\"7 persons\">7 persons\u0e3f9,100.00 THB<\/option><option value=\"8 persons\">8 persons\u0e3f10,400.00 THB<\/option><option value=\"9 persons\">9 persons\u0e3f11,700.00 THB<\/option><option value=\"10 persons\">10 persons\u0e3f13,000.00 THB<\/option><\/select><\/td>\n<\/tr>\n<tr>\n<td><input type=\"hidden\" name=\"on1\" value=\"Pickup me at\" \/>Pickup me at<\/td>\n<\/tr>\n<tr>\n<td><select name=\"os1\"><option value=\"My hotel\">My hotel<\/option><option value=\"Cool Asia Travel\">Cool Asia Travel<\/option><\/select><\/td>\n<\/tr>\n<\/tbody>\n<\/table>\n<p><input type=\"hidden\" name=\"currency_code\" value=\"THB\" \/> <input type=\"image\" alt=\"PayPal \u2014 The safer, easier way to pay online.\" name=\"submit\" src=\"https:\/\/www.paypalobjects.com\/en_GB\/TH\/i\/btn\/btn_buynowCC_LG.gif\" \/> <img loading=\"lazy\" decoding=\"async\" alt=\"\" src=\"https:\/\/www.paypalobjects.com\/en_GB\/i\/scr\/pixel.gif\" width=\"1\" height=\"1\" border=\"0\" \/><\/form>\n<p><strong><span lang=\"FR\">Points-cl\u00e9<\/span>s:<\/strong><\/p>\n<ul>\n<ul>\n<li>Petit group, douze personnes au maximum (4-9 en g\u00e9n\u00e9ral)<\/li>\n<li>Calme et hors de la ville, surtout le lieu des touristes<\/li>\n<li>Milieu naturel et environnemental<\/li>\n<li>Transportation: aller-retour de votre h\u00f4tel ou votre guesthouse<\/li>\n<li>Guide local et professionnel parlant anglais<\/li>\n<li>Excursion en \u00e9l\u00e9phant (30 minuits - 1 heure)<\/li>\n<li>Rafting en eau vive (30 minuits - 1 heure)<\/li>\n<li>Bambou rafting (20-30 minuits)<\/li>\n<li>Ascension de la montagne dans la jungle (Approx 2 heures)<\/li>\n<li>Village de la tribu Ahka<\/li>\n<li>Ferme aux orchid\u00e9es et de papillons<\/li>\n<li>Chaute d'eau<\/li>\n<li>Tous les repas (repas v\u00e9g\u00e9tariens sont toujours disponibles selon le demande)<\/li>\n<li>Assurance accidentelle<\/li>\n<li>Trek respectant le r\u00e9sidant du village de tribu montagnarde<\/li>\n<li>Pour la joie et l'exp\u00e9rience amicale<\/li>\n<li>Service y compris le guide et le staff<\/li>\n<li>Membre de l'affaire du tourisme<\/li>\n<li>Plus de 13 ans d'exp\u00e9rience: Plus de 13 ans d\u2019exp\u00e9rience: les treks sont organises par des entreprises tierces selectionees et operant avec licence.<\/li>\n<li>Plus d'un million clients satisfaisants<\/li>\n<li>Meilleure prix ainsi que la qualit\u00e9 qarantie<\/li>\n<\/ul>\n<\/ul>\n<p><strong>Prix par personne: 1,190 Thb <\/strong><span style=\"font-size: 8px;\"><em><span style=\"font-size: 12px;\">(\u00e0 peu pr\u00e8s 39 USD ou 29 Euros)<\/span><strong>\u00a0\u00a0\u00a0\u00a0\u00a0\u00a0\u00a0\u00a0\u00a0\u00a0\u00a0\u00a0\u00a0\u00a0\u00a0\u00a0\u00a0\u00a0 \u00a0 \u00a0 \u00a0 \u00a0 \u00a0 \u00a0\u00a0\u00a0\u00a0 <\/strong><\/em><\/span> <strong><span style=\"background-color: #ffff00;\">R\u00e9servez maintenant<\/span> - Commodit\u00e9s\u00a0: venir vous chercher dans votre logement et vous d\u00e9poser pour votre retour \u2013 Enti\u00e8rement flexible\u00a0: R\u00e9servation 48 heurs en avant. Disponible tous les jours. <\/strong><\/p>\n<form action=\"https:\/\/www.paypal.com\/cgi-bin\/webscr\" method=\"post\"><input type=\"hidden\" name=\"cmd\" value=\"_s-xclick\" \/> <input type=\"hidden\" name=\"hosted_button_id\" value=\"WLVJH2NYD7X7Q\" \/><\/p>\n<table>\n<tbody>\n<tr>\n<td><input type=\"hidden\" name=\"on0\" value=\"How many participant?\" \/>How many participant?<\/td>\n<\/tr>\n<tr>\n<td><select name=\"os0\"><option value=\"1 person\">1 personne \u0e3f1,190.00 THB<\/option><option value=\"2 persons\">2 personnes \u0e3f2,380.00 THB<\/option><option value=\"3  persons\">3 personnes \u0e3f3,570.00 THB<\/option><option value=\"4 persons\">4 personnes \u0e3f4,760.00 THB<\/option><option value=\"5 persons\">5 personnes \u0e3f5,950.00 THB<\/option><option value=\"6 persons\">6 personnes \u0e3f7,140.00 THB<\/option><option value=\"7 persons\">7 personnes \u0e3f8,330.00 THB<\/option><option value=\"8 persons\">8 personnes \u0e3f9,520.00 THB<\/option><option value=\"9 persons\">9 personnes \u0e3f10,710.00 THB<\/option><option value=\"10 persons\">10 personnes \u0e3f11,900.00 THB<\/option><\/select><\/td>\n<\/tr>\n<tr>\n<td><input type=\"hidden\" name=\"on1\" value=\"Pickup me at\" \/>Pickup me at<\/td>\n<\/tr>\n<tr>\n<td><select name=\"os1\"><option value=\"My hotel\">Mon h\u00f4tel<\/option><option value=\"Cool Asia Travel\">Cool Asia Travel<\/option><\/select><\/td>\n<\/tr>\n<\/tbody>\n<\/table>\n<p><input type=\"hidden\" name=\"currency_code\" value=\"THB\" \/> <input type=\"image\" alt=\"PayPal \u2014 The safer, easier way to pay online.\" name=\"submit\" src=\"https:\/\/www.paypalobjects.com\/en_GB\/TH\/i\/btn\/btn_buynowCC_LG.gif\" \/> <img loading=\"lazy\" decoding=\"async\" alt=\"\" src=\"https:\/\/www.paypalobjects.com\/en_GB\/i\/scr\/pixel.gif\" width=\"1\" height=\"1\" border=\"0\" \/><\/form>\n<p><a href=\"http:\/\/chiang-mai-trekking.com\/wp-content\/uploads\/2012\/02\/trekking-white-water-rafting1.jpg\"><img loading=\"lazy\" decoding=\"async\" class=\"alignnone  wp-image-83\" title=\"trekking white water rafting\" alt=\"\" src=\"http:\/\/chiang-mai-trekking.com\/wp-content\/uploads\/2012\/02\/trekking-white-water-rafting1-199x300.jpg\" width=\"164\" height=\"199\" \/><\/a><a href=\"http:\/\/chiang-mai-trekking.com\/wp-content\/uploads\/2012\/02\/elepgant-trekking-chiang-mai.jpg\"><img loading=\"lazy\" decoding=\"async\" class=\"alignnone  wp-image-84\" title=\"elepgant-trekking-chiang-mai\" alt=\"\" src=\"http:\/\/chiang-mai-trekking.com\/wp-content\/uploads\/2012\/02\/elepgant-trekking-chiang-mai-300x199.jpg\" width=\"352\" height=\"199\" \/><\/a> Ce trek est le plus appropri\u00e9 pour des jeunes voyageurs, il n\u2019est pas appropri\u00e9 pour des personnes \u00e2g\u00e9es ou la famille ayant un petit enfant.<\/p>\n","protected":false},"excerpt":{"rendered":"<p>D\u00e9part de votre logement ver 8h00 \u00e0 8h30 dans le matin, retours vers 17h30 Venons d\u00e9couvrir Chiang Ma\u00ef avec joie gr\u00e2ce \u00e0 ce trek d\u2019une journ\u00e9e, ce n\u2019est pas seulement vous qui ferez le trek dans la jungle verte et\u00a0 luxuriante pour quelques heures, mais\u00a0 vous aurez l\u2019occasion de visiter la ferme aux orchid\u00e9es de [&hellip;]<\/p>\n","protected":false},"author":1,"featured_media":0,"parent":0,"menu_order":0,"comment_status":"closed","ping_status":"closed","template":"","meta":{"footnotes":""},"class_list":["post-292","page","type-page","status-publish","hentry","entry"],"yoast_head":"<!-- This site is optimized with the Yoast SEO plugin v27.3 - https:\/\/yoast.com\/product\/yoast-seo-wordpress\/ -->\n<title>Trekking 1 jour<\/title>\n<meta name=\"description\" content=\"Reservez votre trekking 1 jour a Chiang Mai, video et reservation: cliquez ici\" \/>\n<meta name=\"robots\" content=\"index, follow, max-snippet:-1, max-image-preview:large, max-video-preview:-1\" \/>\n<link rel=\"canonical\" href=\"https:\/\/chiang-mai-trekking.com\/fr\/trekking-1-jour\/\" \/>\n<meta property=\"og:locale\" content=\"fr_FR\" \/>\n<meta property=\"og:type\" content=\"article\" \/>\n<meta property=\"og:title\" content=\"Trekking 1 jour\" \/>\n<meta property=\"og:description\" content=\"Reservez votre trekking 1 jour a Chiang Mai, video et reservation: cliquez ici\" \/>\n<meta property=\"og:url\" content=\"https:\/\/chiang-mai-trekking.com\/fr\/trekking-1-jour\/\" \/>\n<meta property=\"og:site_name\" content=\"Chiang Mai trekking\" \/>\n<meta property=\"og:image\" content=\"https:\/\/www.paypalobjects.com\/en_GB\/i\/scr\/pixel.gif\" \/>\n<meta name=\"twitter:card\" content=\"summary_large_image\" \/>\n<meta name=\"twitter:label1\" content=\"Dur\u00e9e de lecture estim\u00e9e\" \/>\n\t<meta name=\"twitter:data1\" content=\"3 minutes\" \/>\n<script type=\"application\/ld+json\" class=\"yoast-schema-graph\">{\"@context\":\"https:\\\/\\\/schema.org\",\"@graph\":[{\"@type\":\"WebPage\",\"@id\":\"https:\\\/\\\/chiang-mai-trekking.com\\\/fr\\\/trekking-1-jour\\\/\",\"url\":\"https:\\\/\\\/chiang-mai-trekking.com\\\/fr\\\/trekking-1-jour\\\/\",\"name\":\"Trekking 1 jour\",\"isPartOf\":{\"@id\":\"https:\\\/\\\/chiang-mai-trekking.com\\\/fr\\\/#website\"},\"primaryImageOfPage\":{\"@id\":\"https:\\\/\\\/chiang-mai-trekking.com\\\/fr\\\/trekking-1-jour\\\/#primaryimage\"},\"image\":{\"@id\":\"https:\\\/\\\/chiang-mai-trekking.com\\\/fr\\\/trekking-1-jour\\\/#primaryimage\"},\"thumbnailUrl\":\"https:\\\/\\\/www.paypalobjects.com\\\/en_GB\\\/i\\\/scr\\\/pixel.gif\",\"datePublished\":\"2012-02-26T13:25:26+00:00\",\"description\":\"Reservez votre trekking 1 jour a Chiang Mai, video et reservation: cliquez ici\",\"breadcrumb\":{\"@id\":\"https:\\\/\\\/chiang-mai-trekking.com\\\/fr\\\/trekking-1-jour\\\/#breadcrumb\"},\"inLanguage\":\"fr-FR\",\"potentialAction\":[{\"@type\":\"ReadAction\",\"target\":[\"https:\\\/\\\/chiang-mai-trekking.com\\\/fr\\\/trekking-1-jour\\\/\"]}]},{\"@type\":\"ImageObject\",\"inLanguage\":\"fr-FR\",\"@id\":\"https:\\\/\\\/chiang-mai-trekking.com\\\/fr\\\/trekking-1-jour\\\/#primaryimage\",\"url\":\"https:\\\/\\\/www.paypalobjects.com\\\/en_GB\\\/i\\\/scr\\\/pixel.gif\",\"contentUrl\":\"https:\\\/\\\/www.paypalobjects.com\\\/en_GB\\\/i\\\/scr\\\/pixel.gif\"},{\"@type\":\"BreadcrumbList\",\"@id\":\"https:\\\/\\\/chiang-mai-trekking.com\\\/fr\\\/trekking-1-jour\\\/#breadcrumb\",\"itemListElement\":[{\"@type\":\"ListItem\",\"position\":1,\"name\":\"Home\",\"item\":\"https:\\\/\\\/chiang-mai-trekking.com\\\/fr\\\/\"},{\"@type\":\"ListItem\",\"position\":2,\"name\":\"Trekking 1 jour\"}]},{\"@type\":\"WebSite\",\"@id\":\"https:\\\/\\\/chiang-mai-trekking.com\\\/fr\\\/#website\",\"url\":\"https:\\\/\\\/chiang-mai-trekking.com\\\/fr\\\/\",\"name\":\"Chiang Mai trekking\",\"description\":\"Chiang Mai trekking, Trek \u00e0 Chiang Mai. R\u00e9server directement les meilleurs trek de Chiang Mai 1, 2 ou 3 jours en trekking.\",\"potentialAction\":[{\"@type\":\"SearchAction\",\"target\":{\"@type\":\"EntryPoint\",\"urlTemplate\":\"https:\\\/\\\/chiang-mai-trekking.com\\\/fr\\\/?s={search_term_string}\"},\"query-input\":{\"@type\":\"PropertyValueSpecification\",\"valueRequired\":true,\"valueName\":\"search_term_string\"}}],\"inLanguage\":\"fr-FR\"}]}<\/script>\n<!-- \/ Yoast SEO plugin. -->","yoast_head_json":{"title":"Trekking 1 jour","description":"Reservez votre trekking 1 jour a Chiang Mai, video et reservation: cliquez ici","robots":{"index":"index","follow":"follow","max-snippet":"max-snippet:-1","max-image-preview":"max-image-preview:large","max-video-preview":"max-video-preview:-1"},"canonical":"https:\/\/chiang-mai-trekking.com\/fr\/trekking-1-jour\/","og_locale":"fr_FR","og_type":"article","og_title":"Trekking 1 jour","og_description":"Reservez votre trekking 1 jour a Chiang Mai, video et reservation: cliquez ici","og_url":"https:\/\/chiang-mai-trekking.com\/fr\/trekking-1-jour\/","og_site_name":"Chiang Mai trekking","og_image":[{"url":"https:\/\/www.paypalobjects.com\/en_GB\/i\/scr\/pixel.gif","type":"","width":"","height":""}],"twitter_card":"summary_large_image","twitter_misc":{"Dur\u00e9e de lecture estim\u00e9e":"3 minutes"},"schema":{"@context":"https:\/\/schema.org","@graph":[{"@type":"WebPage","@id":"https:\/\/chiang-mai-trekking.com\/fr\/trekking-1-jour\/","url":"https:\/\/chiang-mai-trekking.com\/fr\/trekking-1-jour\/","name":"Trekking 1 jour","isPartOf":{"@id":"https:\/\/chiang-mai-trekking.com\/fr\/#website"},"primaryImageOfPage":{"@id":"https:\/\/chiang-mai-trekking.com\/fr\/trekking-1-jour\/#primaryimage"},"image":{"@id":"https:\/\/chiang-mai-trekking.com\/fr\/trekking-1-jour\/#primaryimage"},"thumbnailUrl":"https:\/\/www.paypalobjects.com\/en_GB\/i\/scr\/pixel.gif","datePublished":"2012-02-26T13:25:26+00:00","description":"Reservez votre trekking 1 jour a Chiang Mai, video et reservation: cliquez ici","breadcrumb":{"@id":"https:\/\/chiang-mai-trekking.com\/fr\/trekking-1-jour\/#breadcrumb"},"inLanguage":"fr-FR","potentialAction":[{"@type":"ReadAction","target":["https:\/\/chiang-mai-trekking.com\/fr\/trekking-1-jour\/"]}]},{"@type":"ImageObject","inLanguage":"fr-FR","@id":"https:\/\/chiang-mai-trekking.com\/fr\/trekking-1-jour\/#primaryimage","url":"https:\/\/www.paypalobjects.com\/en_GB\/i\/scr\/pixel.gif","contentUrl":"https:\/\/www.paypalobjects.com\/en_GB\/i\/scr\/pixel.gif"},{"@type":"BreadcrumbList","@id":"https:\/\/chiang-mai-trekking.com\/fr\/trekking-1-jour\/#breadcrumb","itemListElement":[{"@type":"ListItem","position":1,"name":"Home","item":"https:\/\/chiang-mai-trekking.com\/fr\/"},{"@type":"ListItem","position":2,"name":"Trekking 1 jour"}]},{"@type":"WebSite","@id":"https:\/\/chiang-mai-trekking.com\/fr\/#website","url":"https:\/\/chiang-mai-trekking.com\/fr\/","name":"Chiang Mai trekking","description":"Chiang Mai trekking, Trek \u00e0 Chiang Mai. R\u00e9server directement les meilleurs trek de Chiang Mai 1, 2 ou 3 jours en trekking.","potentialAction":[{"@type":"SearchAction","target":{"@type":"EntryPoint","urlTemplate":"https:\/\/chiang-mai-trekking.com\/fr\/?s={search_term_string}"},"query-input":{"@type":"PropertyValueSpecification","valueRequired":true,"valueName":"search_term_string"}}],"inLanguage":"fr-FR"}]}},"_links":{"self":[{"href":"https:\/\/chiang-mai-trekking.com\/fr\/wp-json\/wp\/v2\/pages\/292","targetHints":{"allow":["GET"]}}],"collection":[{"href":"https:\/\/chiang-mai-trekking.com\/fr\/wp-json\/wp\/v2\/pages"}],"about":[{"href":"https:\/\/chiang-mai-trekking.com\/fr\/wp-json\/wp\/v2\/types\/page"}],"author":[{"embeddable":true,"href":"https:\/\/chiang-mai-trekking.com\/fr\/wp-json\/wp\/v2\/users\/1"}],"replies":[{"embeddable":true,"href":"https:\/\/chiang-mai-trekking.com\/fr\/wp-json\/wp\/v2\/comments?post=292"}],"version-history":[{"count":0,"href":"https:\/\/chiang-mai-trekking.com\/fr\/wp-json\/wp\/v2\/pages\/292\/revisions"}],"wp:attachment":[{"href":"https:\/\/chiang-mai-trekking.com\/fr\/wp-json\/wp\/v2\/media?parent=292"}],"curies":[{"name":"wp","href":"https:\/\/api.w.org\/{rel}","templated":true}]}}