{"id":1816,"date":"2017-02-23T09:01:16","date_gmt":"2017-02-23T02:01:16","guid":{"rendered":"https:\/\/chiang-mai-trekking.com\/affiliate-area\/"},"modified":"2018-05-11T11:08:44","modified_gmt":"2018-05-11T04:08:44","slug":"affiliate-area","status":"publish","type":"page","link":"https:\/\/chiang-mai-trekking.com\/fr\/affiliate-area\/","title":{"rendered":"Affiliation trekking thailande"},"content":{"rendered":"<p><img loading=\"lazy\" decoding=\"async\" src=\"https:\/\/chiang-mai-trekking.com\/wp-content\/uploads\/2018\/05\/Affiliate-Area-Chiang-Mai-Trekking.jpg\" alt=\"\" width=\"1200\" height=\"386\" class=\"aligncenter size-full wp-image-1813\" srcset=\"https:\/\/chiang-mai-trekking.com\/wp-content\/uploads\/2018\/05\/Affiliate-Area-Chiang-Mai-Trekking.jpg 1200w, https:\/\/chiang-mai-trekking.com\/wp-content\/uploads\/2018\/05\/Affiliate-Area-Chiang-Mai-Trekking-500x161.jpg 500w, https:\/\/chiang-mai-trekking.com\/wp-content\/uploads\/2018\/05\/Affiliate-Area-Chiang-Mai-Trekking-768x247.jpg 768w, https:\/\/chiang-mai-trekking.com\/wp-content\/uploads\/2018\/05\/Affiliate-Area-Chiang-Mai-Trekking-1024x329.jpg 1024w\" sizes=\"auto, (max-width: 1200px) 100vw, 1200px\" \/><\/p>\n<p>Vous avez un blog, une page sur la Thailande, sur Chiang Mai ou \u00e0 propos de voyage en g\u00e9n\u00e9ral ?<\/p>\n<p>Devenez affili\u00e9 et nous vous reversons 6% du montant total des ventes faites.<br \/>\nContactez-nous pour cr\u00e9er un compte, vous pourrez ensuite faire la promotion de n'importe quelle page de notre site grace \u00e0 un lien unique et gagner de l'argent !<\/p>\n<p>[affiliate_area]<\/p>\n","protected":false},"excerpt":{"rendered":"<p>Vous avez un blog, une page sur la Thailande, sur Chiang Mai ou \u00e0 propos de voyage en g\u00e9n\u00e9ral ? Devenez affili\u00e9 et nous vous reversons 6% du montant total des ventes faites. Contactez-nous pour cr\u00e9er un compte, vous pourrez ensuite faire la promotion de n&rsquo;importe quelle page de notre site grace \u00e0 un lien [&hellip;]<\/p>\n","protected":false},"author":5,"featured_media":0,"parent":0,"menu_order":0,"comment_status":"closed","ping_status":"closed","template":"","meta":{"footnotes":""},"class_list":["post-1816","page","type-page","status-publish","hentry","entry","has-post-thumbnail"],"yoast_head":"<!-- This site is optimized with the Yoast SEO plugin v23.4 - https:\/\/yoast.com\/wordpress\/plugins\/seo\/ -->\n<title>Affiliation trekking thailande | Chiang Mai trekking<\/title>\n<meta name=\"robots\" content=\"index, follow, max-snippet:-1, max-image-preview:large, max-video-preview:-1\" \/>\n<link rel=\"canonical\" href=\"https:\/\/chiang-mai-trekking.com\/fr\/affiliate-area\/\" \/>\n<meta property=\"og:locale\" content=\"fr_FR\" \/>\n<meta property=\"og:type\" content=\"article\" \/>\n<meta property=\"og:title\" content=\"Affiliation trekking thailande | Chiang Mai trekking\" \/>\n<meta property=\"og:description\" content=\"Vous avez un blog, une page sur la Thailande, sur Chiang Mai ou \u00e0 propos de voyage en g\u00e9n\u00e9ral ? Devenez affili\u00e9 et nous vous reversons 6% du montant total des ventes faites. Contactez-nous pour cr\u00e9er un compte, vous pourrez ensuite faire la promotion de n&#039;importe quelle page de notre site grace \u00e0 un lien [&hellip;]\" \/>\n<meta property=\"og:url\" content=\"https:\/\/chiang-mai-trekking.com\/fr\/affiliate-area\/\" \/>\n<meta property=\"og:site_name\" content=\"Chiang Mai trekking\" \/>\n<meta property=\"article:modified_time\" content=\"2018-05-11T04:08:44+00:00\" \/>\n<meta property=\"og:image\" content=\"https:\/\/chiang-mai-trekking.com\/wp-content\/uploads\/2018\/05\/Affiliate-Area-Chiang-Mai-Trekking.jpg\" \/>\n<meta name=\"twitter:card\" content=\"summary_large_image\" \/>\n<script type=\"application\/ld+json\" class=\"yoast-schema-graph\">{\"@context\":\"https:\/\/schema.org\",\"@graph\":[{\"@type\":\"WebPage\",\"@id\":\"https:\/\/chiang-mai-trekking.com\/fr\/affiliate-area\/\",\"url\":\"https:\/\/chiang-mai-trekking.com\/fr\/affiliate-area\/\",\"name\":\"Affiliation trekking thailande | Chiang Mai trekking\",\"isPartOf\":{\"@id\":\"https:\/\/chiang-mai-trekking.com\/fr\/#website\"},\"primaryImageOfPage\":{\"@id\":\"https:\/\/chiang-mai-trekking.com\/fr\/affiliate-area\/#primaryimage\"},\"image\":{\"@id\":\"https:\/\/chiang-mai-trekking.com\/fr\/affiliate-area\/#primaryimage\"},\"thumbnailUrl\":\"https:\/\/chiang-mai-trekking.com\/wp-content\/uploads\/2018\/05\/Affiliate-Area-Chiang-Mai-Trekking.jpg\",\"datePublished\":\"2017-02-23T02:01:16+00:00\",\"dateModified\":\"2018-05-11T04:08:44+00:00\",\"breadcrumb\":{\"@id\":\"https:\/\/chiang-mai-trekking.com\/fr\/affiliate-area\/#breadcrumb\"},\"inLanguage\":\"fr-FR\",\"potentialAction\":[{\"@type\":\"ReadAction\",\"target\":[\"https:\/\/chiang-mai-trekking.com\/fr\/affiliate-area\/\"]}]},{\"@type\":\"ImageObject\",\"inLanguage\":\"fr-FR\",\"@id\":\"https:\/\/chiang-mai-trekking.com\/fr\/affiliate-area\/#primaryimage\",\"url\":\"https:\/\/chiang-mai-trekking.com\/wp-content\/uploads\/2018\/05\/Affiliate-Area-Chiang-Mai-Trekking.jpg\",\"contentUrl\":\"https:\/\/chiang-mai-trekking.com\/wp-content\/uploads\/2018\/05\/Affiliate-Area-Chiang-Mai-Trekking.jpg\"},{\"@type\":\"BreadcrumbList\",\"@id\":\"https:\/\/chiang-mai-trekking.com\/fr\/affiliate-area\/#breadcrumb\",\"itemListElement\":[{\"@type\":\"ListItem\",\"position\":1,\"name\":\"Home\",\"item\":\"https:\/\/chiang-mai-trekking.com\/fr\/\"},{\"@type\":\"ListItem\",\"position\":2,\"name\":\"Affiliation trekking thailande\"}]},{\"@type\":\"WebSite\",\"@id\":\"https:\/\/chiang-mai-trekking.com\/fr\/#website\",\"url\":\"https:\/\/chiang-mai-trekking.com\/fr\/\",\"name\":\"Chiang Mai trekking\",\"description\":\"Chiang Mai trekking, Trek \u00e0 Chiang Mai. R\u00e9server directement les meilleurs trek de Chiang Mai 1, 2 ou 3 jours en trekking.\",\"potentialAction\":[{\"@type\":\"SearchAction\",\"target\":{\"@type\":\"EntryPoint\",\"urlTemplate\":\"https:\/\/chiang-mai-trekking.com\/fr\/?s={search_term_string}\"},\"query-input\":{\"@type\":\"PropertyValueSpecification\",\"valueRequired\":true,\"valueName\":\"search_term_string\"}}],\"inLanguage\":\"fr-FR\"}]}<\/script>\n<!-- \/ Yoast SEO plugin. -->","yoast_head_json":{"title":"Affiliation trekking thailande | Chiang Mai trekking","robots":{"index":"index","follow":"follow","max-snippet":"max-snippet:-1","max-image-preview":"max-image-preview:large","max-video-preview":"max-video-preview:-1"},"canonical":"https:\/\/chiang-mai-trekking.com\/fr\/affiliate-area\/","og_locale":"fr_FR","og_type":"article","og_title":"Affiliation trekking thailande | Chiang Mai trekking","og_description":"Vous avez un blog, une page sur la Thailande, sur Chiang Mai ou \u00e0 propos de voyage en g\u00e9n\u00e9ral ? Devenez affili\u00e9 et nous vous reversons 6% du montant total des ventes faites. Contactez-nous pour cr\u00e9er un compte, vous pourrez ensuite faire la promotion de n'importe quelle page de notre site grace \u00e0 un lien [&hellip;]","og_url":"https:\/\/chiang-mai-trekking.com\/fr\/affiliate-area\/","og_site_name":"Chiang Mai trekking","article_modified_time":"2018-05-11T04:08:44+00:00","og_image":[{"url":"https:\/\/chiang-mai-trekking.com\/wp-content\/uploads\/2018\/05\/Affiliate-Area-Chiang-Mai-Trekking.jpg"}],"twitter_card":"summary_large_image","schema":{"@context":"https:\/\/schema.org","@graph":[{"@type":"WebPage","@id":"https:\/\/chiang-mai-trekking.com\/fr\/affiliate-area\/","url":"https:\/\/chiang-mai-trekking.com\/fr\/affiliate-area\/","name":"Affiliation trekking thailande | Chiang Mai trekking","isPartOf":{"@id":"https:\/\/chiang-mai-trekking.com\/fr\/#website"},"primaryImageOfPage":{"@id":"https:\/\/chiang-mai-trekking.com\/fr\/affiliate-area\/#primaryimage"},"image":{"@id":"https:\/\/chiang-mai-trekking.com\/fr\/affiliate-area\/#primaryimage"},"thumbnailUrl":"https:\/\/chiang-mai-trekking.com\/wp-content\/uploads\/2018\/05\/Affiliate-Area-Chiang-Mai-Trekking.jpg","datePublished":"2017-02-23T02:01:16+00:00","dateModified":"2018-05-11T04:08:44+00:00","breadcrumb":{"@id":"https:\/\/chiang-mai-trekking.com\/fr\/affiliate-area\/#breadcrumb"},"inLanguage":"fr-FR","potentialAction":[{"@type":"ReadAction","target":["https:\/\/chiang-mai-trekking.com\/fr\/affiliate-area\/"]}]},{"@type":"ImageObject","inLanguage":"fr-FR","@id":"https:\/\/chiang-mai-trekking.com\/fr\/affiliate-area\/#primaryimage","url":"https:\/\/chiang-mai-trekking.com\/wp-content\/uploads\/2018\/05\/Affiliate-Area-Chiang-Mai-Trekking.jpg","contentUrl":"https:\/\/chiang-mai-trekking.com\/wp-content\/uploads\/2018\/05\/Affiliate-Area-Chiang-Mai-Trekking.jpg"},{"@type":"BreadcrumbList","@id":"https:\/\/chiang-mai-trekking.com\/fr\/affiliate-area\/#breadcrumb","itemListElement":[{"@type":"ListItem","position":1,"name":"Home","item":"https:\/\/chiang-mai-trekking.com\/fr\/"},{"@type":"ListItem","position":2,"name":"Affiliation trekking thailande"}]},{"@type":"WebSite","@id":"https:\/\/chiang-mai-trekking.com\/fr\/#website","url":"https:\/\/chiang-mai-trekking.com\/fr\/","name":"Chiang Mai trekking","description":"Chiang Mai trekking, Trek \u00e0 Chiang Mai. R\u00e9server directement les meilleurs trek de Chiang Mai 1, 2 ou 3 jours en trekking.","potentialAction":[{"@type":"SearchAction","target":{"@type":"EntryPoint","urlTemplate":"https:\/\/chiang-mai-trekking.com\/fr\/?s={search_term_string}"},"query-input":{"@type":"PropertyValueSpecification","valueRequired":true,"valueName":"search_term_string"}}],"inLanguage":"fr-FR"}]}},"_links":{"self":[{"href":"https:\/\/chiang-mai-trekking.com\/fr\/wp-json\/wp\/v2\/pages\/1816","targetHints":{"allow":["GET"]}}],"collection":[{"href":"https:\/\/chiang-mai-trekking.com\/fr\/wp-json\/wp\/v2\/pages"}],"about":[{"href":"https:\/\/chiang-mai-trekking.com\/fr\/wp-json\/wp\/v2\/types\/page"}],"author":[{"embeddable":true,"href":"https:\/\/chiang-mai-trekking.com\/fr\/wp-json\/wp\/v2\/users\/5"}],"replies":[{"embeddable":true,"href":"https:\/\/chiang-mai-trekking.com\/fr\/wp-json\/wp\/v2\/comments?post=1816"}],"version-history":[{"count":0,"href":"https:\/\/chiang-mai-trekking.com\/fr\/wp-json\/wp\/v2\/pages\/1816\/revisions"}],"wp:attachment":[{"href":"https:\/\/chiang-mai-trekking.com\/fr\/wp-json\/wp\/v2\/media?parent=1816"}],"curies":[{"name":"wp","href":"https:\/\/api.w.org\/{rel}","templated":true}]}}