{"id":1419,"date":"2017-09-13T11:09:36","date_gmt":"2017-09-13T04:09:36","guid":{"rendered":"http:\/\/chiang-mai-trekking.com\/qui-sommes-nous-2\/"},"modified":"2022-02-07T00:27:20","modified_gmt":"2022-02-06T17:27:20","slug":"qui-sommes-nous-2","status":"publish","type":"page","link":"https:\/\/chiang-mai-trekking.com\/fr\/qui-sommes-nous-2\/","title":{"rendered":"Qui sommes-nous ?"},"content":{"rendered":"<p>Chiang Mai Trekking est une agence locale bas\u00e9e \u00e0 Chiang Mai en Thailande et nous organisons des tours et des activit\u00e9s pour nos clients depuis plus de 11 ans maintenant<\/p>\n<div>\n<p><span style=\"color: #cccccc; font-family: verdana, sans-serif; font-size: xx-small;\"><b>Authorized by licence TAT<\/b>(local, inbound &amp; outbound)<\/b><\/span><\/p>\n<\/div>\n<div><b><span style=\"color: #cccccc; font-family: verdana, sans-serif;\">issued by the Department of Tourism under the Ministry of Tourism &amp; Sports of Thailand<\/span><\/b><\/div>\n<div><b><span style=\"color: #cccccc; font-family: verdana, sans-serif;\">Membre de Chiang Mai Tourism Business Association N. 5301398<\/span><\/b><\/div>\n<div><span style=\"color: #cccccc; font-family: verdana, sans-serif;\">Chang Phuak gate<\/span><\/div>\n<div><span style=\"color: #c0c0c0; font-family: verdana, sans-serif;\">Mueang - Chiang Mai 50200<\/span><\/div>\n","protected":false},"excerpt":{"rendered":"<p>Chiang Mai Trekking est une agence locale bas\u00e9e \u00e0 Chiang Mai en Thailande et nous organisons des tours et des activit\u00e9s pour nos clients depuis plus de 11 ans maintenant Authorized by licence TAT(local, inbound &amp; outbound) issued by the Department of Tourism under the Ministry of Tourism &amp; Sports of Thailand Membre de Chiang [&hellip;]<\/p>\n","protected":false},"author":5,"featured_media":3246,"parent":0,"menu_order":0,"comment_status":"closed","ping_status":"closed","template":"","meta":{"footnotes":""},"class_list":["post-1419","page","type-page","status-publish","has-post-thumbnail","hentry","entry"],"yoast_head":"<!-- This site is optimized with the Yoast SEO plugin v27.3 - https:\/\/yoast.com\/product\/yoast-seo-wordpress\/ -->\n<title>Qui sommes-nous ? | Chiang Mai trekking<\/title>\n<meta name=\"robots\" content=\"index, follow, max-snippet:-1, max-image-preview:large, max-video-preview:-1\" \/>\n<link rel=\"canonical\" href=\"https:\/\/chiang-mai-trekking.com\/fr\/qui-sommes-nous-2\/\" \/>\n<meta property=\"og:locale\" content=\"fr_FR\" \/>\n<meta property=\"og:type\" content=\"article\" \/>\n<meta property=\"og:title\" content=\"Qui sommes-nous ? | Chiang Mai trekking\" \/>\n<meta property=\"og:description\" content=\"Chiang Mai Trekking est une agence locale bas\u00e9e \u00e0 Chiang Mai en Thailande et nous organisons des tours et des activit\u00e9s pour nos clients depuis plus de 11 ans maintenant Authorized by licence TAT(local, inbound &amp; outbound) issued by the Department of Tourism under the Ministry of Tourism &amp; Sports of Thailand Membre de Chiang [&hellip;]\" \/>\n<meta property=\"og:url\" content=\"https:\/\/chiang-mai-trekking.com\/fr\/qui-sommes-nous-2\/\" \/>\n<meta property=\"og:site_name\" content=\"Chiang Mai trekking\" \/>\n<meta property=\"article:modified_time\" content=\"2022-02-06T17:27:20+00:00\" \/>\n<meta property=\"og:image\" content=\"https:\/\/chiang-mai-trekking.com\/wp-content\/uploads\/2017\/09\/website.jpg\" \/>\n\t<meta property=\"og:image:width\" content=\"1202\" \/>\n\t<meta property=\"og:image:height\" content=\"770\" \/>\n\t<meta property=\"og:image:type\" content=\"image\/jpeg\" \/>\n<meta name=\"twitter:card\" content=\"summary_large_image\" \/>\n<script type=\"application\/ld+json\" class=\"yoast-schema-graph\">{\"@context\":\"https:\\\/\\\/schema.org\",\"@graph\":[{\"@type\":\"WebPage\",\"@id\":\"https:\\\/\\\/chiang-mai-trekking.com\\\/fr\\\/qui-sommes-nous-2\\\/\",\"url\":\"https:\\\/\\\/chiang-mai-trekking.com\\\/fr\\\/qui-sommes-nous-2\\\/\",\"name\":\"Qui sommes-nous ? | Chiang Mai trekking\",\"isPartOf\":{\"@id\":\"https:\\\/\\\/chiang-mai-trekking.com\\\/fr\\\/#website\"},\"primaryImageOfPage\":{\"@id\":\"https:\\\/\\\/chiang-mai-trekking.com\\\/fr\\\/qui-sommes-nous-2\\\/#primaryimage\"},\"image\":{\"@id\":\"https:\\\/\\\/chiang-mai-trekking.com\\\/fr\\\/qui-sommes-nous-2\\\/#primaryimage\"},\"thumbnailUrl\":\"https:\\\/\\\/chiang-mai-trekking.com\\\/wp-content\\\/uploads\\\/2017\\\/09\\\/website.jpg\",\"datePublished\":\"2017-09-13T04:09:36+00:00\",\"dateModified\":\"2022-02-06T17:27:20+00:00\",\"breadcrumb\":{\"@id\":\"https:\\\/\\\/chiang-mai-trekking.com\\\/fr\\\/qui-sommes-nous-2\\\/#breadcrumb\"},\"inLanguage\":\"fr-FR\",\"potentialAction\":[{\"@type\":\"ReadAction\",\"target\":[\"https:\\\/\\\/chiang-mai-trekking.com\\\/fr\\\/qui-sommes-nous-2\\\/\"]}]},{\"@type\":\"ImageObject\",\"inLanguage\":\"fr-FR\",\"@id\":\"https:\\\/\\\/chiang-mai-trekking.com\\\/fr\\\/qui-sommes-nous-2\\\/#primaryimage\",\"url\":\"https:\\\/\\\/chiang-mai-trekking.com\\\/wp-content\\\/uploads\\\/2017\\\/09\\\/website.jpg\",\"contentUrl\":\"https:\\\/\\\/chiang-mai-trekking.com\\\/wp-content\\\/uploads\\\/2017\\\/09\\\/website.jpg\",\"width\":1202,\"height\":770},{\"@type\":\"BreadcrumbList\",\"@id\":\"https:\\\/\\\/chiang-mai-trekking.com\\\/fr\\\/qui-sommes-nous-2\\\/#breadcrumb\",\"itemListElement\":[{\"@type\":\"ListItem\",\"position\":1,\"name\":\"Home\",\"item\":\"https:\\\/\\\/chiang-mai-trekking.com\\\/fr\\\/\"},{\"@type\":\"ListItem\",\"position\":2,\"name\":\"Qui sommes-nous ?\"}]},{\"@type\":\"WebSite\",\"@id\":\"https:\\\/\\\/chiang-mai-trekking.com\\\/fr\\\/#website\",\"url\":\"https:\\\/\\\/chiang-mai-trekking.com\\\/fr\\\/\",\"name\":\"Chiang Mai trekking\",\"description\":\"Chiang Mai trekking, Trek \u00e0 Chiang Mai. R\u00e9server directement les meilleurs trek de Chiang Mai 1, 2 ou 3 jours en trekking.\",\"potentialAction\":[{\"@type\":\"SearchAction\",\"target\":{\"@type\":\"EntryPoint\",\"urlTemplate\":\"https:\\\/\\\/chiang-mai-trekking.com\\\/fr\\\/?s={search_term_string}\"},\"query-input\":{\"@type\":\"PropertyValueSpecification\",\"valueRequired\":true,\"valueName\":\"search_term_string\"}}],\"inLanguage\":\"fr-FR\"}]}<\/script>\n<!-- \/ Yoast SEO plugin. -->","yoast_head_json":{"title":"Qui sommes-nous ? | Chiang Mai trekking","robots":{"index":"index","follow":"follow","max-snippet":"max-snippet:-1","max-image-preview":"max-image-preview:large","max-video-preview":"max-video-preview:-1"},"canonical":"https:\/\/chiang-mai-trekking.com\/fr\/qui-sommes-nous-2\/","og_locale":"fr_FR","og_type":"article","og_title":"Qui sommes-nous ? | Chiang Mai trekking","og_description":"Chiang Mai Trekking est une agence locale bas\u00e9e \u00e0 Chiang Mai en Thailande et nous organisons des tours et des activit\u00e9s pour nos clients depuis plus de 11 ans maintenant Authorized by licence TAT(local, inbound &amp; outbound) issued by the Department of Tourism under the Ministry of Tourism &amp; Sports of Thailand Membre de Chiang [&hellip;]","og_url":"https:\/\/chiang-mai-trekking.com\/fr\/qui-sommes-nous-2\/","og_site_name":"Chiang Mai trekking","article_modified_time":"2022-02-06T17:27:20+00:00","og_image":[{"width":1202,"height":770,"url":"https:\/\/chiang-mai-trekking.com\/wp-content\/uploads\/2017\/09\/website.jpg","type":"image\/jpeg"}],"twitter_card":"summary_large_image","schema":{"@context":"https:\/\/schema.org","@graph":[{"@type":"WebPage","@id":"https:\/\/chiang-mai-trekking.com\/fr\/qui-sommes-nous-2\/","url":"https:\/\/chiang-mai-trekking.com\/fr\/qui-sommes-nous-2\/","name":"Qui sommes-nous ? | Chiang Mai trekking","isPartOf":{"@id":"https:\/\/chiang-mai-trekking.com\/fr\/#website"},"primaryImageOfPage":{"@id":"https:\/\/chiang-mai-trekking.com\/fr\/qui-sommes-nous-2\/#primaryimage"},"image":{"@id":"https:\/\/chiang-mai-trekking.com\/fr\/qui-sommes-nous-2\/#primaryimage"},"thumbnailUrl":"https:\/\/chiang-mai-trekking.com\/wp-content\/uploads\/2017\/09\/website.jpg","datePublished":"2017-09-13T04:09:36+00:00","dateModified":"2022-02-06T17:27:20+00:00","breadcrumb":{"@id":"https:\/\/chiang-mai-trekking.com\/fr\/qui-sommes-nous-2\/#breadcrumb"},"inLanguage":"fr-FR","potentialAction":[{"@type":"ReadAction","target":["https:\/\/chiang-mai-trekking.com\/fr\/qui-sommes-nous-2\/"]}]},{"@type":"ImageObject","inLanguage":"fr-FR","@id":"https:\/\/chiang-mai-trekking.com\/fr\/qui-sommes-nous-2\/#primaryimage","url":"https:\/\/chiang-mai-trekking.com\/wp-content\/uploads\/2017\/09\/website.jpg","contentUrl":"https:\/\/chiang-mai-trekking.com\/wp-content\/uploads\/2017\/09\/website.jpg","width":1202,"height":770},{"@type":"BreadcrumbList","@id":"https:\/\/chiang-mai-trekking.com\/fr\/qui-sommes-nous-2\/#breadcrumb","itemListElement":[{"@type":"ListItem","position":1,"name":"Home","item":"https:\/\/chiang-mai-trekking.com\/fr\/"},{"@type":"ListItem","position":2,"name":"Qui sommes-nous ?"}]},{"@type":"WebSite","@id":"https:\/\/chiang-mai-trekking.com\/fr\/#website","url":"https:\/\/chiang-mai-trekking.com\/fr\/","name":"Chiang Mai trekking","description":"Chiang Mai trekking, Trek \u00e0 Chiang Mai. R\u00e9server directement les meilleurs trek de Chiang Mai 1, 2 ou 3 jours en trekking.","potentialAction":[{"@type":"SearchAction","target":{"@type":"EntryPoint","urlTemplate":"https:\/\/chiang-mai-trekking.com\/fr\/?s={search_term_string}"},"query-input":{"@type":"PropertyValueSpecification","valueRequired":true,"valueName":"search_term_string"}}],"inLanguage":"fr-FR"}]}},"_links":{"self":[{"href":"https:\/\/chiang-mai-trekking.com\/fr\/wp-json\/wp\/v2\/pages\/1419","targetHints":{"allow":["GET"]}}],"collection":[{"href":"https:\/\/chiang-mai-trekking.com\/fr\/wp-json\/wp\/v2\/pages"}],"about":[{"href":"https:\/\/chiang-mai-trekking.com\/fr\/wp-json\/wp\/v2\/types\/page"}],"author":[{"embeddable":true,"href":"https:\/\/chiang-mai-trekking.com\/fr\/wp-json\/wp\/v2\/users\/5"}],"replies":[{"embeddable":true,"href":"https:\/\/chiang-mai-trekking.com\/fr\/wp-json\/wp\/v2\/comments?post=1419"}],"version-history":[{"count":4,"href":"https:\/\/chiang-mai-trekking.com\/fr\/wp-json\/wp\/v2\/pages\/1419\/revisions"}],"predecessor-version":[{"id":4333,"href":"https:\/\/chiang-mai-trekking.com\/fr\/wp-json\/wp\/v2\/pages\/1419\/revisions\/4333"}],"wp:featuredmedia":[{"embeddable":true,"href":"https:\/\/chiang-mai-trekking.com\/fr\/wp-json\/wp\/v2\/media\/3246"}],"wp:attachment":[{"href":"https:\/\/chiang-mai-trekking.com\/fr\/wp-json\/wp\/v2\/media?parent=1419"}],"curies":[{"name":"wp","href":"https:\/\/api.w.org\/{rel}","templated":true}]}}