{"id":1415,"date":"2017-09-13T09:52:04","date_gmt":"2017-09-13T02:52:04","guid":{"rendered":"http:\/\/chiang-mai-trekking.com\/trek-prive-en-groupe\/"},"modified":"2022-07-14T14:19:46","modified_gmt":"2022-07-14T07:19:46","slug":"trek-prive-en-groupe","status":"publish","type":"page","link":"https:\/\/chiang-mai-trekking.com\/fr\/trek-prive-en-groupe\/","title":{"rendered":"Trek priv\u00e9 en groupe"},"content":{"rendered":"<p>Vous allez venir en <strong>Thailande en groupe ?<\/strong> Avec des amis, des collegues, vous \u00eates un comit\u00e9 d'entreprise ?<br \/>\nNous pouvons organiser pour vous des eco-trekking avec nos guides pour <strong>1, 2, 3 jours ou m\u00eame beaucoup plus !<\/strong><\/p>\n<p>Nous travaillons avec nos propres guides, aussi nous <strong>pouvons cr\u00e9er le trek parfait en fonction de vos envies !<\/strong><br \/>\nBien entendu, nous pouvons aussi vous fournir un <strong>traducteur thai-francophone<\/strong>, afin de profiter a 100% des explications du guide.<\/p>\n<p><img loading=\"lazy\" decoding=\"async\" src=\"https:\/\/chiang-mai-trekking.com\/wp-content\/uploads\/2022\/05\/1-day-join-group-only-walk-7.jpg\" alt=\"\" width=\"1400\" height=\"933\" class=\"aligncenter size-full wp-image-5135\" srcset=\"https:\/\/chiang-mai-trekking.com\/wp-content\/uploads\/2022\/05\/1-day-join-group-only-walk-7.jpg 1400w, https:\/\/chiang-mai-trekking.com\/wp-content\/uploads\/2022\/05\/1-day-join-group-only-walk-7-500x333.jpg 500w, https:\/\/chiang-mai-trekking.com\/wp-content\/uploads\/2022\/05\/1-day-join-group-only-walk-7-1024x682.jpg 1024w, https:\/\/chiang-mai-trekking.com\/wp-content\/uploads\/2022\/05\/1-day-join-group-only-walk-7-768x512.jpg 768w\" sizes=\"auto, (max-width: 1400px) 100vw, 1400px\" \/><br \/>\nNous avons d\u00e9j\u00e0 des programmes de 7\u00a0\u00e0 10 jours, avec des nuits \"Survie\", mais aussi ou vous pouvez <strong>dormir dans des grottes, dans la jungle ou dans les arbres...<\/strong><\/p>\n<p>&nbsp;<\/p>\n<p><strong>Contactez-nous maintenant<\/strong> grace a formulaire ci-dessous ou par Messenger sur Facebook.<\/p>\n\n                <div class='gf_browser_gecko gform_wrapper' id='gform_wrapper_3' style='display:none'><div id='gf_3' class='gform_anchor' tabindex='-1'><\/div><form method='post' enctype='multipart\/form-data' target='gform_ajax_frame_3' id='gform_3'  action='\/fr\/wp-json\/wp\/v2\/pages\/1415#gf_3'>\n                        <div class='gform_body'><ul id='gform_fields_3' class='gform_fields top_label form_sublabel_below description_below'><li id='field_3_5'  class='gfield gfield_contains_required field_sublabel_below field_description_below gfield_visibility_visible' ><label class='gfield_label' for='input_3_5' >Are you contacting us about:<span class='gfield_required'>*<\/span><\/label><div class='ginput_container ginput_container_select'><select name='input_5' id='input_3_5' class='medium gfield_select'   aria-required=\"true\" aria-invalid=\"false\"><option value='Adventure trek' >Adventure trek<\/option><option value='Eco trek' selected='selected'>Eco trek<\/option><option value='Trek in group' >Trek in group<\/option><option value='Other' >Other<\/option><\/select><\/div><\/li><li id='field_3_1'  class='gfield gfield_contains_required field_sublabel_below field_description_below gfield_visibility_visible' ><label class='gfield_label gfield_label_before_complex'  >Name<span class='gfield_required'>*<\/span><\/label><div class='ginput_complex ginput_container no_prefix has_first_name no_middle_name has_last_name no_suffix gf_name_has_2 ginput_container_name' id='input_3_1'>\n                            <span id='input_3_1_3_container' class='name_first' >\n                                                    <input type='text' name='input_1.3' id='input_3_1_3' value='' aria-label='Pr\u00e9nom'   aria-required=\"true\" aria-invalid=\"false\" \/>\n                                                    <label for='input_3_1_3' >Pr\u00e9nom<\/label>\n                                               <\/span>\n                            <span id='input_3_1_6_container' class='name_last' >\n                                                    <input type='text' name='input_1.6' id='input_3_1_6' value='' aria-label='Nom'   aria-required=\"true\" aria-invalid=\"false\" \/>\n                                                    <label for='input_3_1_6' >Nom<\/label>\n                                                <\/span>\n                            <div class='gf_clear gf_clear_complex'><\/div>\n                        <\/div><\/li><li id='field_3_2'  class='gfield gfield_contains_required field_sublabel_below field_description_below gfield_visibility_visible' ><label class='gfield_label gfield_label_before_complex'  >Email<span class='gfield_required'>*<\/span><\/label><div class='ginput_complex ginput_container ginput_container_email' id='input_3_2_container'>\n                                <span id='input_3_2_1_container' class='ginput_left'>\n                                    <input class='' type='email' name='input_2' id='input_3_2' value=''    aria-required=\"true\" aria-invalid=\"false\"\/>\n                                    <label for='input_3_2' >Saisissez un e-mail<\/label>\n                                <\/span>\n                                <span id='input_3_2_2_container' class='ginput_right'>\n                                    <input class='' type='email' name='input_2_2' id='input_3_2_2' value=''    aria-required=\"true\" aria-invalid=\"false\"\/>\n                                    <label for='input_3_2_2' >Confirmez l\u2019e-mail<\/label>\n                                <\/span>\n                                <div class='gf_clear gf_clear_complex'><\/div>\n                            <\/div><\/li><li id='field_3_4'  class='gfield gfield_contains_required field_sublabel_below field_description_below gfield_visibility_visible' ><label class='gfield_label' for='input_3_4' >Your message<span class='gfield_required'>*<\/span><\/label><div class='ginput_container ginput_container_textarea'><textarea name='input_4' id='input_3_4' class='textarea medium'     aria-required=\"true\" aria-invalid=\"false\"   rows='10' cols='50'><\/textarea><\/div><\/li><li id='field_3_6'  class='gfield gfield_contains_required field_sublabel_below field_description_below gfield_visibility_visible' ><label class='gfield_label'  ><span class='gfield_required'>*<\/span><\/label><div class='ginput_container ginput_container_checkbox'><ul class='gfield_checkbox' id='input_3_6'><li class='gchoice_3_6_1'>\n\t\t\t\t\t\t\t\t<input name='input_6.1' type='checkbox'  value='By submitting this form, I agree that the information entered will be used for the commercial relationship that may result.'  id='choice_3_6_1'   \/>\n\t\t\t\t\t\t\t\t<label for='choice_3_6_1' id='label_3_6_1'>By submitting this form, I agree that the information entered will be used for the commercial relationship that may result.<\/label>\n\t\t\t\t\t\t\t<\/li><\/ul><\/div><\/li><li id='field_3_7'  class='gfield gform_hidden field_sublabel_below field_description_below gfield_visibility_visible' ><input name='input_7' id='input_3_7' type='hidden' class='gform_hidden'  aria-invalid=\"false\" value='' \/><\/li>\n                            <\/ul><\/div>\n        <div class='gform_footer top_label'> <input type='submit' id='gform_submit_button_3' class='gform_button button' value='Submit'  onclick='if(window[\"gf_submitting_3\"]){return false;}  if( !jQuery(\"#gform_3\")[0].checkValidity || jQuery(\"#gform_3\")[0].checkValidity()){window[\"gf_submitting_3\"]=true;}  ' onkeypress='if( event.keyCode == 13 ){ if(window[\"gf_submitting_3\"]){return false;} if( !jQuery(\"#gform_3\")[0].checkValidity || jQuery(\"#gform_3\")[0].checkValidity()){window[\"gf_submitting_3\"]=true;}  jQuery(\"#gform_3\").trigger(\"submit\",[true]); }' \/> <input type='hidden' name='gform_ajax' value='form_id=3&amp;title=&amp;description=&amp;tabindex=0' \/>\n            <input type='hidden' class='gform_hidden' name='is_submit_3' value='1' \/>\n            <input type='hidden' class='gform_hidden' name='gform_submit' value='3' \/>\n            \n            <input type='hidden' class='gform_hidden' name='gform_unique_id' value='' \/>\n            <input type='hidden' class='gform_hidden' name='state_3' value='WyJbXSIsIjFjYzI2YWE1YWZjMWZlMWQ4YWZiZjFlNmJlNDM0MGU5Il0=' \/>\n            <input type='hidden' class='gform_hidden' name='gform_target_page_number_3' id='gform_target_page_number_3' value='0' \/>\n            <input type='hidden' class='gform_hidden' name='gform_source_page_number_3' id='gform_source_page_number_3' value='1' \/>\n            <input type='hidden' name='gform_field_values' value='' \/>\n            \n        <\/div>\n                        <\/form>\n                        <\/div>\n                <iframe style='display:none;width:0px;height:0px;' src='about:blank' name='gform_ajax_frame_3' id='gform_ajax_frame_3' title='Cette iframe contient la logique n\u00e9cessaire pour manipuler Gravity Forms avec Ajax.'><\/iframe>\n                <script type='text\/javascript'>jQuery(document).ready(function($){gformInitSpinner( 3, 'https:\/\/chiang-mai-trekking.com\/wp-content\/plugins\/gravityforms\/images\/spinner.gif' );jQuery('#gform_ajax_frame_3').on('load',function(){var contents = jQuery(this).contents().find('*').html();var is_postback = contents.indexOf('GF_AJAX_POSTBACK') >= 0;if(!is_postback){return;}var form_content = jQuery(this).contents().find('#gform_wrapper_3');var is_confirmation = jQuery(this).contents().find('#gform_confirmation_wrapper_3').length > 0;var is_redirect = contents.indexOf('gformRedirect(){') >= 0;var is_form = form_content.length > 0 && ! is_redirect && ! is_confirmation;var mt = parseInt(jQuery('html').css('margin-top'), 10) + parseInt(jQuery('body').css('margin-top'), 10) + 100;if(is_form){jQuery('#gform_wrapper_3').html(form_content.html());if(form_content.hasClass('gform_validation_error')){jQuery('#gform_wrapper_3').addClass('gform_validation_error');} else {jQuery('#gform_wrapper_3').removeClass('gform_validation_error');}setTimeout( function() { \/* delay the scroll by 50 milliseconds to fix a bug in chrome *\/ jQuery(document).scrollTop(jQuery('#gform_wrapper_3').offset().top - mt); }, 50 );if(window['gformInitDatepicker']) {gformInitDatepicker();}if(window['gformInitPriceFields']) {gformInitPriceFields();}var current_page = jQuery('#gform_source_page_number_3').val();gformInitSpinner( 3, 'https:\/\/chiang-mai-trekking.com\/wp-content\/plugins\/gravityforms\/images\/spinner.gif' );jQuery(document).trigger('gform_page_loaded', [3, current_page]);window['gf_submitting_3'] = false;}else if(!is_redirect){var confirmation_content = jQuery(this).contents().find('.GF_AJAX_POSTBACK').html();if(!confirmation_content){confirmation_content = contents;}setTimeout(function(){jQuery('#gform_wrapper_3').replaceWith(confirmation_content);jQuery(document).scrollTop(jQuery('#gf_3').offset().top - mt);jQuery(document).trigger('gform_confirmation_loaded', [3]);window['gf_submitting_3'] = false;}, 50);}else{jQuery('#gform_3').append(contents);if(window['gformRedirect']) {gformRedirect();}}jQuery(document).trigger('gform_post_render', [3, current_page]);} );} );<\/script><script type='text\/javascript'> jQuery(document).bind('gform_post_render', function(event, formId, currentPage){if(formId == 3) {gf_global[\"number_formats\"][3] = {\"5\":{\"price\":false,\"value\":false},\"1\":{\"price\":false,\"value\":false},\"2\":{\"price\":false,\"value\":false},\"4\":{\"price\":false,\"value\":false},\"6\":{\"price\":false,\"value\":false},\"7\":{\"price\":false,\"value\":false}};if(window['jQuery']){if(!window['gf_form_conditional_logic'])window['gf_form_conditional_logic'] = new Array();window['gf_form_conditional_logic'][3] = { logic: { 0: {\"field\":{\"actionType\":\"hide\",\"logicType\":\"any\",\"rules\":[{\"fieldId\":\"2\",\"operator\":\"contains\",\"value\":\"profunding247.net\"},{\"fieldId\":\"2\",\"operator\":\"contains\",\"value\":\"eric.jones\"},{\"fieldId\":\"2\",\"operator\":\"is\",\"value\":\"eric.jones.z.mail@gmail.com\"},{\"fieldId\":\"2\",\"operator\":\"contains\",\"value\":\"ericjonesmyemail\"},{\"fieldId\":\"2\",\"operator\":\"contains\",\"value\":\"ericjones\"},{\"fieldId\":\"4\",\"operator\":\"contains\",\"value\":\"ericjones\"},{\"fieldId\":\"4\",\"operator\":\"contains\",\"value\":\"I just found your site\"},{\"fieldId\":\"4\",\"operator\":\"contains\",\"value\":\"leads\"},{\"fieldId\":\"1.3\",\"operator\":\"contains\",\"value\":\"Palos\"},{\"fieldId\":\"1.6\",\"operator\":\"contains\",\"value\":\"Palos\"},{\"fieldId\":\"4\",\"operator\":\"contains\",\"value\":\"trial\"},{\"fieldId\":\"4\",\"operator\":\"contains\",\"value\":\"marketing\"},{\"fieldId\":\"4\",\"operator\":\"contains\",\"value\":\"income\"},{\"fieldId\":\"4\",\"operator\":\"contains\",\"value\":\"crypto\"},{\"fieldId\":\"4\",\"operator\":\"contains\",\"value\":\"finance\"},{\"fieldId\":\"4\",\"operator\":\"contains\",\"value\":\"followers\"},{\"fieldId\":\"4\",\"operator\":\"contains\",\"value\":\"directories\"},{\"fieldId\":\"4\",\"operator\":\"contains\",\"value\":\"directory\"},{\"fieldId\":\"4\",\"operator\":\"contains\",\"value\":\"bit.ly\"},{\"fieldId\":\"4\",\"operator\":\"contains\",\"value\":\"chatgpt\"},{\"fieldId\":\"4\",\"operator\":\"contains\",\"value\":\"high-quality\"},{\"fieldId\":\"4\",\"operator\":\"contains\",\"value\":\"high quality\"},{\"fieldId\":\"4\",\"operator\":\"contains\",\"value\":\"AI\"},{\"fieldId\":\"4\",\"operator\":\"contains\",\"value\":\"shorturl\"},{\"fieldId\":\"4\",\"operator\":\"contains\",\"value\":\"landing page\"},{\"fieldId\":\"4\",\"operator\":\"contains\",\"value\":\"best leads\"},{\"fieldId\":\"1.6\",\"operator\":\"contains\",\"value\":\"Acunetix\"},{\"fieldId\":\"1.3\",\"operator\":\"contains\",\"value\":\"Acunetix\"},{\"fieldId\":\"4\",\"operator\":\"is\",\"value\":\"555\"},{\"fieldId\":\"4\",\"operator\":\"contains\",\"value\":\"Outsource\"},{\"fieldId\":\"4\",\"operator\":\"contains\",\"value\":\"unlimited\"},{\"fieldId\":\"4\",\"operator\":\"contains\",\"value\":\"money\"},{\"fieldId\":\"4\",\"operator\":\"contains\",\"value\":\"creator\"}]},\"section\":null} }, dependents: { 0: [0] }, animation: 0, defaults: {\"5\":\"Eco trek\",\"1\":{\"1.3\":\"\",\"1.6\":\"\"}}, fields: {\"5\":[0],\"1\":[0],\"2\":[0],\"4\":[0],\"6\":[0],\"7\":[0]} }; if(!window['gf_number_format'])window['gf_number_format'] = 'decimal_comma';jQuery(document).ready(function(){gf_apply_rules(3, [0], true);jQuery('#gform_wrapper_3').show();jQuery(document).trigger('gform_post_conditional_logic', [3, null, true]);} );} } } );jQuery(document).bind('gform_post_conditional_logic', function(event, formId, fields, isInit){} );<\/script><script type='text\/javascript'> jQuery(document).ready(function(){jQuery(document).trigger('gform_post_render', [3, 1]) } ); <\/script>\n","protected":false},"excerpt":{"rendered":"<p>Vous allez venir en Thailande en groupe ? Avec des amis, des collegues, vous \u00eates un comit\u00e9 d&rsquo;entreprise ? Nous pouvons organiser pour vous des eco-trekking avec nos guides pour 1, 2, 3 jours ou m\u00eame beaucoup plus ! Nous travaillons avec nos propres guides, aussi nous pouvons cr\u00e9er le trek parfait en fonction de [&hellip;]<\/p>\n","protected":false},"author":5,"featured_media":0,"parent":0,"menu_order":0,"comment_status":"closed","ping_status":"closed","template":"","meta":{"footnotes":""},"class_list":["post-1415","page","type-page","status-publish","hentry","entry","has-post-thumbnail"],"yoast_head":"<!-- This site is optimized with the Yoast SEO plugin v27.3 - https:\/\/yoast.com\/product\/yoast-seo-wordpress\/ -->\n<title>Organisation de trekking priv\u00e9 pour des groupes dans la jungle de Chiang Mai<\/title>\n<meta name=\"robots\" content=\"index, follow, max-snippet:-1, max-image-preview:large, max-video-preview:-1\" \/>\n<link rel=\"canonical\" href=\"https:\/\/chiang-mai-trekking.com\/fr\/trek-prive-en-groupe\/\" \/>\n<meta property=\"og:locale\" content=\"fr_FR\" \/>\n<meta property=\"og:type\" content=\"article\" \/>\n<meta property=\"og:title\" content=\"Organisation de trekking priv\u00e9 pour des groupes dans la jungle de Chiang Mai\" \/>\n<meta property=\"og:description\" content=\"Vous allez venir en Thailande en groupe ? Avec des amis, des collegues, vous \u00eates un comit\u00e9 d&#039;entreprise ? Nous pouvons organiser pour vous des eco-trekking avec nos guides pour 1, 2, 3 jours ou m\u00eame beaucoup plus ! Nous travaillons avec nos propres guides, aussi nous pouvons cr\u00e9er le trek parfait en fonction de [&hellip;]\" \/>\n<meta property=\"og:url\" content=\"https:\/\/chiang-mai-trekking.com\/fr\/trek-prive-en-groupe\/\" \/>\n<meta property=\"og:site_name\" content=\"Chiang Mai trekking\" \/>\n<meta property=\"article:modified_time\" content=\"2022-07-14T07:19:46+00:00\" \/>\n<meta property=\"og:image\" content=\"https:\/\/chiang-mai-trekking.com\/wp-content\/uploads\/2022\/05\/1-day-join-group-only-walk-7.jpg\" \/>\n<meta name=\"twitter:card\" content=\"summary_large_image\" \/>\n<meta name=\"twitter:label1\" content=\"Dur\u00e9e de lecture estim\u00e9e\" \/>\n\t<meta name=\"twitter:data1\" content=\"1 minute\" \/>\n<script type=\"application\/ld+json\" class=\"yoast-schema-graph\">{\"@context\":\"https:\\\/\\\/schema.org\",\"@graph\":[{\"@type\":\"WebPage\",\"@id\":\"https:\\\/\\\/chiang-mai-trekking.com\\\/fr\\\/trek-prive-en-groupe\\\/\",\"url\":\"https:\\\/\\\/chiang-mai-trekking.com\\\/fr\\\/trek-prive-en-groupe\\\/\",\"name\":\"Organisation de trekking priv\u00e9 pour des groupes dans la jungle de Chiang Mai\",\"isPartOf\":{\"@id\":\"https:\\\/\\\/chiang-mai-trekking.com\\\/fr\\\/#website\"},\"primaryImageOfPage\":{\"@id\":\"https:\\\/\\\/chiang-mai-trekking.com\\\/fr\\\/trek-prive-en-groupe\\\/#primaryimage\"},\"image\":{\"@id\":\"https:\\\/\\\/chiang-mai-trekking.com\\\/fr\\\/trek-prive-en-groupe\\\/#primaryimage\"},\"thumbnailUrl\":\"https:\\\/\\\/chiang-mai-trekking.com\\\/wp-content\\\/uploads\\\/2022\\\/05\\\/1-day-join-group-only-walk-7.jpg\",\"datePublished\":\"2017-09-13T02:52:04+00:00\",\"dateModified\":\"2022-07-14T07:19:46+00:00\",\"breadcrumb\":{\"@id\":\"https:\\\/\\\/chiang-mai-trekking.com\\\/fr\\\/trek-prive-en-groupe\\\/#breadcrumb\"},\"inLanguage\":\"fr-FR\",\"potentialAction\":[{\"@type\":\"ReadAction\",\"target\":[\"https:\\\/\\\/chiang-mai-trekking.com\\\/fr\\\/trek-prive-en-groupe\\\/\"]}]},{\"@type\":\"ImageObject\",\"inLanguage\":\"fr-FR\",\"@id\":\"https:\\\/\\\/chiang-mai-trekking.com\\\/fr\\\/trek-prive-en-groupe\\\/#primaryimage\",\"url\":\"https:\\\/\\\/chiang-mai-trekking.com\\\/wp-content\\\/uploads\\\/2022\\\/05\\\/1-day-join-group-only-walk-7.jpg\",\"contentUrl\":\"https:\\\/\\\/chiang-mai-trekking.com\\\/wp-content\\\/uploads\\\/2022\\\/05\\\/1-day-join-group-only-walk-7.jpg\"},{\"@type\":\"BreadcrumbList\",\"@id\":\"https:\\\/\\\/chiang-mai-trekking.com\\\/fr\\\/trek-prive-en-groupe\\\/#breadcrumb\",\"itemListElement\":[{\"@type\":\"ListItem\",\"position\":1,\"name\":\"Home\",\"item\":\"https:\\\/\\\/chiang-mai-trekking.com\\\/fr\\\/\"},{\"@type\":\"ListItem\",\"position\":2,\"name\":\"Trek priv\u00e9 en groupe\"}]},{\"@type\":\"WebSite\",\"@id\":\"https:\\\/\\\/chiang-mai-trekking.com\\\/fr\\\/#website\",\"url\":\"https:\\\/\\\/chiang-mai-trekking.com\\\/fr\\\/\",\"name\":\"Chiang Mai trekking\",\"description\":\"Chiang Mai trekking, Trek \u00e0 Chiang Mai. R\u00e9server directement les meilleurs trek de Chiang Mai 1, 2 ou 3 jours en trekking.\",\"potentialAction\":[{\"@type\":\"SearchAction\",\"target\":{\"@type\":\"EntryPoint\",\"urlTemplate\":\"https:\\\/\\\/chiang-mai-trekking.com\\\/fr\\\/?s={search_term_string}\"},\"query-input\":{\"@type\":\"PropertyValueSpecification\",\"valueRequired\":true,\"valueName\":\"search_term_string\"}}],\"inLanguage\":\"fr-FR\"}]}<\/script>\n<!-- \/ Yoast SEO plugin. -->","yoast_head_json":{"title":"Organisation de trekking priv\u00e9 pour des groupes dans la jungle de Chiang Mai","robots":{"index":"index","follow":"follow","max-snippet":"max-snippet:-1","max-image-preview":"max-image-preview:large","max-video-preview":"max-video-preview:-1"},"canonical":"https:\/\/chiang-mai-trekking.com\/fr\/trek-prive-en-groupe\/","og_locale":"fr_FR","og_type":"article","og_title":"Organisation de trekking priv\u00e9 pour des groupes dans la jungle de Chiang Mai","og_description":"Vous allez venir en Thailande en groupe ? Avec des amis, des collegues, vous \u00eates un comit\u00e9 d'entreprise ? Nous pouvons organiser pour vous des eco-trekking avec nos guides pour 1, 2, 3 jours ou m\u00eame beaucoup plus ! Nous travaillons avec nos propres guides, aussi nous pouvons cr\u00e9er le trek parfait en fonction de [&hellip;]","og_url":"https:\/\/chiang-mai-trekking.com\/fr\/trek-prive-en-groupe\/","og_site_name":"Chiang Mai trekking","article_modified_time":"2022-07-14T07:19:46+00:00","og_image":[{"url":"https:\/\/chiang-mai-trekking.com\/wp-content\/uploads\/2022\/05\/1-day-join-group-only-walk-7.jpg","type":"","width":"","height":""}],"twitter_card":"summary_large_image","twitter_misc":{"Dur\u00e9e de lecture estim\u00e9e":"1 minute"},"schema":{"@context":"https:\/\/schema.org","@graph":[{"@type":"WebPage","@id":"https:\/\/chiang-mai-trekking.com\/fr\/trek-prive-en-groupe\/","url":"https:\/\/chiang-mai-trekking.com\/fr\/trek-prive-en-groupe\/","name":"Organisation de trekking priv\u00e9 pour des groupes dans la jungle de Chiang Mai","isPartOf":{"@id":"https:\/\/chiang-mai-trekking.com\/fr\/#website"},"primaryImageOfPage":{"@id":"https:\/\/chiang-mai-trekking.com\/fr\/trek-prive-en-groupe\/#primaryimage"},"image":{"@id":"https:\/\/chiang-mai-trekking.com\/fr\/trek-prive-en-groupe\/#primaryimage"},"thumbnailUrl":"https:\/\/chiang-mai-trekking.com\/wp-content\/uploads\/2022\/05\/1-day-join-group-only-walk-7.jpg","datePublished":"2017-09-13T02:52:04+00:00","dateModified":"2022-07-14T07:19:46+00:00","breadcrumb":{"@id":"https:\/\/chiang-mai-trekking.com\/fr\/trek-prive-en-groupe\/#breadcrumb"},"inLanguage":"fr-FR","potentialAction":[{"@type":"ReadAction","target":["https:\/\/chiang-mai-trekking.com\/fr\/trek-prive-en-groupe\/"]}]},{"@type":"ImageObject","inLanguage":"fr-FR","@id":"https:\/\/chiang-mai-trekking.com\/fr\/trek-prive-en-groupe\/#primaryimage","url":"https:\/\/chiang-mai-trekking.com\/wp-content\/uploads\/2022\/05\/1-day-join-group-only-walk-7.jpg","contentUrl":"https:\/\/chiang-mai-trekking.com\/wp-content\/uploads\/2022\/05\/1-day-join-group-only-walk-7.jpg"},{"@type":"BreadcrumbList","@id":"https:\/\/chiang-mai-trekking.com\/fr\/trek-prive-en-groupe\/#breadcrumb","itemListElement":[{"@type":"ListItem","position":1,"name":"Home","item":"https:\/\/chiang-mai-trekking.com\/fr\/"},{"@type":"ListItem","position":2,"name":"Trek priv\u00e9 en groupe"}]},{"@type":"WebSite","@id":"https:\/\/chiang-mai-trekking.com\/fr\/#website","url":"https:\/\/chiang-mai-trekking.com\/fr\/","name":"Chiang Mai trekking","description":"Chiang Mai trekking, Trek \u00e0 Chiang Mai. R\u00e9server directement les meilleurs trek de Chiang Mai 1, 2 ou 3 jours en trekking.","potentialAction":[{"@type":"SearchAction","target":{"@type":"EntryPoint","urlTemplate":"https:\/\/chiang-mai-trekking.com\/fr\/?s={search_term_string}"},"query-input":{"@type":"PropertyValueSpecification","valueRequired":true,"valueName":"search_term_string"}}],"inLanguage":"fr-FR"}]}},"_links":{"self":[{"href":"https:\/\/chiang-mai-trekking.com\/fr\/wp-json\/wp\/v2\/pages\/1415","targetHints":{"allow":["GET"]}}],"collection":[{"href":"https:\/\/chiang-mai-trekking.com\/fr\/wp-json\/wp\/v2\/pages"}],"about":[{"href":"https:\/\/chiang-mai-trekking.com\/fr\/wp-json\/wp\/v2\/types\/page"}],"author":[{"embeddable":true,"href":"https:\/\/chiang-mai-trekking.com\/fr\/wp-json\/wp\/v2\/users\/5"}],"replies":[{"embeddable":true,"href":"https:\/\/chiang-mai-trekking.com\/fr\/wp-json\/wp\/v2\/comments?post=1415"}],"version-history":[{"count":1,"href":"https:\/\/chiang-mai-trekking.com\/fr\/wp-json\/wp\/v2\/pages\/1415\/revisions"}],"predecessor-version":[{"id":5267,"href":"https:\/\/chiang-mai-trekking.com\/fr\/wp-json\/wp\/v2\/pages\/1415\/revisions\/5267"}],"wp:attachment":[{"href":"https:\/\/chiang-mai-trekking.com\/fr\/wp-json\/wp\/v2\/media?parent=1415"}],"curies":[{"name":"wp","href":"https:\/\/api.w.org\/{rel}","templated":true}]}}