{"id":1165,"date":"2015-03-18T10:52:36","date_gmt":"2015-03-18T03:52:36","guid":{"rendered":"http:\/\/chiang-mai-trekking.com\/?page_id=1165"},"modified":"2023-12-17T13:20:26","modified_gmt":"2023-12-17T06:20:26","slug":"treks-en-groupe","status":"publish","type":"page","link":"https:\/\/chiang-mai-trekking.com\/fr\/treks-en-groupe\/","title":{"rendered":"Treks en groupe"},"content":{"rendered":"<h2>Admirez les paysages somptueux de la Thailande et rencontrez des gens venus du monde entier.<\/h2>\n<p>D\u00e9couvrez notre <strong>s\u00e9lection de treks en groupe<\/strong> ( 4 a 12 personnes ) au meilleur prix !<br \/>\nCes treks ne sont pas des eco-treks, si vous souhaitez soutenir un tourisme responsable, <a href=\"http:\/\/chiang-mai-trekking.com\/fr\/cool-eco-trekkings\/\">merci de regarder nos eco-treks en priv\u00e9 sur cette page<\/a><\/p>\n<div class=\"row\"><div class=\"newTrekPage col-md-4\">   \r\n\t\t\t\t<div class=\"inside\" style=\"height:100%\">\r\n\t              <a href=\"https:\/\/chiang-mai-trekking.com\/fr\/sentier-naturel-de-phat-lad-avec-le-temple-de-doi-suthep\/\">\r\n\t                \t\t<p class=\"days\">&nbsp;\r\n\t                \t\t\t<span style=\"float:left;padding-right:6px\">\ud83d\udccd Chiang mai<\/span>\r\n\t                \t\t\t<span style=\"float:right;padding-right:6px\">\ud83d\udd52 1 jour<\/span>\r\n\t                \t\t<\/p>\r\n\r\n\t                    <!-- <span style=\"position:absolute; right: 16px; padding: 3px; text-align:right; background-color: rgba(0,0,0,0.5);\"> -->\r\n\t                    \r\n\t                    <\/span>\r\n\t\t\t            <img decoding=\"async\" src=\"https:\/\/chiang-mai-trekking.com\/wp-content\/uploads\/2022\/10\/Phat_Lad_nature_trail_trekking_Doi_Suthep_temple_2.jpg\" \/>\r\n\t\t\t              \r\n\t\t\t              \r\n\t\t\t              <p class=\"title\">Sentier naturel de Phat Lad avec le temple de Doi Suthep<\/p>\r\n\t\t\t              <p>Le \"sentier des moines\" un trek facile avec les temples les plus c\u00e9l\u00e8bres de Chiang Mai<\/p>\r\n\t\t\t             \r\n\r\n\t\t\t              <\/a>\r\n\t\t\t    <\/div>\r\n            <\/div><div class=\"newTrekPage col-md-4\">   \r\n\t\t\t\t<div class=\"inside\" style=\"height:100%\">\r\n\t              <a href=\"https:\/\/chiang-mai-trekking.com\/fr\/1-jour-doi-inthanon-et-kew-mae-pan-trail\/\">\r\n\t                \t\t<p class=\"days\">&nbsp;\r\n\t                \t\t\t<span style=\"float:left;padding-right:6px\">\ud83d\udccd <\/span>\r\n\t                \t\t\t<span style=\"float:right;padding-right:6px\">\ud83d\udd52 1 jour<\/span>\r\n\t                \t\t<\/p>\r\n\r\n\t                    <!-- <span style=\"position:absolute; right: 16px; padding: 3px; text-align:right; background-color: rgba(0,0,0,0.5);\"> -->\r\n\t                    \r\n\t                    <\/span>\r\n\t\t\t            <img decoding=\"async\" src=\"https:\/\/chiang-mai-trekking.com\/wp-content\/uploads\/2019\/03\/1-jour-trekking-doi-inthanon-kew-mae-pan-chiang-mai-thailande-7-500x332.jpg\" \/>\r\n\t\t\t              \r\n\t\t\t              \r\n\t\t\t              <p class=\"title\">1 jour Doi Inthanon et sentier de Kew Mae Pan trail - groupe<\/p>\r\n\t\t\t              <p>Montez au plus haut point de la Thailande ! Soyez prets pour une randonn\u00e9e sur un des plus c\u00e9l\u00e8bres sentier du Parc: Kew Mae Pan,<\/p>\r\n\t\t\t             \r\n\r\n\t\t\t              <\/a>\r\n\t\t\t    <\/div>\r\n            <\/div><\/div>\n\n<div class=\"wpml-ls-statics-footer wpml-ls wpml-ls-legacy-list-horizontal\" id=\"lang_sel_footer\">\n\t<ul role=\"menu\"><li class=\"wpml-ls-slot-footer wpml-ls-item wpml-ls-item-en wpml-ls-first-item wpml-ls-item-legacy-list-horizontal\" role=\"none\">\n\t\t\t\t<a href=\"https:\/\/chiang-mai-trekking.com\/\" class=\"wpml-ls-link\" role=\"menuitem\"  aria-label=\"Passer \u00e0 English\" title=\"Passer \u00e0 English\" >\n                                                        <img decoding=\"async\"\n            class=\"wpml-ls-flag iclflag\"\n            src=\"https:\/\/chiang-mai-trekking.com\/wp-content\/plugins\/sitepress-multilingual-cms\/res\/flags\/en.png\"\n            alt=\"\"\n            width=18\n            height=12\n    \/><span class=\"wpml-ls-native icl_lang_sel_native\" lang=\"en\">English<\/span><\/a>\n\t\t\t<\/li><li class=\"wpml-ls-slot-footer wpml-ls-item wpml-ls-item-fr wpml-ls-current-language wpml-ls-item-legacy-list-horizontal\" role=\"none\">\n\t\t\t\t<a href=\"https:\/\/chiang-mai-trekking.com\/fr\/\" class=\"wpml-ls-link\" role=\"menuitem\" >\n                                                        <img decoding=\"async\"\n            class=\"wpml-ls-flag iclflag\"\n            src=\"https:\/\/chiang-mai-trekking.com\/wp-content\/plugins\/sitepress-multilingual-cms\/res\/flags\/fr.png\"\n            alt=\"\"\n            width=18\n            height=12\n    \/><span class=\"wpml-ls-native icl_lang_sel_native\" role=\"menuitem\">Fran\u00e7ais<\/span><\/a>\n\t\t\t<\/li><li class=\"wpml-ls-slot-footer wpml-ls-item wpml-ls-item-de wpml-ls-last-item wpml-ls-item-legacy-list-horizontal\" role=\"none\">\n\t\t\t\t<a href=\"https:\/\/chiang-mai-trekking.com\/de\/\" class=\"wpml-ls-link\" role=\"menuitem\"  aria-label=\"Passer \u00e0 Deutsch\" title=\"Passer \u00e0 Deutsch\" >\n                                                        <img decoding=\"async\"\n            class=\"wpml-ls-flag iclflag\"\n            src=\"https:\/\/chiang-mai-trekking.com\/wp-content\/plugins\/sitepress-multilingual-cms\/res\/flags\/de.png\"\n            alt=\"\"\n            width=18\n            height=12\n    \/><span class=\"wpml-ls-native icl_lang_sel_native\" lang=\"de\">Deutsch<\/span><\/a>\n\t\t\t<\/li><\/ul>\n<\/div>\n\n","protected":false},"excerpt":{"rendered":"<p>Admirez les paysages somptueux de la Thailande et rencontrez des gens venus du monde entier. D\u00e9couvrez notre s\u00e9lection de treks en groupe ( 4 a 12 personnes ) au meilleur prix ! Ces treks ne sont pas des eco-treks, si vous souhaitez soutenir un tourisme responsable, merci de regarder nos eco-treks en priv\u00e9 sur cette [&hellip;]<\/p>\n","protected":false},"author":5,"featured_media":0,"parent":0,"menu_order":0,"comment_status":"closed","ping_status":"closed","template":"","meta":{"footnotes":""},"class_list":["post-1165","page","type-page","status-publish","hentry","entry"],"yoast_head":"<!-- This site is optimized with the Yoast SEO plugin v27.3 - https:\/\/yoast.com\/product\/yoast-seo-wordpress\/ -->\n<title>Treks en groupe Thailande | Randonn\u00e9e jungle | Chiang Mai Trekking<\/title>\n<meta name=\"description\" content=\"Trekking en groupe de qualit\u00e9 et au meilleur prix \u00e0\u00a0 Chiang mai en Thailande. 1 jour, 2 jours, Parc National Doi Inthanon... R\u00e9servez en fran\u00e0\u00a7ais\" \/>\n<meta name=\"robots\" content=\"index, follow, max-snippet:-1, max-image-preview:large, max-video-preview:-1\" \/>\n<link rel=\"canonical\" href=\"https:\/\/chiang-mai-trekking.com\/fr\/treks-en-groupe\/\" \/>\n<meta property=\"og:locale\" content=\"fr_FR\" \/>\n<meta property=\"og:type\" content=\"article\" \/>\n<meta property=\"og:title\" content=\"Treks en groupe Thailande | Randonn\u00e9e jungle | Chiang Mai Trekking\" \/>\n<meta property=\"og:description\" content=\"Trekking en groupe de qualit\u00e9 et au meilleur prix \u00e0\u00a0 Chiang mai en Thailande. 1 jour, 2 jours, Parc National Doi Inthanon... R\u00e9servez en fran\u00e0\u00a7ais\" \/>\n<meta property=\"og:url\" content=\"https:\/\/chiang-mai-trekking.com\/fr\/treks-en-groupe\/\" \/>\n<meta property=\"og:site_name\" content=\"Chiang Mai trekking\" \/>\n<meta property=\"article:modified_time\" content=\"2023-12-17T06:20:26+00:00\" \/>\n<meta property=\"og:image\" content=\"https:\/\/chiang-mai-trekking.com\/wp-content\/uploads\/2017\/02\/Off-the-beaten-track-.png\" \/>\n\t<meta property=\"og:image:width\" content=\"940\" \/>\n\t<meta property=\"og:image:height\" content=\"788\" \/>\n\t<meta property=\"og:image:type\" content=\"image\/png\" \/>\n<meta name=\"twitter:card\" content=\"summary_large_image\" \/>\n<script type=\"application\/ld+json\" class=\"yoast-schema-graph\">{\"@context\":\"https:\\\/\\\/schema.org\",\"@graph\":[{\"@type\":\"WebPage\",\"@id\":\"https:\\\/\\\/chiang-mai-trekking.com\\\/fr\\\/treks-en-groupe\\\/\",\"url\":\"https:\\\/\\\/chiang-mai-trekking.com\\\/fr\\\/treks-en-groupe\\\/\",\"name\":\"Treks en groupe Thailande | Randonn\u00e9e jungle | Chiang Mai Trekking\",\"isPartOf\":{\"@id\":\"https:\\\/\\\/chiang-mai-trekking.com\\\/fr\\\/#website\"},\"datePublished\":\"2015-03-18T03:52:36+00:00\",\"dateModified\":\"2023-12-17T06:20:26+00:00\",\"description\":\"Trekking en groupe de qualit\u00e9 et au meilleur prix \u00e0\u00a0 Chiang mai en Thailande. 1 jour, 2 jours, Parc National Doi Inthanon... R\u00e9servez en fran\u00e0\u00a7ais\",\"breadcrumb\":{\"@id\":\"https:\\\/\\\/chiang-mai-trekking.com\\\/fr\\\/treks-en-groupe\\\/#breadcrumb\"},\"inLanguage\":\"fr-FR\",\"potentialAction\":[{\"@type\":\"ReadAction\",\"target\":[\"https:\\\/\\\/chiang-mai-trekking.com\\\/fr\\\/treks-en-groupe\\\/\"]}]},{\"@type\":\"BreadcrumbList\",\"@id\":\"https:\\\/\\\/chiang-mai-trekking.com\\\/fr\\\/treks-en-groupe\\\/#breadcrumb\",\"itemListElement\":[{\"@type\":\"ListItem\",\"position\":1,\"name\":\"Home\",\"item\":\"https:\\\/\\\/chiang-mai-trekking.com\\\/fr\\\/\"},{\"@type\":\"ListItem\",\"position\":2,\"name\":\"Treks en groupe\"}]},{\"@type\":\"WebSite\",\"@id\":\"https:\\\/\\\/chiang-mai-trekking.com\\\/fr\\\/#website\",\"url\":\"https:\\\/\\\/chiang-mai-trekking.com\\\/fr\\\/\",\"name\":\"Chiang Mai trekking\",\"description\":\"Chiang Mai trekking, Trek \u00e0 Chiang Mai. R\u00e9server directement les meilleurs trek de Chiang Mai 1, 2 ou 3 jours en trekking.\",\"potentialAction\":[{\"@type\":\"SearchAction\",\"target\":{\"@type\":\"EntryPoint\",\"urlTemplate\":\"https:\\\/\\\/chiang-mai-trekking.com\\\/fr\\\/?s={search_term_string}\"},\"query-input\":{\"@type\":\"PropertyValueSpecification\",\"valueRequired\":true,\"valueName\":\"search_term_string\"}}],\"inLanguage\":\"fr-FR\"}]}<\/script>\n<!-- \/ Yoast SEO plugin. -->","yoast_head_json":{"title":"Treks en groupe Thailande | Randonn\u00e9e jungle | Chiang Mai Trekking","description":"Trekking en groupe de qualit\u00e9 et au meilleur prix \u00e0\u00a0 Chiang mai en Thailande. 1 jour, 2 jours, Parc National Doi Inthanon... R\u00e9servez en fran\u00e0\u00a7ais","robots":{"index":"index","follow":"follow","max-snippet":"max-snippet:-1","max-image-preview":"max-image-preview:large","max-video-preview":"max-video-preview:-1"},"canonical":"https:\/\/chiang-mai-trekking.com\/fr\/treks-en-groupe\/","og_locale":"fr_FR","og_type":"article","og_title":"Treks en groupe Thailande | Randonn\u00e9e jungle | Chiang Mai Trekking","og_description":"Trekking en groupe de qualit\u00e9 et au meilleur prix \u00e0\u00a0 Chiang mai en Thailande. 1 jour, 2 jours, Parc National Doi Inthanon... R\u00e9servez en fran\u00e0\u00a7ais","og_url":"https:\/\/chiang-mai-trekking.com\/fr\/treks-en-groupe\/","og_site_name":"Chiang Mai trekking","article_modified_time":"2023-12-17T06:20:26+00:00","og_image":[{"width":940,"height":788,"url":"https:\/\/chiang-mai-trekking.com\/wp-content\/uploads\/2017\/02\/Off-the-beaten-track-.png","type":"image\/png"}],"twitter_card":"summary_large_image","schema":{"@context":"https:\/\/schema.org","@graph":[{"@type":"WebPage","@id":"https:\/\/chiang-mai-trekking.com\/fr\/treks-en-groupe\/","url":"https:\/\/chiang-mai-trekking.com\/fr\/treks-en-groupe\/","name":"Treks en groupe Thailande | Randonn\u00e9e jungle | Chiang Mai Trekking","isPartOf":{"@id":"https:\/\/chiang-mai-trekking.com\/fr\/#website"},"datePublished":"2015-03-18T03:52:36+00:00","dateModified":"2023-12-17T06:20:26+00:00","description":"Trekking en groupe de qualit\u00e9 et au meilleur prix \u00e0\u00a0 Chiang mai en Thailande. 1 jour, 2 jours, Parc National Doi Inthanon... R\u00e9servez en fran\u00e0\u00a7ais","breadcrumb":{"@id":"https:\/\/chiang-mai-trekking.com\/fr\/treks-en-groupe\/#breadcrumb"},"inLanguage":"fr-FR","potentialAction":[{"@type":"ReadAction","target":["https:\/\/chiang-mai-trekking.com\/fr\/treks-en-groupe\/"]}]},{"@type":"BreadcrumbList","@id":"https:\/\/chiang-mai-trekking.com\/fr\/treks-en-groupe\/#breadcrumb","itemListElement":[{"@type":"ListItem","position":1,"name":"Home","item":"https:\/\/chiang-mai-trekking.com\/fr\/"},{"@type":"ListItem","position":2,"name":"Treks en groupe"}]},{"@type":"WebSite","@id":"https:\/\/chiang-mai-trekking.com\/fr\/#website","url":"https:\/\/chiang-mai-trekking.com\/fr\/","name":"Chiang Mai trekking","description":"Chiang Mai trekking, Trek \u00e0 Chiang Mai. R\u00e9server directement les meilleurs trek de Chiang Mai 1, 2 ou 3 jours en trekking.","potentialAction":[{"@type":"SearchAction","target":{"@type":"EntryPoint","urlTemplate":"https:\/\/chiang-mai-trekking.com\/fr\/?s={search_term_string}"},"query-input":{"@type":"PropertyValueSpecification","valueRequired":true,"valueName":"search_term_string"}}],"inLanguage":"fr-FR"}]}},"_links":{"self":[{"href":"https:\/\/chiang-mai-trekking.com\/fr\/wp-json\/wp\/v2\/pages\/1165","targetHints":{"allow":["GET"]}}],"collection":[{"href":"https:\/\/chiang-mai-trekking.com\/fr\/wp-json\/wp\/v2\/pages"}],"about":[{"href":"https:\/\/chiang-mai-trekking.com\/fr\/wp-json\/wp\/v2\/types\/page"}],"author":[{"embeddable":true,"href":"https:\/\/chiang-mai-trekking.com\/fr\/wp-json\/wp\/v2\/users\/5"}],"replies":[{"embeddable":true,"href":"https:\/\/chiang-mai-trekking.com\/fr\/wp-json\/wp\/v2\/comments?post=1165"}],"version-history":[{"count":1,"href":"https:\/\/chiang-mai-trekking.com\/fr\/wp-json\/wp\/v2\/pages\/1165\/revisions"}],"predecessor-version":[{"id":5899,"href":"https:\/\/chiang-mai-trekking.com\/fr\/wp-json\/wp\/v2\/pages\/1165\/revisions\/5899"}],"wp:attachment":[{"href":"https:\/\/chiang-mai-trekking.com\/fr\/wp-json\/wp\/v2\/media?parent=1165"}],"curies":[{"name":"wp","href":"https:\/\/api.w.org\/{rel}","templated":true}]}}