{"id":1098,"date":"2015-03-17T16:19:50","date_gmt":"2015-03-17T09:19:50","guid":{"rendered":"http:\/\/chiang-mai-trekking.com\/?page_id=1098"},"modified":"2015-03-17T16:28:04","modified_gmt":"2015-03-17T09:28:04","slug":"doi-inthanon-plus-haute-montagne-thailande","status":"publish","type":"page","link":"https:\/\/chiang-mai-trekking.com\/fr\/doi-inthanon-plus-haute-montagne-thailande\/","title":{"rendered":"Doi Inthanon la plus haute montagne de Thailande"},"content":{"rendered":"<p style=\"text-align: justify;\"><a href=\"http:\/\/chiang-mai-trekking.com\/wp-content\/uploads\/2015\/03\/doi-inthanon.jpg\"><img loading=\"lazy\" decoding=\"async\" class=\"aligncenter size-full wp-image-1093\" src=\"http:\/\/chiang-mai-trekking.com\/wp-content\/uploads\/2015\/03\/doi-inthanon.jpg\" alt=\"doi-inthanon\" width=\"2592\" height=\"798\" srcset=\"https:\/\/chiang-mai-trekking.com\/wp-content\/uploads\/2015\/03\/doi-inthanon.jpg 2592w, https:\/\/chiang-mai-trekking.com\/wp-content\/uploads\/2015\/03\/doi-inthanon-500x154.jpg 500w, https:\/\/chiang-mai-trekking.com\/wp-content\/uploads\/2015\/03\/doi-inthanon-1024x315.jpg 1024w\" sizes=\"auto, (max-width: 2592px) 100vw, 2592px\" \/><\/a><br \/>\nLe\u00a0<strong>Doi Inthanon<\/strong>\u00a0,\u00a0<strong>\u00abtoit de la Tha\u00eflande\u00bb\u00a0<\/strong>est la plus haute montagne tha\u00eflandais, avec une altitude de 2 565 m, elle fait partie de l'Himalaya et est le s<span class=\"ver\" title=\"\">ixi\u00e8me plus grand<\/span> parc national du pays. Avant le 20\u00e8me si\u00e8cle, la montagne \u00e9tait connue comme Doi Angka, mais elle a prit le nom du dernier souverain de Chiang Mai : le Roi Inthawichayanon,car ce roi a vu l'importance du r\u00f4le que pouvait avoir les for\u00eats, pour alimenter toute la Thailande centrale\u00a0en eau.\u00a0\u00a0Ses cendres sont enterr\u00e9es au sommet de la montagne et la stupa qui lui est d\u00e9di\u00e9e est visit\u00e9e par des milliers de tha\u00eflandais chaque ann\u00e9e.<\/p>\n<p style=\"text-align: justify;\"><img loading=\"lazy\" decoding=\"async\" class=\"alignleft wp-image-1089 size-medium\" src=\"http:\/\/chiang-mai-trekking.com\/wp-content\/uploads\/2015\/03\/Doi-Inthanon-7-500x281.jpg\" alt=\"DCIM100GOPRO\" width=\"500\" height=\"281\" srcset=\"https:\/\/chiang-mai-trekking.com\/wp-content\/uploads\/2015\/03\/Doi-Inthanon-7-500x281.jpg 500w, https:\/\/chiang-mai-trekking.com\/wp-content\/uploads\/2015\/03\/Doi-Inthanon-7-1024x576.jpg 1024w, https:\/\/chiang-mai-trekking.com\/wp-content\/uploads\/2015\/03\/Doi-Inthanon-7.jpg 1920w\" sizes=\"auto, (max-width: 500px) 100vw, 500px\" \/>Le <strong>parc Doi Inthanon<\/strong> est l'un des \u00e9cosyst\u00e8mes naturels les mieux pr\u00e9serv\u00e9s et il s'\u00e9tend sur le plus grand plateau de la Tha\u00eflande. Ayant un climat similaire \u00e0 celui de l'Europe nordique, frais et humide, c'est le seul endroit o\u00f9 il peut geler pendant l'hiver en Tha\u00eflande. Il comprend des beaut\u00e9s qui vont vraiment couper votre souffle et faire votre esprit s\u2019arr\u00eater dans des moments qui durent une \u00e9ternit\u00e9: les roses sauvages et les \u00abroses de mille-ann\u00e9e\u00bb, les orchid\u00e9es vanda, le phycastilis, le rhododendron rouge,\u00a0 les paysages exceptionnels, les cascades et les rivi\u00e8res \u00e9tonnantes, les forets humides \u00e0 feuilles persistantes, les for\u00eats de feuillus et de pin et de nombreuses autres merveilles naturelles.<\/p>\n<p style=\"text-align: justify;\">La <strong>Station Royale de l'Agriculture Inthanon<\/strong>\u00a0cr\u00e9\u00e9e par Sa Majest\u00e9 le Roi Bhumibol Adulyadej dans les ann\u00e9es 1970, a\u00a0\u00e9t\u00e9 une\u00a0alternative constructive dans la guerre contre le opium et comme un moyen d'am\u00e9liorer la vie des tribus qui y vivent. Le nord de la Tha\u00eflande \u00e9tant connu comme <em>l\u2019inf\u00e2me triangle d'or<\/em> du trafic d'opium et de la h\u00e9ro\u00efne entre Tha\u00eflande le Laos et Myanmar, il s'av\u00e8re la n\u00e9cessit\u00e9 de cr\u00e9er un changement durable.<\/p>\n<p style=\"text-align: justify;\">La visite vous am\u00e8nera \u00e0 d\u00e9couvrir l'agriculture traditionnelle, les diff\u00e9rents jardin magnifiques qui sont accessible\u00a0aux touristes, la culture typique des tribus. Vous verrez les terrasses du champs\u00a0de riz, les plantations de caf\u00e9 et les parcelles de fraises. Vous pourrez regarder le tissage traditionnel de v\u00eatements et supporter les tribus en achetant des mat\u00e9riaux textiles Karen comme souvenirs.<\/p>\n<p style=\"text-align: justify;\">Les <strong>Chedis Jumeaux \u00abLes Pagodes du Roi et de la Reine\u00bb<\/strong> ont \u00e9t\u00e9 construit dans les ann\u00e9es 1990 pour c\u00e9l\u00e9brer l'anniversaire des 60 ans du Roi Bhumibol et de la Reine Sirikit. Les noms des deux Chedis en marbre sont Pra Mahathart Napamaythaneedol Chedi, color\u00e9 d'une teinte marron et Pra Mahathart Napapoommisiri Chedi, d'une teinte plus f\u00e9minine : lilas. Le Jardin Fleuri entoure les deux pagodes, dans des grandes terrasses multicolores qui vont subjuguer vos yeux.<\/p>\n<p style=\"text-align: justify;\">Le <strong>sentier Angka\u00a0<\/strong>ou <strong>le sentier de Michael :\u00a0<\/strong>d'apr\u00e8s Michael Walsh, biologiste Canadien, qui a con\u00e7u et surveiller la construction de la passerelle en bois qui s'\u00e9tend sur\u00a0360m. Vous allez d\u00e9couvrir une vall\u00e9e luxuriante, avec des arbres qui sont recouvert de\u00a0mousse, des orchid\u00e9es et des esp\u00e8ces d'oiseaux rares. Vous allez vous r\u00e9jouir dans cette nature qui\u00a0 incarne la libert\u00e9 dans toutes ses formes.<\/p>\n<p style=\"text-align: justify;\"><img loading=\"lazy\" decoding=\"async\" class=\"alignright size-medium wp-image-1091\" src=\"http:\/\/chiang-mai-trekking.com\/wp-content\/uploads\/2015\/03\/Doi-Inthanon-3-500x281.jpg\" alt=\"Doi-Inthanon (3)\" width=\"500\" height=\"281\" srcset=\"https:\/\/chiang-mai-trekking.com\/wp-content\/uploads\/2015\/03\/Doi-Inthanon-3-500x281.jpg 500w, https:\/\/chiang-mai-trekking.com\/wp-content\/uploads\/2015\/03\/Doi-Inthanon-3-1024x576.jpg 1024w, https:\/\/chiang-mai-trekking.com\/wp-content\/uploads\/2015\/03\/Doi-Inthanon-3.jpg 1920w\" sizes=\"auto, (max-width: 500px) 100vw, 500px\" \/>Pour beaucoup, \"<strong>Kew Mae Pan Trail<\/strong>\" est un paradis sur terre, c'est l'un des plus beaux sites touristiques de Chiang Mai.\u00a0Kew Mae Pan est une piste naturelle \u00e9ducative (explications claires et int\u00e9ressantes sur l\u2019\u00e9co syst\u00e8me et plus particuli\u00e8rement sur ce que c'est la \"cloud forest\"), qui couvre environ\u00a03km.\u00a0La \"cloud forest\" est un environnement qui a besoin de peu de lumi\u00e8re pour se d\u00e9velopper et elle prend l'eau de la condensation des nuages.<\/p>\n<p style=\"text-align: justify;\">Vous\u00a0passerez par diff\u00e9rents paysages : de la piste en pleine for\u00eat d'arbre recouvert de mousse et de foug\u00e8re, \u00e0 de grand champs qui changent de couleur du vert dans la saison des pluies \u00e0 la belle brune d'or dans la saison s\u00e8che ou encore aux brouillards \u00e9pais brumeux flottant au dessus de la surface.<\/p>\n<p style=\"text-align: justify;\">La for\u00eat au-dessus de 2 000 m\u00e8tres est couverte de lichens et d'orchid\u00e9es sauvages. Les plantes indig\u00e8nes ont besoin d'un haut niveau de la nutrition et elles utilisent les d\u00e9p\u00f4ts organiques.\u00a0De janvier \u00e0 Mars vous pouvez profiter des\u00a0grandes et belles \u00abMille ans roses rouges\" le long de la falaise, toute fleurissante durant cette p\u00e9riode.\u00a0Ce type particulier de rose est bien connu et est un point culminant de Kew Mae Pan Trail.<\/p>\n\n\t\t<style type=\"text\/css\">\n\t\t\t#gallery-1 {\n\t\t\t\tmargin: auto;\n\t\t\t}\n\t\t\t#gallery-1 .gallery-item {\n\t\t\t\tfloat: left;\n\t\t\t\tmargin-top: 10px;\n\t\t\t\ttext-align: center;\n\t\t\t\twidth: 33%;\n\t\t\t}\n\t\t\t#gallery-1 img {\n\t\t\t\tborder: 2px solid #cfcfcf;\n\t\t\t}\n\t\t\t#gallery-1 .gallery-caption {\n\t\t\t\tmargin-left: 0;\n\t\t\t}\n\t\t\t\/* see gallery_shortcode() in wp-includes\/media.php *\/\n\t\t<\/style>\n\t\t<div id='gallery-1' class='gallery galleryid-1098 gallery-columns-3 gallery-size-thumbnail'><dl class='gallery-item'>\n\t\t\t<dt class='gallery-icon landscape'>\n\t\t\t\t<a href='https:\/\/chiang-mai-trekking.com\/wp-content\/uploads\/2015\/03\/Doi-Inthanon-7.jpg'><img loading=\"lazy\" decoding=\"async\" width=\"300\" height=\"300\" src=\"https:\/\/chiang-mai-trekking.com\/wp-content\/uploads\/2015\/03\/Doi-Inthanon-7-300x300.jpg\" class=\"attachment-thumbnail size-thumbnail\" alt=\"\" \/><\/a>\n\t\t\t<\/dt><\/dl><dl class='gallery-item'>\n\t\t\t<dt class='gallery-icon landscape'>\n\t\t\t\t<a href='https:\/\/chiang-mai-trekking.com\/wp-content\/uploads\/2015\/03\/Doi-Inthanon-6.jpg'><img loading=\"lazy\" decoding=\"async\" width=\"300\" height=\"300\" src=\"https:\/\/chiang-mai-trekking.com\/wp-content\/uploads\/2015\/03\/Doi-Inthanon-6-300x300.jpg\" class=\"attachment-thumbnail size-thumbnail\" alt=\"\" \/><\/a>\n\t\t\t<\/dt><\/dl><dl class='gallery-item'>\n\t\t\t<dt class='gallery-icon landscape'>\n\t\t\t\t<a href='https:\/\/chiang-mai-trekking.com\/wp-content\/uploads\/2015\/03\/Doi-Inthanon-1.jpg'><img loading=\"lazy\" decoding=\"async\" width=\"300\" height=\"300\" src=\"https:\/\/chiang-mai-trekking.com\/wp-content\/uploads\/2015\/03\/Doi-Inthanon-1-300x300.jpg\" class=\"attachment-thumbnail size-thumbnail\" alt=\"\" \/><\/a>\n\t\t\t<\/dt><\/dl><br style=\"clear: both\" \/><dl class='gallery-item'>\n\t\t\t<dt class='gallery-icon landscape'>\n\t\t\t\t<a href='https:\/\/chiang-mai-trekking.com\/wp-content\/uploads\/2015\/03\/Doi-Inthanon-4.jpg'><img loading=\"lazy\" decoding=\"async\" width=\"300\" height=\"300\" src=\"https:\/\/chiang-mai-trekking.com\/wp-content\/uploads\/2015\/03\/Doi-Inthanon-4-300x300.jpg\" class=\"attachment-thumbnail size-thumbnail\" alt=\"\" \/><\/a>\n\t\t\t<\/dt><\/dl>\n\t\t\t<br style='clear: both' \/>\n\t\t<\/div>\n\n<p style=\"text-align: center;\"><a title=\"Nos trekking sur Chiang Mai\" href=\"http:\/\/chiang-mai-trekking.com\/fr\/nos-trekking-sur-chiang-mai\/\">Decouvrez nos trekking a Doi Inthanon<\/a><\/p>\n","protected":false},"excerpt":{"rendered":"<p>Le\u00a0Doi Inthanon\u00a0,\u00a0\u00abtoit de la Tha\u00eflande\u00bb\u00a0est la plus haute montagne tha\u00eflandais, avec une altitude de 2 565 m, elle fait partie de l&rsquo;Himalaya et est le sixi\u00e8me plus grand parc national du pays. Avant le 20\u00e8me si\u00e8cle, la montagne \u00e9tait connue comme Doi Angka, mais elle a prit le nom du dernier souverain de Chiang Mai [&hellip;]<\/p>\n","protected":false},"author":5,"featured_media":1088,"parent":0,"menu_order":0,"comment_status":"closed","ping_status":"closed","template":"","meta":{"footnotes":""},"class_list":["post-1098","page","type-page","status-publish","has-post-thumbnail","hentry","entry"],"yoast_head":"<!-- This site is optimized with the Yoast SEO plugin v27.3 - https:\/\/yoast.com\/product\/yoast-seo-wordpress\/ -->\n<title>Doi Inthanon la plus haute montagne de Thailande | Chiang Mai trekking<\/title>\n<meta name=\"robots\" content=\"index, follow, max-snippet:-1, max-image-preview:large, max-video-preview:-1\" \/>\n<link rel=\"canonical\" href=\"https:\/\/chiang-mai-trekking.com\/fr\/doi-inthanon-plus-haute-montagne-thailande\/\" \/>\n<meta property=\"og:locale\" content=\"fr_FR\" \/>\n<meta property=\"og:type\" content=\"article\" \/>\n<meta property=\"og:title\" content=\"Doi Inthanon la plus haute montagne de Thailande | Chiang Mai trekking\" \/>\n<meta property=\"og:description\" content=\"Le\u00a0Doi Inthanon\u00a0,\u00a0\u00abtoit de la Tha\u00eflande\u00bb\u00a0est la plus haute montagne tha\u00eflandais, avec une altitude de 2 565 m, elle fait partie de l&#039;Himalaya et est le sixi\u00e8me plus grand parc national du pays. Avant le 20\u00e8me si\u00e8cle, la montagne \u00e9tait connue comme Doi Angka, mais elle a prit le nom du dernier souverain de Chiang Mai [&hellip;]\" \/>\n<meta property=\"og:url\" content=\"https:\/\/chiang-mai-trekking.com\/fr\/doi-inthanon-plus-haute-montagne-thailande\/\" \/>\n<meta property=\"og:site_name\" content=\"Chiang Mai trekking\" \/>\n<meta property=\"article:modified_time\" content=\"2015-03-17T09:28:04+00:00\" \/>\n<meta property=\"og:image\" content=\"https:\/\/chiang-mai-trekking.com\/wp-content\/uploads\/2015\/03\/Doi-Inthanon-2.jpg\" \/>\n\t<meta property=\"og:image:width\" content=\"1920\" \/>\n\t<meta property=\"og:image:height\" content=\"1080\" \/>\n\t<meta property=\"og:image:type\" content=\"image\/jpeg\" \/>\n<meta name=\"twitter:card\" content=\"summary_large_image\" \/>\n<meta name=\"twitter:label1\" content=\"Dur\u00e9e de lecture estim\u00e9e\" \/>\n\t<meta name=\"twitter:data1\" content=\"4 minutes\" \/>\n<script type=\"application\/ld+json\" class=\"yoast-schema-graph\">{\"@context\":\"https:\\\/\\\/schema.org\",\"@graph\":[{\"@type\":\"WebPage\",\"@id\":\"https:\\\/\\\/chiang-mai-trekking.com\\\/fr\\\/doi-inthanon-plus-haute-montagne-thailande\\\/\",\"url\":\"https:\\\/\\\/chiang-mai-trekking.com\\\/fr\\\/doi-inthanon-plus-haute-montagne-thailande\\\/\",\"name\":\"Doi Inthanon la plus haute montagne de Thailande | Chiang Mai trekking\",\"isPartOf\":{\"@id\":\"https:\\\/\\\/chiang-mai-trekking.com\\\/fr\\\/#website\"},\"primaryImageOfPage\":{\"@id\":\"https:\\\/\\\/chiang-mai-trekking.com\\\/fr\\\/doi-inthanon-plus-haute-montagne-thailande\\\/#primaryimage\"},\"image\":{\"@id\":\"https:\\\/\\\/chiang-mai-trekking.com\\\/fr\\\/doi-inthanon-plus-haute-montagne-thailande\\\/#primaryimage\"},\"thumbnailUrl\":\"https:\\\/\\\/chiang-mai-trekking.com\\\/wp-content\\\/uploads\\\/2015\\\/03\\\/Doi-Inthanon-2.jpg\",\"datePublished\":\"2015-03-17T09:19:50+00:00\",\"dateModified\":\"2015-03-17T09:28:04+00:00\",\"breadcrumb\":{\"@id\":\"https:\\\/\\\/chiang-mai-trekking.com\\\/fr\\\/doi-inthanon-plus-haute-montagne-thailande\\\/#breadcrumb\"},\"inLanguage\":\"fr-FR\",\"potentialAction\":[{\"@type\":\"ReadAction\",\"target\":[\"https:\\\/\\\/chiang-mai-trekking.com\\\/fr\\\/doi-inthanon-plus-haute-montagne-thailande\\\/\"]}]},{\"@type\":\"ImageObject\",\"inLanguage\":\"fr-FR\",\"@id\":\"https:\\\/\\\/chiang-mai-trekking.com\\\/fr\\\/doi-inthanon-plus-haute-montagne-thailande\\\/#primaryimage\",\"url\":\"https:\\\/\\\/chiang-mai-trekking.com\\\/wp-content\\\/uploads\\\/2015\\\/03\\\/Doi-Inthanon-2.jpg\",\"contentUrl\":\"https:\\\/\\\/chiang-mai-trekking.com\\\/wp-content\\\/uploads\\\/2015\\\/03\\\/Doi-Inthanon-2.jpg\",\"width\":1920,\"height\":1080},{\"@type\":\"BreadcrumbList\",\"@id\":\"https:\\\/\\\/chiang-mai-trekking.com\\\/fr\\\/doi-inthanon-plus-haute-montagne-thailande\\\/#breadcrumb\",\"itemListElement\":[{\"@type\":\"ListItem\",\"position\":1,\"name\":\"Home\",\"item\":\"https:\\\/\\\/chiang-mai-trekking.com\\\/fr\\\/\"},{\"@type\":\"ListItem\",\"position\":2,\"name\":\"Doi Inthanon la plus haute montagne de Thailande\"}]},{\"@type\":\"WebSite\",\"@id\":\"https:\\\/\\\/chiang-mai-trekking.com\\\/fr\\\/#website\",\"url\":\"https:\\\/\\\/chiang-mai-trekking.com\\\/fr\\\/\",\"name\":\"Chiang Mai trekking\",\"description\":\"Chiang Mai trekking, Trek \u00e0 Chiang Mai. R\u00e9server directement les meilleurs trek de Chiang Mai 1, 2 ou 3 jours en trekking.\",\"potentialAction\":[{\"@type\":\"SearchAction\",\"target\":{\"@type\":\"EntryPoint\",\"urlTemplate\":\"https:\\\/\\\/chiang-mai-trekking.com\\\/fr\\\/?s={search_term_string}\"},\"query-input\":{\"@type\":\"PropertyValueSpecification\",\"valueRequired\":true,\"valueName\":\"search_term_string\"}}],\"inLanguage\":\"fr-FR\"}]}<\/script>\n<!-- \/ Yoast SEO plugin. -->","yoast_head_json":{"title":"Doi Inthanon la plus haute montagne de Thailande | Chiang Mai trekking","robots":{"index":"index","follow":"follow","max-snippet":"max-snippet:-1","max-image-preview":"max-image-preview:large","max-video-preview":"max-video-preview:-1"},"canonical":"https:\/\/chiang-mai-trekking.com\/fr\/doi-inthanon-plus-haute-montagne-thailande\/","og_locale":"fr_FR","og_type":"article","og_title":"Doi Inthanon la plus haute montagne de Thailande | Chiang Mai trekking","og_description":"Le\u00a0Doi Inthanon\u00a0,\u00a0\u00abtoit de la Tha\u00eflande\u00bb\u00a0est la plus haute montagne tha\u00eflandais, avec une altitude de 2 565 m, elle fait partie de l'Himalaya et est le sixi\u00e8me plus grand parc national du pays. Avant le 20\u00e8me si\u00e8cle, la montagne \u00e9tait connue comme Doi Angka, mais elle a prit le nom du dernier souverain de Chiang Mai [&hellip;]","og_url":"https:\/\/chiang-mai-trekking.com\/fr\/doi-inthanon-plus-haute-montagne-thailande\/","og_site_name":"Chiang Mai trekking","article_modified_time":"2015-03-17T09:28:04+00:00","og_image":[{"width":1920,"height":1080,"url":"https:\/\/chiang-mai-trekking.com\/wp-content\/uploads\/2015\/03\/Doi-Inthanon-2.jpg","type":"image\/jpeg"}],"twitter_card":"summary_large_image","twitter_misc":{"Dur\u00e9e de lecture estim\u00e9e":"4 minutes"},"schema":{"@context":"https:\/\/schema.org","@graph":[{"@type":"WebPage","@id":"https:\/\/chiang-mai-trekking.com\/fr\/doi-inthanon-plus-haute-montagne-thailande\/","url":"https:\/\/chiang-mai-trekking.com\/fr\/doi-inthanon-plus-haute-montagne-thailande\/","name":"Doi Inthanon la plus haute montagne de Thailande | Chiang Mai trekking","isPartOf":{"@id":"https:\/\/chiang-mai-trekking.com\/fr\/#website"},"primaryImageOfPage":{"@id":"https:\/\/chiang-mai-trekking.com\/fr\/doi-inthanon-plus-haute-montagne-thailande\/#primaryimage"},"image":{"@id":"https:\/\/chiang-mai-trekking.com\/fr\/doi-inthanon-plus-haute-montagne-thailande\/#primaryimage"},"thumbnailUrl":"https:\/\/chiang-mai-trekking.com\/wp-content\/uploads\/2015\/03\/Doi-Inthanon-2.jpg","datePublished":"2015-03-17T09:19:50+00:00","dateModified":"2015-03-17T09:28:04+00:00","breadcrumb":{"@id":"https:\/\/chiang-mai-trekking.com\/fr\/doi-inthanon-plus-haute-montagne-thailande\/#breadcrumb"},"inLanguage":"fr-FR","potentialAction":[{"@type":"ReadAction","target":["https:\/\/chiang-mai-trekking.com\/fr\/doi-inthanon-plus-haute-montagne-thailande\/"]}]},{"@type":"ImageObject","inLanguage":"fr-FR","@id":"https:\/\/chiang-mai-trekking.com\/fr\/doi-inthanon-plus-haute-montagne-thailande\/#primaryimage","url":"https:\/\/chiang-mai-trekking.com\/wp-content\/uploads\/2015\/03\/Doi-Inthanon-2.jpg","contentUrl":"https:\/\/chiang-mai-trekking.com\/wp-content\/uploads\/2015\/03\/Doi-Inthanon-2.jpg","width":1920,"height":1080},{"@type":"BreadcrumbList","@id":"https:\/\/chiang-mai-trekking.com\/fr\/doi-inthanon-plus-haute-montagne-thailande\/#breadcrumb","itemListElement":[{"@type":"ListItem","position":1,"name":"Home","item":"https:\/\/chiang-mai-trekking.com\/fr\/"},{"@type":"ListItem","position":2,"name":"Doi Inthanon la plus haute montagne de Thailande"}]},{"@type":"WebSite","@id":"https:\/\/chiang-mai-trekking.com\/fr\/#website","url":"https:\/\/chiang-mai-trekking.com\/fr\/","name":"Chiang Mai trekking","description":"Chiang Mai trekking, Trek \u00e0 Chiang Mai. R\u00e9server directement les meilleurs trek de Chiang Mai 1, 2 ou 3 jours en trekking.","potentialAction":[{"@type":"SearchAction","target":{"@type":"EntryPoint","urlTemplate":"https:\/\/chiang-mai-trekking.com\/fr\/?s={search_term_string}"},"query-input":{"@type":"PropertyValueSpecification","valueRequired":true,"valueName":"search_term_string"}}],"inLanguage":"fr-FR"}]}},"_links":{"self":[{"href":"https:\/\/chiang-mai-trekking.com\/fr\/wp-json\/wp\/v2\/pages\/1098","targetHints":{"allow":["GET"]}}],"collection":[{"href":"https:\/\/chiang-mai-trekking.com\/fr\/wp-json\/wp\/v2\/pages"}],"about":[{"href":"https:\/\/chiang-mai-trekking.com\/fr\/wp-json\/wp\/v2\/types\/page"}],"author":[{"embeddable":true,"href":"https:\/\/chiang-mai-trekking.com\/fr\/wp-json\/wp\/v2\/users\/5"}],"replies":[{"embeddable":true,"href":"https:\/\/chiang-mai-trekking.com\/fr\/wp-json\/wp\/v2\/comments?post=1098"}],"version-history":[{"count":0,"href":"https:\/\/chiang-mai-trekking.com\/fr\/wp-json\/wp\/v2\/pages\/1098\/revisions"}],"wp:featuredmedia":[{"embeddable":true,"href":"https:\/\/chiang-mai-trekking.com\/fr\/wp-json\/wp\/v2\/media\/1088"}],"wp:attachment":[{"href":"https:\/\/chiang-mai-trekking.com\/fr\/wp-json\/wp\/v2\/media?parent=1098"}],"curies":[{"name":"wp","href":"https:\/\/api.w.org\/{rel}","templated":true}]}}