{"id":6002,"date":"2023-12-18T08:01:19","date_gmt":"2023-12-18T01:01:19","guid":{"rendered":"https:\/\/chiang-mai-trekking.com\/?page_id=6002"},"modified":"2023-12-18T08:01:19","modified_gmt":"2023-12-18T01:01:19","slug":"home","status":"publish","type":"page","link":"https:\/\/chiang-mai-trekking.com\/de\/home\/","title":{"rendered":"Home"},"content":{"rendered":"<h2>\u00d6ko-Trekking und Gruppentrekking in Chiang Mai<\/h2>\n<p>Willkommen bei Chiang Mai Trekking. Hier k\u00f6nnen Sie direkt das beste Trekking in Chiang Mai privat buchen oder sich einer Gruppe anschlie\u00dfen. Ein-, zwei- oder dreit\u00e4gige Wanderungen. Elefanten-Trekking und Mahout-Training. Fotos, Videos und Rezensionen. Entdecken und buchen Sie jetzt!<\/p>\n<p><a href=\"https:\/\/www.youtube.com\/watch?v=nG5BDXK-piw\">https:\/\/www.youtube.com\/watch?v=nG5BDXK-piw<\/a><\/p>\n<h2>Unsere privaten \u00d6ko-Trekkingtouren<\/h2>\n<div class=\"row\"><\/div>\n<h2>Unser Trekking in der Gruppe<\/h2>\n<div class=\"row\"><div class=\"newTrekPage col-md-4\">   \r\n\t\t\t\t<div class=\"inside\" style=\"height:100%\">\r\n\t              <a href=\"https:\/\/chiang-mai-trekking.com\/de\/phat-lad-naturpfad-doi-suthep-tempel\/\">\r\n\t                \t\t<p class=\"days\">&nbsp;\r\n\t                \t\t\t<span style=\"float:left;padding-right:6px\">\ud83d\udccd <\/span>\r\n\t                \t\t\t<span style=\"float:right;padding-right:6px\">\ud83d\udd52 1 Tag<\/span>\r\n\t                \t\t<\/p>\r\n\r\n\t                    <!-- <span style=\"position:absolute; right: 16px; padding: 3px; text-align:right; background-color: rgba(0,0,0,0.5);\"> -->\r\n\t                    \r\n\t                    <\/span>\r\n\t\t\t            <img decoding=\"async\" src=\"https:\/\/chiang-mai-trekking.com\/wp-content\/uploads\/2022\/10\/Phat_Lad_nature_trail_trekking_Doi_Suthep_temple_2.jpg\" \/>\r\n\t\t\t              \r\n\t\t\t              \r\n\t\t\t              <p class=\"title\">Phat Lad Naturpfad mit Doi Suthep Tempel<\/p>\r\n\t\t\t              <p>Voici la traduction en allemand :  **Ein einfacher M\u00f6nchspfad mit den ber\u00fchmtesten Tempeln von Chiang Mai**<\/p>\r\n\t\t\t             \r\n\r\n\t\t\t              <\/a>\r\n\t\t\t    <\/div>\r\n            <\/div><div class=\"newTrekPage col-md-4\">   \r\n\t\t\t\t<div class=\"inside\" style=\"height:100%\">\r\n\t              <a href=\"https:\/\/chiang-mai-trekking.com\/de\/1-day-kew-mae-pan-doi-inthanon\/\">\r\n\t                \t\t<p class=\"days\">&nbsp;\r\n\t                \t\t\t<span style=\"float:left;padding-right:6px\">\ud83d\udccd <\/span>\r\n\t                \t\t\t<span style=\"float:right;padding-right:6px\">\ud83d\udd52 1 Tag<\/span>\r\n\t                \t\t<\/p>\r\n\r\n\t                    <!-- <span style=\"position:absolute; right: 16px; padding: 3px; text-align:right; background-color: rgba(0,0,0,0.5);\"> -->\r\n\t                    \r\n\t                    <\/span>\r\n\t\t\t            <img decoding=\"async\" src=\"https:\/\/chiang-mai-trekking.com\/wp-content\/uploads\/2019\/03\/1-jour-trekking-doi-inthanon-kew-mae-pan-chiang-mai-thailande-7-500x332.jpg\" \/>\r\n\t\t\t              \r\n\t\t\t              \r\n\t\t\t              <p class=\"title\">1-t\u00e4giges Trekking in Kew Mae Pan Doi Inthanon - Gruppe<\/p>\r\n\t\t\t              <p>Steigen Sie auf den h\u00f6chsten Gipfel Thailands und genie\u00dfen Sie faszinierende Besichtigungen der Pagoden.<\/p>\r\n\t\t\t             \r\n\r\n\t\t\t              <\/a>\r\n\t\t\t    <\/div>\r\n            <\/div><\/div>\n<h2>Bestes Trekking in Nordthailand<br \/>\n<\/h2>\n<p>Chiang Mai Nordthailand bietet Trekkingm\u00f6glichkeiten, ist auf der ganzen Welt bekannt und Chiang Mai-Trekking ist einer der Hauptanziehungspunkte f\u00fcr Touristen, die diese Region besuchen. Die Wanderungen reichen von eint\u00e4gigen Wanderungen bis hin zu mehrt\u00e4gigen Touren. Die meisten Touren sind f\u00fcr alle geeignet, die einigerma\u00dfen fit sind und denen es nichts ausmacht, zusammen mit erfahrenen und lizenzierten Reiseleitern ein wenig zu wandern. Sie werden die Berge, tropischen Dschungel, Wasserf\u00e4lle, Flora und Fauna entdecken und die M\u00f6glichkeit haben, in einem Bergstammdorf zu \u00fcbernachten. Dar\u00fcber hinaus haben Sie die M\u00f6glichkeit, andere unterhaltsame Aktivit\u00e4ten wie Elefantenreiten, Bambus-Rafting und Wildwasser-Rafting zu genie\u00dfen.<\/p>\n<p>Vielleicht m\u00f6chten Sie einfach nur durch den Dschungel wandern, oder vielleicht m\u00f6chten Sie es wirklich Entfliehen Sie dem Trubel, wir haben etwas Passendes f\u00fcr Sie. Eine Wanderung durch Nordthailand ist ein lohnenswertes Erlebnis. Sie werden mit der unber\u00fchrten Natur in Ber\u00fchrung kommen und Ihre Momente fernab von \u00fcberf\u00fcllten Touristengebieten genie\u00dfen. Trekking ist also die perfekte L\u00f6sung. Die Gebiete sind absolut sicher und gut organisiert, mit registrierten und erfahrenen Reiseleitern, die Sie hinab und hinauf in den Dschungel f\u00fchren. Kommen Sie mit uns und entdecken Sie die nat\u00fcrliche Sch\u00f6nheit des Trekkings in Chiang Mai im Norden Thailands.<\/p>\n","protected":false},"excerpt":{"rendered":"<p>\u00d6ko-Trekking und Gruppentrekking in Chiang Mai Willkommen bei Chiang Mai Trekking. Hier k\u00f6nnen Sie direkt das beste Trekking in Chiang Mai privat buchen oder sich einer Gruppe anschlie\u00dfen. Ein-, zwei- oder dreit\u00e4gige Wanderungen. Elefanten-Trekking und Mahout-Training. Fotos, Videos und Rezensionen. Entdecken und buchen Sie jetzt! https:\/\/www.youtube.com\/watch?v=nG5BDXK-piw Unsere privaten \u00d6ko-Trekkingtouren Unser Trekking in der Gruppe Bestes [&hellip;]<\/p>\n","protected":false},"author":5,"featured_media":0,"parent":0,"menu_order":0,"comment_status":"closed","ping_status":"closed","template":"elementor_header_footer","meta":{"footnotes":""},"class_list":["post-6002","page","type-page","status-publish","hentry","entry"],"yoast_head":"<!-- This site is optimized with the Yoast SEO plugin v27.3 - https:\/\/yoast.com\/product\/yoast-seo-wordpress\/ -->\n<title>Home | Chiang Mai trekking<\/title>\n<meta name=\"robots\" content=\"index, follow, max-snippet:-1, max-image-preview:large, max-video-preview:-1\" \/>\n<link rel=\"canonical\" href=\"https:\/\/chiang-mai-trekking.com\/de\/home\/\" \/>\n<meta property=\"og:locale\" content=\"de_DE\" \/>\n<meta property=\"og:type\" content=\"article\" \/>\n<meta property=\"og:title\" content=\"Home | Chiang Mai trekking\" \/>\n<meta property=\"og:description\" content=\"\u00d6ko-Trekking und Gruppentrekking in Chiang Mai Willkommen bei Chiang Mai Trekking. Hier k\u00f6nnen Sie direkt das beste Trekking in Chiang Mai privat buchen oder sich einer Gruppe anschlie\u00dfen. Ein-, zwei- oder dreit\u00e4gige Wanderungen. Elefanten-Trekking und Mahout-Training. Fotos, Videos und Rezensionen. Entdecken und buchen Sie jetzt! https:\/\/www.youtube.com\/watch?v=nG5BDXK-piw Unsere privaten \u00d6ko-Trekkingtouren Unser Trekking in der Gruppe Bestes [&hellip;]\" \/>\n<meta property=\"og:url\" content=\"https:\/\/chiang-mai-trekking.com\/de\/home\/\" \/>\n<meta property=\"og:site_name\" content=\"Chiang Mai trekking\" \/>\n<meta property=\"og:image\" content=\"https:\/\/chiang-mai-trekking.com\/wp-content\/uploads\/2017\/02\/Off-the-beaten-track-.png\" \/>\n\t<meta property=\"og:image:width\" content=\"940\" \/>\n\t<meta property=\"og:image:height\" content=\"788\" \/>\n\t<meta property=\"og:image:type\" content=\"image\/png\" \/>\n<meta name=\"twitter:card\" content=\"summary_large_image\" \/>\n<meta name=\"twitter:label1\" content=\"Est. reading time\" \/>\n\t<meta name=\"twitter:data1\" content=\"2 minutes\" \/>\n<script type=\"application\/ld+json\" class=\"yoast-schema-graph\">{\"@context\":\"https:\\\/\\\/schema.org\",\"@graph\":[{\"@type\":\"WebPage\",\"@id\":\"https:\\\/\\\/chiang-mai-trekking.com\\\/de\\\/home\\\/\",\"url\":\"https:\\\/\\\/chiang-mai-trekking.com\\\/de\\\/home\\\/\",\"name\":\"Home | Chiang Mai trekking\",\"isPartOf\":{\"@id\":\"https:\\\/\\\/chiang-mai-trekking.com\\\/de\\\/#website\"},\"datePublished\":\"2023-12-18T01:01:19+00:00\",\"breadcrumb\":{\"@id\":\"https:\\\/\\\/chiang-mai-trekking.com\\\/de\\\/home\\\/#breadcrumb\"},\"inLanguage\":\"de-DE\",\"potentialAction\":[{\"@type\":\"ReadAction\",\"target\":[\"https:\\\/\\\/chiang-mai-trekking.com\\\/de\\\/home\\\/\"]}]},{\"@type\":\"BreadcrumbList\",\"@id\":\"https:\\\/\\\/chiang-mai-trekking.com\\\/de\\\/home\\\/#breadcrumb\",\"itemListElement\":[{\"@type\":\"ListItem\",\"position\":1,\"name\":\"Home\",\"item\":\"https:\\\/\\\/chiang-mai-trekking.com\\\/de\\\/\"},{\"@type\":\"ListItem\",\"position\":2,\"name\":\"Home\"}]},{\"@type\":\"WebSite\",\"@id\":\"https:\\\/\\\/chiang-mai-trekking.com\\\/de\\\/#website\",\"url\":\"https:\\\/\\\/chiang-mai-trekking.com\\\/de\\\/\",\"name\":\"Chiang Mai trekking\",\"description\":\"Chiang Mai trekking, Trek in Chiang Mai. Book your Chiang Mai tours 1 day to 3 days trekking\",\"potentialAction\":[{\"@type\":\"SearchAction\",\"target\":{\"@type\":\"EntryPoint\",\"urlTemplate\":\"https:\\\/\\\/chiang-mai-trekking.com\\\/de\\\/?s={search_term_string}\"},\"query-input\":{\"@type\":\"PropertyValueSpecification\",\"valueRequired\":true,\"valueName\":\"search_term_string\"}}],\"inLanguage\":\"de-DE\"}]}<\/script>\n<!-- \/ Yoast SEO plugin. -->","yoast_head_json":{"title":"Home | Chiang Mai trekking","robots":{"index":"index","follow":"follow","max-snippet":"max-snippet:-1","max-image-preview":"max-image-preview:large","max-video-preview":"max-video-preview:-1"},"canonical":"https:\/\/chiang-mai-trekking.com\/de\/home\/","og_locale":"de_DE","og_type":"article","og_title":"Home | Chiang Mai trekking","og_description":"\u00d6ko-Trekking und Gruppentrekking in Chiang Mai Willkommen bei Chiang Mai Trekking. Hier k\u00f6nnen Sie direkt das beste Trekking in Chiang Mai privat buchen oder sich einer Gruppe anschlie\u00dfen. Ein-, zwei- oder dreit\u00e4gige Wanderungen. Elefanten-Trekking und Mahout-Training. Fotos, Videos und Rezensionen. Entdecken und buchen Sie jetzt! https:\/\/www.youtube.com\/watch?v=nG5BDXK-piw Unsere privaten \u00d6ko-Trekkingtouren Unser Trekking in der Gruppe Bestes [&hellip;]","og_url":"https:\/\/chiang-mai-trekking.com\/de\/home\/","og_site_name":"Chiang Mai trekking","og_image":[{"width":940,"height":788,"url":"https:\/\/chiang-mai-trekking.com\/wp-content\/uploads\/2017\/02\/Off-the-beaten-track-.png","type":"image\/png"}],"twitter_card":"summary_large_image","twitter_misc":{"Est. reading time":"2 minutes"},"schema":{"@context":"https:\/\/schema.org","@graph":[{"@type":"WebPage","@id":"https:\/\/chiang-mai-trekking.com\/de\/home\/","url":"https:\/\/chiang-mai-trekking.com\/de\/home\/","name":"Home | Chiang Mai trekking","isPartOf":{"@id":"https:\/\/chiang-mai-trekking.com\/de\/#website"},"datePublished":"2023-12-18T01:01:19+00:00","breadcrumb":{"@id":"https:\/\/chiang-mai-trekking.com\/de\/home\/#breadcrumb"},"inLanguage":"de-DE","potentialAction":[{"@type":"ReadAction","target":["https:\/\/chiang-mai-trekking.com\/de\/home\/"]}]},{"@type":"BreadcrumbList","@id":"https:\/\/chiang-mai-trekking.com\/de\/home\/#breadcrumb","itemListElement":[{"@type":"ListItem","position":1,"name":"Home","item":"https:\/\/chiang-mai-trekking.com\/de\/"},{"@type":"ListItem","position":2,"name":"Home"}]},{"@type":"WebSite","@id":"https:\/\/chiang-mai-trekking.com\/de\/#website","url":"https:\/\/chiang-mai-trekking.com\/de\/","name":"Chiang Mai trekking","description":"Chiang Mai trekking, Trek in Chiang Mai. Book your Chiang Mai tours 1 day to 3 days trekking","potentialAction":[{"@type":"SearchAction","target":{"@type":"EntryPoint","urlTemplate":"https:\/\/chiang-mai-trekking.com\/de\/?s={search_term_string}"},"query-input":{"@type":"PropertyValueSpecification","valueRequired":true,"valueName":"search_term_string"}}],"inLanguage":"de-DE"}]}},"_links":{"self":[{"href":"https:\/\/chiang-mai-trekking.com\/de\/wp-json\/wp\/v2\/pages\/6002","targetHints":{"allow":["GET"]}}],"collection":[{"href":"https:\/\/chiang-mai-trekking.com\/de\/wp-json\/wp\/v2\/pages"}],"about":[{"href":"https:\/\/chiang-mai-trekking.com\/de\/wp-json\/wp\/v2\/types\/page"}],"author":[{"embeddable":true,"href":"https:\/\/chiang-mai-trekking.com\/de\/wp-json\/wp\/v2\/users\/5"}],"replies":[{"embeddable":true,"href":"https:\/\/chiang-mai-trekking.com\/de\/wp-json\/wp\/v2\/comments?post=6002"}],"version-history":[{"count":1,"href":"https:\/\/chiang-mai-trekking.com\/de\/wp-json\/wp\/v2\/pages\/6002\/revisions"}],"predecessor-version":[{"id":6003,"href":"https:\/\/chiang-mai-trekking.com\/de\/wp-json\/wp\/v2\/pages\/6002\/revisions\/6003"}],"wp:attachment":[{"href":"https:\/\/chiang-mai-trekking.com\/de\/wp-json\/wp\/v2\/media?parent=6002"}],"curies":[{"name":"wp","href":"https:\/\/api.w.org\/{rel}","templated":true}]}}