{"id":5867,"date":"2023-12-17T09:12:05","date_gmt":"2023-12-17T02:12:05","guid":{"rendered":"https:\/\/chiang-mai-trekking.com\/trekking-in-der-gruppe\/"},"modified":"2023-12-17T13:20:02","modified_gmt":"2023-12-17T06:20:02","slug":"trekking-in-der-gruppe","status":"publish","type":"page","link":"https:\/\/chiang-mai-trekking.com\/de\/trekking-in-der-gruppe\/","title":{"rendered":"Trekking in der Gruppe"},"content":{"rendered":"<h2>Abenteuerwanderungen!<\/h2>\n<h3>Genie\u00dfen Sie die wundervollen Landschaften Thailands und treffen Sie Menschen aus der ganzen Welt.<\/h3>\n<p>Nachfolgend finden Sie unsere Auswahl an Trekkingtouren in der Gruppe (bis zu 12 Personen).<br \/>\n<a name=\"book\"><\/a><\/p>\n<div class=\"row\"><div class=\"newTrekPage col-md-4\">   \r\n\t\t\t\t<div class=\"inside\" style=\"height:100%\">\r\n\t              <a href=\"https:\/\/chiang-mai-trekking.com\/de\/phat-lad-naturpfad-doi-suthep-tempel\/\">\r\n\t                \t\t<p class=\"days\">&nbsp;\r\n\t                \t\t\t<span style=\"float:left;padding-right:6px\">\ud83d\udccd <\/span>\r\n\t                \t\t\t<span style=\"float:right;padding-right:6px\">\ud83d\udd52 1 Tag<\/span>\r\n\t                \t\t<\/p>\r\n\r\n\t                    <!-- <span style=\"position:absolute; right: 16px; padding: 3px; text-align:right; background-color: rgba(0,0,0,0.5);\"> -->\r\n\t                    \r\n\t                    <\/span>\r\n\t\t\t            <img decoding=\"async\" src=\"https:\/\/chiang-mai-trekking.com\/wp-content\/uploads\/2022\/10\/Phat_Lad_nature_trail_trekking_Doi_Suthep_temple_2.jpg\" \/>\r\n\t\t\t              \r\n\t\t\t              \r\n\t\t\t              <p class=\"title\">Phat Lad Naturpfad mit Doi Suthep Tempel<\/p>\r\n\t\t\t              <p>Voici la traduction en allemand :  **Ein einfacher M\u00f6nchspfad mit den ber\u00fchmtesten Tempeln von Chiang Mai**<\/p>\r\n\t\t\t             \r\n\r\n\t\t\t              <\/a>\r\n\t\t\t    <\/div>\r\n            <\/div><div class=\"newTrekPage col-md-4\">   \r\n\t\t\t\t<div class=\"inside\" style=\"height:100%\">\r\n\t              <a href=\"https:\/\/chiang-mai-trekking.com\/de\/1-day-kew-mae-pan-doi-inthanon\/\">\r\n\t                \t\t<p class=\"days\">&nbsp;\r\n\t                \t\t\t<span style=\"float:left;padding-right:6px\">\ud83d\udccd <\/span>\r\n\t                \t\t\t<span style=\"float:right;padding-right:6px\">\ud83d\udd52 1 Tag<\/span>\r\n\t                \t\t<\/p>\r\n\r\n\t                    <!-- <span style=\"position:absolute; right: 16px; padding: 3px; text-align:right; background-color: rgba(0,0,0,0.5);\"> -->\r\n\t                    \r\n\t                    <\/span>\r\n\t\t\t            <img decoding=\"async\" src=\"https:\/\/chiang-mai-trekking.com\/wp-content\/uploads\/2019\/03\/1-jour-trekking-doi-inthanon-kew-mae-pan-chiang-mai-thailande-7-500x332.jpg\" \/>\r\n\t\t\t              \r\n\t\t\t              \r\n\t\t\t              <p class=\"title\">1-t\u00e4giges Trekking in Kew Mae Pan Doi Inthanon - Gruppe<\/p>\r\n\t\t\t              <p>Steigen Sie auf den h\u00f6chsten Gipfel Thailands und genie\u00dfen Sie faszinierende Besichtigungen der Pagoden.<\/p>\r\n\t\t\t             \r\n\r\n\t\t\t              <\/a>\r\n\t\t\t    <\/div>\r\n            <\/div><\/div>\n<p><em style=\"clear:both\">*\u00a0Diese Wanderungen geh\u00f6ren nicht zu einer \u00d6kotourismus-Aktivit\u00e4t<strong><\/strong><\/em><\/p>\n\n<div class=\"wpml-ls-statics-footer wpml-ls wpml-ls-legacy-list-horizontal\" id=\"lang_sel_footer\">\n\t<ul role=\"menu\"><li class=\"wpml-ls-slot-footer wpml-ls-item wpml-ls-item-en wpml-ls-first-item wpml-ls-item-legacy-list-horizontal\" role=\"none\">\n\t\t\t\t<a href=\"https:\/\/chiang-mai-trekking.com\/\" class=\"wpml-ls-link\" role=\"menuitem\"  aria-label=\"Zu English wechseln\" title=\"Zu English wechseln\" >\n                                                        <img decoding=\"async\"\n            class=\"wpml-ls-flag iclflag\"\n            src=\"https:\/\/chiang-mai-trekking.com\/wp-content\/plugins\/sitepress-multilingual-cms\/res\/flags\/en.png\"\n            alt=\"\"\n            width=18\n            height=12\n    \/><span class=\"wpml-ls-native icl_lang_sel_native\" lang=\"en\">English<\/span><\/a>\n\t\t\t<\/li><li class=\"wpml-ls-slot-footer wpml-ls-item wpml-ls-item-fr wpml-ls-item-legacy-list-horizontal\" role=\"none\">\n\t\t\t\t<a href=\"https:\/\/chiang-mai-trekking.com\/fr\/\" class=\"wpml-ls-link\" role=\"menuitem\"  aria-label=\"Zu Fran\u00e7ais wechseln\" title=\"Zu Fran\u00e7ais wechseln\" >\n                                                        <img decoding=\"async\"\n            class=\"wpml-ls-flag iclflag\"\n            src=\"https:\/\/chiang-mai-trekking.com\/wp-content\/plugins\/sitepress-multilingual-cms\/res\/flags\/fr.png\"\n            alt=\"\"\n            width=18\n            height=12\n    \/><span class=\"wpml-ls-native icl_lang_sel_native\" lang=\"fr\">Fran\u00e7ais<\/span><\/a>\n\t\t\t<\/li><li class=\"wpml-ls-slot-footer wpml-ls-item wpml-ls-item-de wpml-ls-current-language wpml-ls-last-item wpml-ls-item-legacy-list-horizontal\" role=\"none\">\n\t\t\t\t<a href=\"https:\/\/chiang-mai-trekking.com\/de\/\" class=\"wpml-ls-link\" role=\"menuitem\" >\n                                                        <img decoding=\"async\"\n            class=\"wpml-ls-flag iclflag\"\n            src=\"https:\/\/chiang-mai-trekking.com\/wp-content\/plugins\/sitepress-multilingual-cms\/res\/flags\/de.png\"\n            alt=\"\"\n            width=18\n            height=12\n    \/><span class=\"wpml-ls-native icl_lang_sel_native\" role=\"menuitem\">Deutsch<\/span><\/a>\n\t\t\t<\/li><\/ul>\n<\/div>\n\n","protected":false},"excerpt":{"rendered":"<p>Abenteuerwanderungen! Genie\u00dfen Sie die wundervollen Landschaften Thailands und treffen Sie Menschen aus der ganzen Welt. Nachfolgend finden Sie unsere Auswahl an Trekkingtouren in der Gruppe (bis zu 12 Personen). *\u00a0Diese Wanderungen geh\u00f6ren nicht zu einer \u00d6kotourismus-Aktivit\u00e4t<\/p>\n","protected":false},"author":5,"featured_media":0,"parent":0,"menu_order":0,"comment_status":"closed","ping_status":"closed","template":"","meta":{"footnotes":""},"class_list":["post-5867","page","type-page","status-publish","hentry","entry"],"yoast_head":"<!-- This site is optimized with the Yoast SEO plugin v27.3 - https:\/\/yoast.com\/product\/yoast-seo-wordpress\/ -->\n<title>Trekking in der Gruppe in Chiang Mai, Thailand \u2013 Beste Preise jetzt buchen<\/title>\n<meta name=\"description\" content=\"Genie\u00dfen Sie 1, 2 oder 3 Tage im Dschungel von Mae Taeng, in der N\u00e4he von Chiang Mai, mit \u00dcbernachtung in Bergd\u00f6rfern. Wandern, Wildwasser-Rafting, Bambus-Rafting und Elefantenbetreuung bereits inklusive. Buchen Sie jetzt zum besten Preis f\u00fcr Ihren n\u00e4chsten Urlaub. Die besten Trekkingtouren in Chiang Mai.\" \/>\n<meta name=\"robots\" content=\"index, follow, max-snippet:-1, max-image-preview:large, max-video-preview:-1\" \/>\n<link rel=\"canonical\" href=\"https:\/\/chiang-mai-trekking.com\/de\/trekking-in-der-gruppe\/\" \/>\n<meta property=\"og:locale\" content=\"de_DE\" \/>\n<meta property=\"og:type\" content=\"article\" \/>\n<meta property=\"og:title\" content=\"Trekking in der Gruppe in Chiang Mai, Thailand \u2013 Beste Preise jetzt buchen\" \/>\n<meta property=\"og:description\" content=\"Genie\u00dfen Sie 1, 2 oder 3 Tage im Dschungel von Mae Taeng, in der N\u00e4he von Chiang Mai, mit \u00dcbernachtung in Bergd\u00f6rfern. Wandern, Wildwasser-Rafting, Bambus-Rafting und Elefantenbetreuung bereits inklusive. Buchen Sie jetzt zum besten Preis f\u00fcr Ihren n\u00e4chsten Urlaub. Die besten Trekkingtouren in Chiang Mai.\" \/>\n<meta property=\"og:url\" content=\"https:\/\/chiang-mai-trekking.com\/de\/trekking-in-der-gruppe\/\" \/>\n<meta property=\"og:site_name\" content=\"Chiang Mai trekking\" \/>\n<meta property=\"article:modified_time\" content=\"2023-12-17T06:20:02+00:00\" \/>\n<meta property=\"og:image\" content=\"https:\/\/chiang-mai-trekking.com\/wp-content\/uploads\/2017\/02\/Off-the-beaten-track-.png\" \/>\n\t<meta property=\"og:image:width\" content=\"940\" \/>\n\t<meta property=\"og:image:height\" content=\"788\" \/>\n\t<meta property=\"og:image:type\" content=\"image\/png\" \/>\n<meta name=\"twitter:card\" content=\"summary_large_image\" \/>\n<script type=\"application\/ld+json\" class=\"yoast-schema-graph\">{\"@context\":\"https:\\\/\\\/schema.org\",\"@graph\":[{\"@type\":\"WebPage\",\"@id\":\"https:\\\/\\\/chiang-mai-trekking.com\\\/de\\\/trekking-in-der-gruppe\\\/\",\"url\":\"https:\\\/\\\/chiang-mai-trekking.com\\\/de\\\/trekking-in-der-gruppe\\\/\",\"name\":\"Trekking in der Gruppe in Chiang Mai, Thailand \u2013 Beste Preise jetzt buchen\",\"isPartOf\":{\"@id\":\"https:\\\/\\\/chiang-mai-trekking.com\\\/de\\\/#website\"},\"datePublished\":\"2023-12-17T02:12:05+00:00\",\"dateModified\":\"2023-12-17T06:20:02+00:00\",\"description\":\"Genie\u00dfen Sie 1, 2 oder 3 Tage im Dschungel von Mae Taeng, in der N\u00e4he von Chiang Mai, mit \u00dcbernachtung in Bergd\u00f6rfern. Wandern, Wildwasser-Rafting, Bambus-Rafting und Elefantenbetreuung bereits inklusive. Buchen Sie jetzt zum besten Preis f\u00fcr Ihren n\u00e4chsten Urlaub. Die besten Trekkingtouren in Chiang Mai.\",\"breadcrumb\":{\"@id\":\"https:\\\/\\\/chiang-mai-trekking.com\\\/de\\\/trekking-in-der-gruppe\\\/#breadcrumb\"},\"inLanguage\":\"de-DE\",\"potentialAction\":[{\"@type\":\"ReadAction\",\"target\":[\"https:\\\/\\\/chiang-mai-trekking.com\\\/de\\\/trekking-in-der-gruppe\\\/\"]}]},{\"@type\":\"BreadcrumbList\",\"@id\":\"https:\\\/\\\/chiang-mai-trekking.com\\\/de\\\/trekking-in-der-gruppe\\\/#breadcrumb\",\"itemListElement\":[{\"@type\":\"ListItem\",\"position\":1,\"name\":\"Home\",\"item\":\"https:\\\/\\\/chiang-mai-trekking.com\\\/de\\\/\"},{\"@type\":\"ListItem\",\"position\":2,\"name\":\"Trekking in der Gruppe\"}]},{\"@type\":\"WebSite\",\"@id\":\"https:\\\/\\\/chiang-mai-trekking.com\\\/de\\\/#website\",\"url\":\"https:\\\/\\\/chiang-mai-trekking.com\\\/de\\\/\",\"name\":\"Chiang Mai trekking\",\"description\":\"Chiang Mai trekking, Trek in Chiang Mai. Book your Chiang Mai tours 1 day to 3 days trekking\",\"potentialAction\":[{\"@type\":\"SearchAction\",\"target\":{\"@type\":\"EntryPoint\",\"urlTemplate\":\"https:\\\/\\\/chiang-mai-trekking.com\\\/de\\\/?s={search_term_string}\"},\"query-input\":{\"@type\":\"PropertyValueSpecification\",\"valueRequired\":true,\"valueName\":\"search_term_string\"}}],\"inLanguage\":\"de-DE\"}]}<\/script>\n<!-- \/ Yoast SEO plugin. -->","yoast_head_json":{"title":"Trekking in der Gruppe in Chiang Mai, Thailand \u2013 Beste Preise jetzt buchen","description":"Genie\u00dfen Sie 1, 2 oder 3 Tage im Dschungel von Mae Taeng, in der N\u00e4he von Chiang Mai, mit \u00dcbernachtung in Bergd\u00f6rfern. Wandern, Wildwasser-Rafting, Bambus-Rafting und Elefantenbetreuung bereits inklusive. Buchen Sie jetzt zum besten Preis f\u00fcr Ihren n\u00e4chsten Urlaub. Die besten Trekkingtouren in Chiang Mai.","robots":{"index":"index","follow":"follow","max-snippet":"max-snippet:-1","max-image-preview":"max-image-preview:large","max-video-preview":"max-video-preview:-1"},"canonical":"https:\/\/chiang-mai-trekking.com\/de\/trekking-in-der-gruppe\/","og_locale":"de_DE","og_type":"article","og_title":"Trekking in der Gruppe in Chiang Mai, Thailand \u2013 Beste Preise jetzt buchen","og_description":"Genie\u00dfen Sie 1, 2 oder 3 Tage im Dschungel von Mae Taeng, in der N\u00e4he von Chiang Mai, mit \u00dcbernachtung in Bergd\u00f6rfern. Wandern, Wildwasser-Rafting, Bambus-Rafting und Elefantenbetreuung bereits inklusive. Buchen Sie jetzt zum besten Preis f\u00fcr Ihren n\u00e4chsten Urlaub. Die besten Trekkingtouren in Chiang Mai.","og_url":"https:\/\/chiang-mai-trekking.com\/de\/trekking-in-der-gruppe\/","og_site_name":"Chiang Mai trekking","article_modified_time":"2023-12-17T06:20:02+00:00","og_image":[{"width":940,"height":788,"url":"https:\/\/chiang-mai-trekking.com\/wp-content\/uploads\/2017\/02\/Off-the-beaten-track-.png","type":"image\/png"}],"twitter_card":"summary_large_image","schema":{"@context":"https:\/\/schema.org","@graph":[{"@type":"WebPage","@id":"https:\/\/chiang-mai-trekking.com\/de\/trekking-in-der-gruppe\/","url":"https:\/\/chiang-mai-trekking.com\/de\/trekking-in-der-gruppe\/","name":"Trekking in der Gruppe in Chiang Mai, Thailand \u2013 Beste Preise jetzt buchen","isPartOf":{"@id":"https:\/\/chiang-mai-trekking.com\/de\/#website"},"datePublished":"2023-12-17T02:12:05+00:00","dateModified":"2023-12-17T06:20:02+00:00","description":"Genie\u00dfen Sie 1, 2 oder 3 Tage im Dschungel von Mae Taeng, in der N\u00e4he von Chiang Mai, mit \u00dcbernachtung in Bergd\u00f6rfern. Wandern, Wildwasser-Rafting, Bambus-Rafting und Elefantenbetreuung bereits inklusive. Buchen Sie jetzt zum besten Preis f\u00fcr Ihren n\u00e4chsten Urlaub. Die besten Trekkingtouren in Chiang Mai.","breadcrumb":{"@id":"https:\/\/chiang-mai-trekking.com\/de\/trekking-in-der-gruppe\/#breadcrumb"},"inLanguage":"de-DE","potentialAction":[{"@type":"ReadAction","target":["https:\/\/chiang-mai-trekking.com\/de\/trekking-in-der-gruppe\/"]}]},{"@type":"BreadcrumbList","@id":"https:\/\/chiang-mai-trekking.com\/de\/trekking-in-der-gruppe\/#breadcrumb","itemListElement":[{"@type":"ListItem","position":1,"name":"Home","item":"https:\/\/chiang-mai-trekking.com\/de\/"},{"@type":"ListItem","position":2,"name":"Trekking in der Gruppe"}]},{"@type":"WebSite","@id":"https:\/\/chiang-mai-trekking.com\/de\/#website","url":"https:\/\/chiang-mai-trekking.com\/de\/","name":"Chiang Mai trekking","description":"Chiang Mai trekking, Trek in Chiang Mai. Book your Chiang Mai tours 1 day to 3 days trekking","potentialAction":[{"@type":"SearchAction","target":{"@type":"EntryPoint","urlTemplate":"https:\/\/chiang-mai-trekking.com\/de\/?s={search_term_string}"},"query-input":{"@type":"PropertyValueSpecification","valueRequired":true,"valueName":"search_term_string"}}],"inLanguage":"de-DE"}]}},"_links":{"self":[{"href":"https:\/\/chiang-mai-trekking.com\/de\/wp-json\/wp\/v2\/pages\/5867","targetHints":{"allow":["GET"]}}],"collection":[{"href":"https:\/\/chiang-mai-trekking.com\/de\/wp-json\/wp\/v2\/pages"}],"about":[{"href":"https:\/\/chiang-mai-trekking.com\/de\/wp-json\/wp\/v2\/types\/page"}],"author":[{"embeddable":true,"href":"https:\/\/chiang-mai-trekking.com\/de\/wp-json\/wp\/v2\/users\/5"}],"replies":[{"embeddable":true,"href":"https:\/\/chiang-mai-trekking.com\/de\/wp-json\/wp\/v2\/comments?post=5867"}],"version-history":[{"count":1,"href":"https:\/\/chiang-mai-trekking.com\/de\/wp-json\/wp\/v2\/pages\/5867\/revisions"}],"predecessor-version":[{"id":5898,"href":"https:\/\/chiang-mai-trekking.com\/de\/wp-json\/wp\/v2\/pages\/5867\/revisions\/5898"}],"wp:attachment":[{"href":"https:\/\/chiang-mai-trekking.com\/de\/wp-json\/wp\/v2\/media?parent=5867"}],"curies":[{"name":"wp","href":"https:\/\/api.w.org\/{rel}","templated":true}]}}