{"id":5865,"date":"2023-12-17T09:09:51","date_gmt":"2023-12-17T02:09:51","guid":{"rendered":"https:\/\/chiang-mai-trekking.com\/oeko-trekking-2-tage-1-nacht\/"},"modified":"2023-12-17T15:53:56","modified_gmt":"2023-12-17T08:53:56","slug":"oeko-trekking-2-tage-1-nacht","status":"publish","type":"page","link":"https:\/\/chiang-mai-trekking.com\/de\/oeko-trekking-2-tage-1-nacht\/","title":{"rendered":"\u00d6ko-Trekking 2 Tage 1 Nacht"},"content":{"rendered":"<p>Hier finden Sie alle unsere <strong>2-Tages- und 1-Nacht<\/strong>-Wanderungen im <strong>Thail\u00e4ndischen Dschungel und seinen n\u00f6rdlichen St\u00e4mmen<\/strong> mit Hin- und R\u00fcckfahrt von Ihrem Hotel in Chiang Mai oder Chiang Rai.<br \/>\nWenn Sie besondere Optionen w\u00fcnschen, z. B. eine weitere Nacht im Dorf mit R\u00fcckkehr am Morgen oder eine bestimmte Aktivit\u00e4t ... <a href=\"https:\/\/chiang-mai-trekking.com\/contact-us\/\" >Kontaktieren Sie uns!<\/a><\/p>\n<hr \/>\n<p>Programme: <a href=\"https:\/\/chiang-mai-trekking.com\/de\/oeko-trekking-1-tag\/\">1 Tag<\/a> | <a href=\"https:\/\/chiang-mai-trekking.com\/de\/oeko-trekking-2-tage-1-nacht\/\">2 Tage 1 Nacht<\/a> | <a href=\"https:\/\/chiang-mai-trekking.com\/de\/oeko-trekking-3-tage-2-naechte\/\">3 Tage 2 N\u00e4chte<\/a> | <a href=\"https:\/\/chiang-mai-trekking.com\/de\/oeko-trekkings-authentische-private-touren\/\">Alle Trekkingtouren<\/a><br \/>\n<div class=\"row\"><div class=\"newTrekPage col-md-4\">   \r\n\t\t\t\t<div class=\"inside\" style=\"height:100%\">\r\n\t              <a href=\"https:\/\/chiang-mai-trekking.com\/de\/baan-pa-pong-piang-reisterrassen-doi-inthanon-nationalpark\/\">\r\n\t                \t\t<p class=\"days\">&nbsp;\r\n\t                \t\t\t<span style=\"float:left;padding-right:6px\">\ud83d\udccd Chiang Mai<\/span>\r\n\t                \t\t\t<span style=\"float:right;padding-right:6px\">\ud83d\udd52 2 Tage 1 Nacht<\/span>\r\n\t                \t\t<\/p>\r\n\r\n\t                    <!-- <span style=\"position:absolute; right: 16px; padding: 3px; text-align:right; background-color: rgba(0,0,0,0.5);\"> -->\r\n\t                    \r\n\t                    <\/span>\r\n\t\t\t            <img decoding=\"async\" src=\"https:\/\/chiang-mai-trekking.com\/wp-content\/uploads\/2024\/06\/rice-paddy-baan-pa-pong-pien-1.jpg\" \/>\r\n\t\t\t              \r\n\t\t\t              \r\n\t\t\t              <p class=\"title\">Baan Pa Pong Piang Reisterrassen und Doi Inthanon Nationalpark<\/p>\r\n\t\t\t              <p>Sleep in Ban Pa Pong Piang, the most beautiful rice paddy fields in Thailand<\/p>\r\n\t\t\t             \r\n\r\n\t\t\t              <\/a>\r\n\t\t\t    <\/div>\r\n            <\/div><div class=\"newTrekPage col-md-4\">   \r\n\t\t\t\t<div class=\"inside\" style=\"height:100%\">\r\n\t              <a href=\"https:\/\/chiang-mai-trekking.com\/de\/immersion-karen-kultur-2-tage-1-nacht\/\">\r\n\t                \t\t<p class=\"days\">&nbsp;\r\n\t                \t\t\t<span style=\"float:left;padding-right:6px\">\ud83d\udccd Chiang Mai<\/span>\r\n\t                \t\t\t<span style=\"float:right;padding-right:6px\">\ud83d\udd52 2 Tage 1 Nacht<\/span>\r\n\t                \t\t<\/p>\r\n\r\n\t                    <!-- <span style=\"position:absolute; right: 16px; padding: 3px; text-align:right; background-color: rgba(0,0,0,0.5);\"> -->\r\n\t                    \r\n\t                    <\/span>\r\n\t\t\t            <img decoding=\"async\" src=\"https:\/\/chiang-mai-trekking.com\/wp-content\/uploads\/2023\/12\/immersion-village-karen-ecole-2jours-1nuit-3-1.jpg\" \/>\r\n\t\t\t              \r\n\t\t\t              \r\n\t\t\t              <p class=\"title\">Immersion in Karen-Kultur \u2013 2 Tage 1 Nacht<\/p>\r\n\t\t\t              <p>Lebe wie ein Mitglied des Karen-Stammes f\u00fcr 2 Tage, eine unvergessliche Erfahrung mit dem Besuch einer Schule!<\/p>\r\n\t\t\t             \r\n\r\n\t\t\t              <\/a>\r\n\t\t\t    <\/div>\r\n            <\/div><div class=\"newTrekPage col-md-4\">   \r\n\t\t\t\t<div class=\"inside\" style=\"height:100%\">\r\n\t              <a href=\"https:\/\/chiang-mai-trekking.com\/de\/2-tage-1-nacht-trekking-mit-karen-doi-inthanon\/\">\r\n\t                \t\t<p class=\"days\">&nbsp;\r\n\t                \t\t\t<span style=\"float:left;padding-right:6px\">\ud83d\udccd Chiang Mai<\/span>\r\n\t                \t\t\t<span style=\"float:right;padding-right:6px\">\ud83d\udd52 2 Tage 1 Nacht<\/span>\r\n\t                \t\t<\/p>\r\n\r\n\t                    <!-- <span style=\"position:absolute; right: 16px; padding: 3px; text-align:right; background-color: rgba(0,0,0,0.5);\"> -->\r\n\t                    \r\n\t                    <\/span>\r\n\t\t\t            <img decoding=\"async\" src=\"https:\/\/chiang-mai-trekking.com\/wp-content\/uploads\/2020\/01\/ecotrekking-karen-hilltribe-doiinthanon-summit-500x333.jpg\" \/>\r\n\t\t\t              \r\n\t\t\t              \r\n\t\t\t              <p class=\"title\">2 Tage 1 Nacht: \u00d6ko-Trekking mit den Karen und Doi Inthanon<\/p>\r\n\t\t\t              <p>Schlaf in einem echten Karen-Bergvolkdorf und genie\u00dfe den unber\u00fchrten Nationalpark von Doi Inthanon abseits der ausgetretenen Pfade!<\/p>\r\n\t\t\t             \r\n\r\n\t\t\t              <\/a>\r\n\t\t\t    <\/div>\r\n            <\/div><div class=\"newTrekPage col-md-4\">   \r\n\t\t\t\t<div class=\"inside\" style=\"height:100%\">\r\n\t              <a href=\"https:\/\/chiang-mai-trekking.com\/de\/2-tage-1-nacht-eco-trekking-im-weissen-pakayaw-dorf\/\">\r\n\t                \t\t<p class=\"days\">&nbsp;\r\n\t                \t\t\t<span style=\"float:left;padding-right:6px\">\ud83d\udccd Chiang Mai<\/span>\r\n\t                \t\t\t<span style=\"float:right;padding-right:6px\">\ud83d\udd52 2 Tage 1 Nacht<\/span>\r\n\t                \t\t<\/p>\r\n\r\n\t                    <!-- <span style=\"position:absolute; right: 16px; padding: 3px; text-align:right; background-color: rgba(0,0,0,0.5);\"> -->\r\n\t                    \r\n\t                    <\/span>\r\n\t\t\t            <img decoding=\"async\" src=\"https:\/\/chiang-mai-trekking.com\/wp-content\/uploads\/2015\/03\/2days-trekking-ricefields-chiangmai-500x333.jpg\" \/>\r\n\t\t\t              \r\n\t\t\t              \r\n\t\t\t              <p class=\"title\">2 Tage 1 Nacht: Eco Trekking im Wei\u00dfen Pakayaw Dorf<\/p>\r\n\t\t\t              <p>Cool Trekking Chiang Mai f\u00f6rdert verantwortungsvollen Tourismus und bietet \u00d6ko-Treks und weniger touristische Treks abseits der ausgetretenen Pfade in der entlegenen Gegend von Mae Wang an.<\/p>\r\n\t\t\t             \r\n\r\n\t\t\t              <\/a>\r\n\t\t\t    <\/div>\r\n            <\/div><div class=\"newTrekPage col-md-4\">   \r\n\t\t\t\t<div class=\"inside\" style=\"height:100%\">\r\n\t              <a href=\"https:\/\/chiang-mai-trekking.com\/de\/private-eco-trekking-mit-den-akha-2-tage-1-nacht-in-chiang-rai\/\">\r\n\t                \t\t<p class=\"days\">&nbsp;\r\n\t                \t\t\t<span style=\"float:left;padding-right:6px\">\ud83d\udccd Chiang Rai<\/span>\r\n\t                \t\t\t<span style=\"float:right;padding-right:6px\">\ud83d\udd52 2 Tage 1 Nacht<\/span>\r\n\t                \t\t<\/p>\r\n\r\n\t                    <!-- <span style=\"position:absolute; right: 16px; padding: 3px; text-align:right; background-color: rgba(0,0,0,0.5);\"> -->\r\n\t                    \r\n\t                    <\/span>\r\n\t\t\t            <img decoding=\"async\" src=\"https:\/\/chiang-mai-trekking.com\/wp-content\/uploads\/2019\/08\/trekking-akha-2days-1night-chiang-rai-500x333.jpg\" \/>\r\n\t\t\t              \r\n\t\t\t              \r\n\t\t\t              <p class=\"title\">Private Eco-Trekking mit den Akha - 2 Tage, 1 Nacht in Chiang Rai<\/p>\r\n\t\t\t              <p>Experience the Akha Tribe life during 2 days, and learn their unique culture<\/p>\r\n\t\t\t             \r\n\r\n\t\t\t              <\/a>\r\n\t\t\t    <\/div>\r\n            <\/div><div class=\"newTrekPage col-md-4\">   \r\n\t\t\t\t<div class=\"inside\" style=\"height:100%\">\r\n\t              <a href=\"https:\/\/chiang-mai-trekking.com\/de\/naeher-an-den-elefanten-1-tag-mit-elefanten-und-1-tag-privates-trekking\/\">\r\n\t                \t\t<p class=\"days\">&nbsp;\r\n\t                \t\t\t<span style=\"float:left;padding-right:6px\">\ud83d\udccd Chiang Mai<\/span>\r\n\t                \t\t\t<span style=\"float:right;padding-right:6px\">\ud83d\udd52 2 Tage 1 Nacht<\/span>\r\n\t                \t\t<\/p>\r\n\r\n\t                    <!-- <span style=\"position:absolute; right: 16px; padding: 3px; text-align:right; background-color: rgba(0,0,0,0.5);\"> -->\r\n\t                    \r\n\t                    <\/span>\r\n\t\t\t            <img decoding=\"async\" src=\"https:\/\/chiang-mai-trekking.com\/wp-content\/uploads\/2017\/10\/IMG_9113-e1508575008526-500x333.jpg\" \/>\r\n\t\t\t              \r\n\t\t\t              \r\n\t\t\t              <p class=\"title\">N\u00e4her an den Elefanten: 1 Tag mit Elefanten und 1 Tag privates Trekking<\/p>\r\n\t\t\t              <p>Eine wirklich authentische Reise abseits ausgetretener Pfade mit gut betreuten und freien Tieren.<\/p>\r\n\t\t\t             \r\n\r\n\t\t\t              <\/a>\r\n\t\t\t    <\/div>\r\n            <\/div><\/div><\/p>\n\n<div class=\"wpml-ls-statics-footer wpml-ls wpml-ls-legacy-list-horizontal\" id=\"lang_sel_footer\">\n\t<ul role=\"menu\"><li class=\"wpml-ls-slot-footer wpml-ls-item wpml-ls-item-en wpml-ls-first-item wpml-ls-item-legacy-list-horizontal\" role=\"none\">\n\t\t\t\t<a href=\"https:\/\/chiang-mai-trekking.com\/\" class=\"wpml-ls-link\" role=\"menuitem\"  aria-label=\"Zu English wechseln\" title=\"Zu English wechseln\" >\n                                                        <img decoding=\"async\"\n            class=\"wpml-ls-flag iclflag\"\n            src=\"https:\/\/chiang-mai-trekking.com\/wp-content\/plugins\/sitepress-multilingual-cms\/res\/flags\/en.png\"\n            alt=\"\"\n            width=18\n            height=12\n    \/><span class=\"wpml-ls-native icl_lang_sel_native\" lang=\"en\">English<\/span><\/a>\n\t\t\t<\/li><li class=\"wpml-ls-slot-footer wpml-ls-item wpml-ls-item-fr wpml-ls-item-legacy-list-horizontal\" role=\"none\">\n\t\t\t\t<a href=\"https:\/\/chiang-mai-trekking.com\/fr\/\" class=\"wpml-ls-link\" role=\"menuitem\"  aria-label=\"Zu Fran\u00e7ais wechseln\" title=\"Zu Fran\u00e7ais wechseln\" >\n                                                        <img decoding=\"async\"\n            class=\"wpml-ls-flag iclflag\"\n            src=\"https:\/\/chiang-mai-trekking.com\/wp-content\/plugins\/sitepress-multilingual-cms\/res\/flags\/fr.png\"\n            alt=\"\"\n            width=18\n            height=12\n    \/><span class=\"wpml-ls-native icl_lang_sel_native\" lang=\"fr\">Fran\u00e7ais<\/span><\/a>\n\t\t\t<\/li><li class=\"wpml-ls-slot-footer wpml-ls-item wpml-ls-item-de wpml-ls-current-language wpml-ls-last-item wpml-ls-item-legacy-list-horizontal\" role=\"none\">\n\t\t\t\t<a href=\"https:\/\/chiang-mai-trekking.com\/de\/\" class=\"wpml-ls-link\" role=\"menuitem\" >\n                                                        <img decoding=\"async\"\n            class=\"wpml-ls-flag iclflag\"\n            src=\"https:\/\/chiang-mai-trekking.com\/wp-content\/plugins\/sitepress-multilingual-cms\/res\/flags\/de.png\"\n            alt=\"\"\n            width=18\n            height=12\n    \/><span class=\"wpml-ls-native icl_lang_sel_native\" role=\"menuitem\">Deutsch<\/span><\/a>\n\t\t\t<\/li><\/ul>\n<\/div>\n\n","protected":false},"excerpt":{"rendered":"<p>Hier finden Sie alle unsere 2-Tages- und 1-Nacht-Wanderungen im Thail\u00e4ndischen Dschungel und seinen n\u00f6rdlichen St\u00e4mmen mit Hin- und R\u00fcckfahrt von Ihrem Hotel in Chiang Mai oder Chiang Rai. Wenn Sie besondere Optionen w\u00fcnschen, z. B. eine weitere Nacht im Dorf mit R\u00fcckkehr am Morgen oder eine bestimmte Aktivit\u00e4t &#8230; Kontaktieren Sie uns!<\/p>\n","protected":false},"author":1,"featured_media":0,"parent":0,"menu_order":0,"comment_status":"closed","ping_status":"closed","template":"","meta":{"footnotes":""},"class_list":["post-5865","page","type-page","status-publish","hentry","entry"],"yoast_head":"<!-- This site is optimized with the Yoast SEO plugin v27.3 - https:\/\/yoast.com\/product\/yoast-seo-wordpress\/ -->\n<title>\u00d6ko-Trekking 2 Tage 1 Nacht Chiang Mai and Chiang Rai Thailand<\/title>\n<meta name=\"robots\" content=\"index, follow, max-snippet:-1, max-image-preview:large, max-video-preview:-1\" \/>\n<link rel=\"canonical\" href=\"https:\/\/chiang-mai-trekking.com\/de\/oeko-trekking-2-tage-1-nacht\/\" \/>\n<meta property=\"og:locale\" content=\"de_DE\" \/>\n<meta property=\"og:type\" content=\"article\" \/>\n<meta property=\"og:title\" content=\"\u00d6ko-Trekking 2 Tage 1 Nacht Chiang Mai and Chiang Rai Thailand\" \/>\n<meta property=\"og:description\" content=\"Hier finden Sie alle unsere 2-Tages- und 1-Nacht-Wanderungen im Thail\u00e4ndischen Dschungel und seinen n\u00f6rdlichen St\u00e4mmen mit Hin- und R\u00fcckfahrt von Ihrem Hotel in Chiang Mai oder Chiang Rai. Wenn Sie besondere Optionen w\u00fcnschen, z. B. eine weitere Nacht im Dorf mit R\u00fcckkehr am Morgen oder eine bestimmte Aktivit\u00e4t ... Kontaktieren Sie uns!\" \/>\n<meta property=\"og:url\" content=\"https:\/\/chiang-mai-trekking.com\/de\/oeko-trekking-2-tage-1-nacht\/\" \/>\n<meta property=\"og:site_name\" content=\"Chiang Mai trekking\" \/>\n<meta property=\"article:modified_time\" content=\"2023-12-17T08:53:56+00:00\" \/>\n<meta property=\"og:image\" content=\"https:\/\/chiang-mai-trekking.com\/wp-content\/uploads\/2017\/02\/Off-the-beaten-track-.png\" \/>\n\t<meta property=\"og:image:width\" content=\"940\" \/>\n\t<meta property=\"og:image:height\" content=\"788\" \/>\n\t<meta property=\"og:image:type\" content=\"image\/png\" \/>\n<meta name=\"twitter:card\" content=\"summary_large_image\" \/>\n<meta name=\"twitter:label1\" content=\"Est. reading time\" \/>\n\t<meta name=\"twitter:data1\" content=\"1 minute\" \/>\n<script type=\"application\/ld+json\" class=\"yoast-schema-graph\">{\"@context\":\"https:\\\/\\\/schema.org\",\"@graph\":[{\"@type\":\"WebPage\",\"@id\":\"https:\\\/\\\/chiang-mai-trekking.com\\\/de\\\/oeko-trekking-2-tage-1-nacht\\\/\",\"url\":\"https:\\\/\\\/chiang-mai-trekking.com\\\/de\\\/oeko-trekking-2-tage-1-nacht\\\/\",\"name\":\"\u00d6ko-Trekking 2 Tage 1 Nacht Chiang Mai and Chiang Rai Thailand\",\"isPartOf\":{\"@id\":\"https:\\\/\\\/chiang-mai-trekking.com\\\/de\\\/#website\"},\"datePublished\":\"2023-12-17T02:09:51+00:00\",\"dateModified\":\"2023-12-17T08:53:56+00:00\",\"breadcrumb\":{\"@id\":\"https:\\\/\\\/chiang-mai-trekking.com\\\/de\\\/oeko-trekking-2-tage-1-nacht\\\/#breadcrumb\"},\"inLanguage\":\"de-DE\",\"potentialAction\":[{\"@type\":\"ReadAction\",\"target\":[\"https:\\\/\\\/chiang-mai-trekking.com\\\/de\\\/oeko-trekking-2-tage-1-nacht\\\/\"]}]},{\"@type\":\"BreadcrumbList\",\"@id\":\"https:\\\/\\\/chiang-mai-trekking.com\\\/de\\\/oeko-trekking-2-tage-1-nacht\\\/#breadcrumb\",\"itemListElement\":[{\"@type\":\"ListItem\",\"position\":1,\"name\":\"Home\",\"item\":\"https:\\\/\\\/chiang-mai-trekking.com\\\/de\\\/\"},{\"@type\":\"ListItem\",\"position\":2,\"name\":\"\u00d6ko-Trekking 2 Tage 1 Nacht\"}]},{\"@type\":\"WebSite\",\"@id\":\"https:\\\/\\\/chiang-mai-trekking.com\\\/de\\\/#website\",\"url\":\"https:\\\/\\\/chiang-mai-trekking.com\\\/de\\\/\",\"name\":\"Chiang Mai trekking\",\"description\":\"Chiang Mai trekking, Trek in Chiang Mai. Book your Chiang Mai tours 1 day to 3 days trekking\",\"potentialAction\":[{\"@type\":\"SearchAction\",\"target\":{\"@type\":\"EntryPoint\",\"urlTemplate\":\"https:\\\/\\\/chiang-mai-trekking.com\\\/de\\\/?s={search_term_string}\"},\"query-input\":{\"@type\":\"PropertyValueSpecification\",\"valueRequired\":true,\"valueName\":\"search_term_string\"}}],\"inLanguage\":\"de-DE\"}]}<\/script>\n<!-- \/ Yoast SEO plugin. -->","yoast_head_json":{"title":"\u00d6ko-Trekking 2 Tage 1 Nacht Chiang Mai and Chiang Rai Thailand","robots":{"index":"index","follow":"follow","max-snippet":"max-snippet:-1","max-image-preview":"max-image-preview:large","max-video-preview":"max-video-preview:-1"},"canonical":"https:\/\/chiang-mai-trekking.com\/de\/oeko-trekking-2-tage-1-nacht\/","og_locale":"de_DE","og_type":"article","og_title":"\u00d6ko-Trekking 2 Tage 1 Nacht Chiang Mai and Chiang Rai Thailand","og_description":"Hier finden Sie alle unsere 2-Tages- und 1-Nacht-Wanderungen im Thail\u00e4ndischen Dschungel und seinen n\u00f6rdlichen St\u00e4mmen mit Hin- und R\u00fcckfahrt von Ihrem Hotel in Chiang Mai oder Chiang Rai. Wenn Sie besondere Optionen w\u00fcnschen, z. B. eine weitere Nacht im Dorf mit R\u00fcckkehr am Morgen oder eine bestimmte Aktivit\u00e4t ... Kontaktieren Sie uns!","og_url":"https:\/\/chiang-mai-trekking.com\/de\/oeko-trekking-2-tage-1-nacht\/","og_site_name":"Chiang Mai trekking","article_modified_time":"2023-12-17T08:53:56+00:00","og_image":[{"width":940,"height":788,"url":"https:\/\/chiang-mai-trekking.com\/wp-content\/uploads\/2017\/02\/Off-the-beaten-track-.png","type":"image\/png"}],"twitter_card":"summary_large_image","twitter_misc":{"Est. reading time":"1 minute"},"schema":{"@context":"https:\/\/schema.org","@graph":[{"@type":"WebPage","@id":"https:\/\/chiang-mai-trekking.com\/de\/oeko-trekking-2-tage-1-nacht\/","url":"https:\/\/chiang-mai-trekking.com\/de\/oeko-trekking-2-tage-1-nacht\/","name":"\u00d6ko-Trekking 2 Tage 1 Nacht Chiang Mai and Chiang Rai Thailand","isPartOf":{"@id":"https:\/\/chiang-mai-trekking.com\/de\/#website"},"datePublished":"2023-12-17T02:09:51+00:00","dateModified":"2023-12-17T08:53:56+00:00","breadcrumb":{"@id":"https:\/\/chiang-mai-trekking.com\/de\/oeko-trekking-2-tage-1-nacht\/#breadcrumb"},"inLanguage":"de-DE","potentialAction":[{"@type":"ReadAction","target":["https:\/\/chiang-mai-trekking.com\/de\/oeko-trekking-2-tage-1-nacht\/"]}]},{"@type":"BreadcrumbList","@id":"https:\/\/chiang-mai-trekking.com\/de\/oeko-trekking-2-tage-1-nacht\/#breadcrumb","itemListElement":[{"@type":"ListItem","position":1,"name":"Home","item":"https:\/\/chiang-mai-trekking.com\/de\/"},{"@type":"ListItem","position":2,"name":"\u00d6ko-Trekking 2 Tage 1 Nacht"}]},{"@type":"WebSite","@id":"https:\/\/chiang-mai-trekking.com\/de\/#website","url":"https:\/\/chiang-mai-trekking.com\/de\/","name":"Chiang Mai trekking","description":"Chiang Mai trekking, Trek in Chiang Mai. Book your Chiang Mai tours 1 day to 3 days trekking","potentialAction":[{"@type":"SearchAction","target":{"@type":"EntryPoint","urlTemplate":"https:\/\/chiang-mai-trekking.com\/de\/?s={search_term_string}"},"query-input":{"@type":"PropertyValueSpecification","valueRequired":true,"valueName":"search_term_string"}}],"inLanguage":"de-DE"}]}},"_links":{"self":[{"href":"https:\/\/chiang-mai-trekking.com\/de\/wp-json\/wp\/v2\/pages\/5865","targetHints":{"allow":["GET"]}}],"collection":[{"href":"https:\/\/chiang-mai-trekking.com\/de\/wp-json\/wp\/v2\/pages"}],"about":[{"href":"https:\/\/chiang-mai-trekking.com\/de\/wp-json\/wp\/v2\/types\/page"}],"author":[{"embeddable":true,"href":"https:\/\/chiang-mai-trekking.com\/de\/wp-json\/wp\/v2\/users\/1"}],"replies":[{"embeddable":true,"href":"https:\/\/chiang-mai-trekking.com\/de\/wp-json\/wp\/v2\/comments?post=5865"}],"version-history":[{"count":6,"href":"https:\/\/chiang-mai-trekking.com\/de\/wp-json\/wp\/v2\/pages\/5865\/revisions"}],"predecessor-version":[{"id":5984,"href":"https:\/\/chiang-mai-trekking.com\/de\/wp-json\/wp\/v2\/pages\/5865\/revisions\/5984"}],"wp:attachment":[{"href":"https:\/\/chiang-mai-trekking.com\/de\/wp-json\/wp\/v2\/media?parent=5865"}],"curies":[{"name":"wp","href":"https:\/\/api.w.org\/{rel}","templated":true}]}}