{"id":5864,"date":"2023-12-17T09:09:14","date_gmt":"2023-12-17T02:09:14","guid":{"rendered":"https:\/\/chiang-mai-trekking.com\/oeko-trekking-1-tag\/"},"modified":"2023-12-17T15:34:55","modified_gmt":"2023-12-17T08:34:55","slug":"oeko-trekking-1-tag","status":"publish","type":"page","link":"https:\/\/chiang-mai-trekking.com\/de\/oeko-trekking-1-tag\/","title":{"rendered":"\u00d6ko-Trekking 1 Tag"},"content":{"rendered":"<p>Hier finden Sie alle unsere <strong>eint\u00e4gigen<\/strong> Wanderungen im <strong>thail\u00e4ndischen Dschungel und seinen n\u00f6rdlichen St\u00e4mmen<\/strong> mit Hin- und R\u00fcckfahrt von Ihrem Hotel in Chiang Mai oder Chiang Rai.<br \/>\n<br \/>\nWenn Sie besondere Optionen w\u00fcnschen, z. B. eine weitere Nacht im Dorf mit R\u00fcckkehr am Morgen oder eine bestimmte Aktivit\u00e4t ... <a href=\"https:\/\/chiang-mai-trekking.com\/contact-us\/\" >Kontaktieren Sie uns!<\/a> Wir sind Franz\u00f6sisch und Franz\u00f6sisch sprechend!<br \/>\n<br \/>\nProgramme: <a href=\"https:\/\/chiang-mai-trekking.com\/de\/oeko-trekking-1-tag\/\">1 Tag<\/a> | <a href=\"https:\/\/chiang-mai-trekking.com\/de\/oeko-trekking-2-tage-1-nacht\/\">2 Tage 1 Nacht<\/a> | <a href=\"https:\/\/chiang-mai-trekking.com\/de\/oeko-trekking-3-tage-2-naechte\/\">3 Tage 2 N\u00e4chte<\/a> | <a href=\"https:\/\/chiang-mai-trekking.com\/de\/oeko-trekkings-authentische-private-touren\/\">Alle Trekkingtouren<\/a><br \/>\n<br \/>\n<div class=\"row\"><div class=\"newTrekPage col-md-4\">   \r\n\t\t\t\t<div class=\"inside\" style=\"height:100%\">\r\n\t              <a href=\"https:\/\/chiang-mai-trekking.com\/de\/wanderung-zu-den-doerfern-akha-und-lahu-1-tag\/\">\r\n\t                \t\t<p class=\"days\">&nbsp;\r\n\t                \t\t\t<span style=\"float:left;padding-right:6px\">\ud83d\udccd Chiang Rai<\/span>\r\n\t                \t\t\t<span style=\"float:right;padding-right:6px\">\ud83d\udd52 1 Tag<\/span>\r\n\t                \t\t<\/p>\r\n\r\n\t                    <!-- <span style=\"position:absolute; right: 16px; padding: 3px; text-align:right; background-color: rgba(0,0,0,0.5);\"> -->\r\n\t                    \r\n\t                    <\/span>\r\n\t\t\t            <img decoding=\"async\" src=\"https:\/\/chiang-mai-trekking.com\/wp-content\/uploads\/2023\/12\/akha-lahu-1day-trekking-chiang-rai-6.jpg\" \/>\r\n\t\t\t              \r\n\t\t\t              \r\n\t\t\t              <p class=\"title\">Wanderung zu den D\u00f6rfern Akha und Lahu, 1 Tag<\/p>\r\n\t\t\t              <p>Entdecken Sie das Leben des Akha-Stammes und erfahren Sie mehr \u00fcber seine einzigartige Kultur.<\/p>\r\n\t\t\t             \r\n\r\n\t\t\t              <\/a>\r\n\t\t\t    <\/div>\r\n            <\/div><div class=\"newTrekPage col-md-4\">   \r\n\t\t\t\t<div class=\"inside\" style=\"height:100%\">\r\n\t              <a href=\"https:\/\/chiang-mai-trekking.com\/de\/1-tag-doi-inthanon-nationalpark\/\">\r\n\t                \t\t<p class=\"days\">&nbsp;\r\n\t                \t\t\t<span style=\"float:left;padding-right:6px\">\ud83d\udccd Chiang Mai<\/span>\r\n\t                \t\t\t<span style=\"float:right;padding-right:6px\">\ud83d\udd52 1 Tag<\/span>\r\n\t                \t\t<\/p>\r\n\r\n\t                    <!-- <span style=\"position:absolute; right: 16px; padding: 3px; text-align:right; background-color: rgba(0,0,0,0.5);\"> -->\r\n\t                    \r\n\t                    <\/span>\r\n\t\t\t            <img decoding=\"async\" src=\"https:\/\/chiang-mai-trekking.com\/wp-content\/uploads\/2022\/02\/trekking-doi-inthanon-national-park-chiangmai-thailand-private-9.jpg\" \/>\r\n\t\t\t              \r\n\t\t\t              \r\n\t\t\t              <p class=\"title\">1 Tag Doi Inthanon Nationalpark<\/p>\r\n\t\t\t              <p>Visit and trekking in the same day. Discover in private the most famous National Park of Thailand and it's lush nature.<\/p>\r\n\t\t\t             \r\n\r\n\t\t\t              <\/a>\r\n\t\t\t    <\/div>\r\n            <\/div><div class=\"newTrekPage col-md-4\">   \r\n\t\t\t\t<div class=\"inside\" style=\"height:100%\">\r\n\t              <a href=\"https:\/\/chiang-mai-trekking.com\/de\/hiking-1day-white-karen-village-non-touristy\/\">\r\n\t                \t\t<p class=\"days\">&nbsp;\r\n\t                \t\t\t<span style=\"float:left;padding-right:6px\">\ud83d\udccd Chiang Mai<\/span>\r\n\t                \t\t\t<span style=\"float:right;padding-right:6px\">\ud83d\udd52 1 Tag<\/span>\r\n\t                \t\t<\/p>\r\n\r\n\t                    <!-- <span style=\"position:absolute; right: 16px; padding: 3px; text-align:right; background-color: rgba(0,0,0,0.5);\"> -->\r\n\t                    \r\n\t                    <\/span>\r\n\t\t\t            <img decoding=\"async\" src=\"https:\/\/chiang-mai-trekking.com\/wp-content\/uploads\/2015\/03\/Mae-wang-8-500x333.jpg\" \/>\r\n\t\t\t              \r\n\t\t\t              \r\n\t\t\t              <p class=\"title\">1 Tag: Bergwandern \u2013 Mae Sa Pok \u2013 Doi Inthanon, nicht touristisch<\/p>\r\n\t\t\t              <p>Eine Wanderung durch den Dschungel und Reisfelder (in der Saison), geeignet sowohl f\u00fcr Familien als auch f\u00fcr Sportbegeisterte!<\/p>\r\n\t\t\t             \r\n\r\n\t\t\t              <\/a>\r\n\t\t\t    <\/div>\r\n            <\/div><\/div><\/p>\n\n<div class=\"wpml-ls-statics-footer wpml-ls wpml-ls-legacy-list-horizontal\" id=\"lang_sel_footer\">\n\t<ul role=\"menu\"><li class=\"wpml-ls-slot-footer wpml-ls-item wpml-ls-item-en wpml-ls-first-item wpml-ls-item-legacy-list-horizontal\" role=\"none\">\n\t\t\t\t<a href=\"https:\/\/chiang-mai-trekking.com\/\" class=\"wpml-ls-link\" role=\"menuitem\"  aria-label=\"Zu English wechseln\" title=\"Zu English wechseln\" >\n                                                        <img decoding=\"async\"\n            class=\"wpml-ls-flag iclflag\"\n            src=\"https:\/\/chiang-mai-trekking.com\/wp-content\/plugins\/sitepress-multilingual-cms\/res\/flags\/en.png\"\n            alt=\"\"\n            width=18\n            height=12\n    \/><span class=\"wpml-ls-native icl_lang_sel_native\" lang=\"en\">English<\/span><\/a>\n\t\t\t<\/li><li class=\"wpml-ls-slot-footer wpml-ls-item wpml-ls-item-fr wpml-ls-item-legacy-list-horizontal\" role=\"none\">\n\t\t\t\t<a href=\"https:\/\/chiang-mai-trekking.com\/fr\/\" class=\"wpml-ls-link\" role=\"menuitem\"  aria-label=\"Zu Fran\u00e7ais wechseln\" title=\"Zu Fran\u00e7ais wechseln\" >\n                                                        <img decoding=\"async\"\n            class=\"wpml-ls-flag iclflag\"\n            src=\"https:\/\/chiang-mai-trekking.com\/wp-content\/plugins\/sitepress-multilingual-cms\/res\/flags\/fr.png\"\n            alt=\"\"\n            width=18\n            height=12\n    \/><span class=\"wpml-ls-native icl_lang_sel_native\" lang=\"fr\">Fran\u00e7ais<\/span><\/a>\n\t\t\t<\/li><li class=\"wpml-ls-slot-footer wpml-ls-item wpml-ls-item-de wpml-ls-current-language wpml-ls-last-item wpml-ls-item-legacy-list-horizontal\" role=\"none\">\n\t\t\t\t<a href=\"https:\/\/chiang-mai-trekking.com\/de\/\" class=\"wpml-ls-link\" role=\"menuitem\" >\n                                                        <img decoding=\"async\"\n            class=\"wpml-ls-flag iclflag\"\n            src=\"https:\/\/chiang-mai-trekking.com\/wp-content\/plugins\/sitepress-multilingual-cms\/res\/flags\/de.png\"\n            alt=\"\"\n            width=18\n            height=12\n    \/><span class=\"wpml-ls-native icl_lang_sel_native\" role=\"menuitem\">Deutsch<\/span><\/a>\n\t\t\t<\/li><\/ul>\n<\/div>\n\n","protected":false},"excerpt":{"rendered":"<p>Hier finden Sie alle unsere eint\u00e4gigen Wanderungen im thail\u00e4ndischen Dschungel und seinen n\u00f6rdlichen St\u00e4mmen mit Hin- und R\u00fcckfahrt von Ihrem Hotel in Chiang Mai oder Chiang Rai. Wenn Sie besondere Optionen w\u00fcnschen, z. B. eine weitere Nacht im Dorf mit R\u00fcckkehr am Morgen oder eine bestimmte Aktivit\u00e4t &#8230; Kontaktieren Sie uns! Wir sind Franz\u00f6sisch und [&hellip;]<\/p>\n","protected":false},"author":1,"featured_media":0,"parent":0,"menu_order":0,"comment_status":"closed","ping_status":"closed","template":"","meta":{"footnotes":""},"class_list":["post-5864","page","type-page","status-publish","hentry","entry"],"yoast_head":"<!-- This site is optimized with the Yoast SEO plugin v23.4 - https:\/\/yoast.com\/wordpress\/plugins\/seo\/ -->\n<title>\u00d6ko-Trekking 1 Tag Chiang Mai and Chiang Rai Thailand<\/title>\n<meta name=\"robots\" content=\"index, follow, max-snippet:-1, max-image-preview:large, max-video-preview:-1\" \/>\n<link rel=\"canonical\" href=\"https:\/\/chiang-mai-trekking.com\/de\/oeko-trekking-1-tag\/\" \/>\n<meta property=\"og:locale\" content=\"de_DE\" \/>\n<meta property=\"og:type\" content=\"article\" \/>\n<meta property=\"og:title\" content=\"\u00d6ko-Trekking 1 Tag Chiang Mai and Chiang Rai Thailand\" \/>\n<meta property=\"og:description\" content=\"Hier finden Sie alle unsere eint\u00e4gigen Wanderungen im thail\u00e4ndischen Dschungel und seinen n\u00f6rdlichen St\u00e4mmen mit Hin- und R\u00fcckfahrt von Ihrem Hotel in Chiang Mai oder Chiang Rai. Wenn Sie besondere Optionen w\u00fcnschen, z. B. eine weitere Nacht im Dorf mit R\u00fcckkehr am Morgen oder eine bestimmte Aktivit\u00e4t ... Kontaktieren Sie uns! Wir sind Franz\u00f6sisch und [&hellip;]\" \/>\n<meta property=\"og:url\" content=\"https:\/\/chiang-mai-trekking.com\/de\/oeko-trekking-1-tag\/\" \/>\n<meta property=\"og:site_name\" content=\"Chiang Mai trekking\" \/>\n<meta property=\"article:modified_time\" content=\"2023-12-17T08:34:55+00:00\" \/>\n<meta property=\"og:image\" content=\"https:\/\/chiang-mai-trekking.com\/wp-content\/uploads\/2017\/02\/Off-the-beaten-track-.png\" \/>\n\t<meta property=\"og:image:width\" content=\"940\" \/>\n\t<meta property=\"og:image:height\" content=\"788\" \/>\n\t<meta property=\"og:image:type\" content=\"image\/png\" \/>\n<meta name=\"twitter:card\" content=\"summary_large_image\" \/>\n<meta name=\"twitter:label1\" content=\"Est. reading time\" \/>\n\t<meta name=\"twitter:data1\" content=\"1 minute\" \/>\n<script type=\"application\/ld+json\" class=\"yoast-schema-graph\">{\"@context\":\"https:\/\/schema.org\",\"@graph\":[{\"@type\":\"WebPage\",\"@id\":\"https:\/\/chiang-mai-trekking.com\/de\/oeko-trekking-1-tag\/\",\"url\":\"https:\/\/chiang-mai-trekking.com\/de\/oeko-trekking-1-tag\/\",\"name\":\"\u00d6ko-Trekking 1 Tag Chiang Mai and Chiang Rai Thailand\",\"isPartOf\":{\"@id\":\"https:\/\/chiang-mai-trekking.com\/de\/#website\"},\"datePublished\":\"2023-12-17T02:09:14+00:00\",\"dateModified\":\"2023-12-17T08:34:55+00:00\",\"breadcrumb\":{\"@id\":\"https:\/\/chiang-mai-trekking.com\/de\/oeko-trekking-1-tag\/#breadcrumb\"},\"inLanguage\":\"de-DE\",\"potentialAction\":[{\"@type\":\"ReadAction\",\"target\":[\"https:\/\/chiang-mai-trekking.com\/de\/oeko-trekking-1-tag\/\"]}]},{\"@type\":\"BreadcrumbList\",\"@id\":\"https:\/\/chiang-mai-trekking.com\/de\/oeko-trekking-1-tag\/#breadcrumb\",\"itemListElement\":[{\"@type\":\"ListItem\",\"position\":1,\"name\":\"Home\",\"item\":\"https:\/\/chiang-mai-trekking.com\/de\/\"},{\"@type\":\"ListItem\",\"position\":2,\"name\":\"\u00d6ko-Trekking 1 Tag\"}]},{\"@type\":\"WebSite\",\"@id\":\"https:\/\/chiang-mai-trekking.com\/de\/#website\",\"url\":\"https:\/\/chiang-mai-trekking.com\/de\/\",\"name\":\"Chiang Mai trekking\",\"description\":\"Chiang Mai trekking, Trek in Chiang Mai. Book your Chiang Mai tours 1 day to 3 days trekking\",\"potentialAction\":[{\"@type\":\"SearchAction\",\"target\":{\"@type\":\"EntryPoint\",\"urlTemplate\":\"https:\/\/chiang-mai-trekking.com\/de\/?s={search_term_string}\"},\"query-input\":{\"@type\":\"PropertyValueSpecification\",\"valueRequired\":true,\"valueName\":\"search_term_string\"}}],\"inLanguage\":\"de-DE\"}]}<\/script>\n<!-- \/ Yoast SEO plugin. -->","yoast_head_json":{"title":"\u00d6ko-Trekking 1 Tag Chiang Mai and Chiang Rai Thailand","robots":{"index":"index","follow":"follow","max-snippet":"max-snippet:-1","max-image-preview":"max-image-preview:large","max-video-preview":"max-video-preview:-1"},"canonical":"https:\/\/chiang-mai-trekking.com\/de\/oeko-trekking-1-tag\/","og_locale":"de_DE","og_type":"article","og_title":"\u00d6ko-Trekking 1 Tag Chiang Mai and Chiang Rai Thailand","og_description":"Hier finden Sie alle unsere eint\u00e4gigen Wanderungen im thail\u00e4ndischen Dschungel und seinen n\u00f6rdlichen St\u00e4mmen mit Hin- und R\u00fcckfahrt von Ihrem Hotel in Chiang Mai oder Chiang Rai. Wenn Sie besondere Optionen w\u00fcnschen, z. B. eine weitere Nacht im Dorf mit R\u00fcckkehr am Morgen oder eine bestimmte Aktivit\u00e4t ... Kontaktieren Sie uns! Wir sind Franz\u00f6sisch und [&hellip;]","og_url":"https:\/\/chiang-mai-trekking.com\/de\/oeko-trekking-1-tag\/","og_site_name":"Chiang Mai trekking","article_modified_time":"2023-12-17T08:34:55+00:00","og_image":[{"width":940,"height":788,"url":"https:\/\/chiang-mai-trekking.com\/wp-content\/uploads\/2017\/02\/Off-the-beaten-track-.png","type":"image\/png"}],"twitter_card":"summary_large_image","twitter_misc":{"Est. reading time":"1 minute"},"schema":{"@context":"https:\/\/schema.org","@graph":[{"@type":"WebPage","@id":"https:\/\/chiang-mai-trekking.com\/de\/oeko-trekking-1-tag\/","url":"https:\/\/chiang-mai-trekking.com\/de\/oeko-trekking-1-tag\/","name":"\u00d6ko-Trekking 1 Tag Chiang Mai and Chiang Rai Thailand","isPartOf":{"@id":"https:\/\/chiang-mai-trekking.com\/de\/#website"},"datePublished":"2023-12-17T02:09:14+00:00","dateModified":"2023-12-17T08:34:55+00:00","breadcrumb":{"@id":"https:\/\/chiang-mai-trekking.com\/de\/oeko-trekking-1-tag\/#breadcrumb"},"inLanguage":"de-DE","potentialAction":[{"@type":"ReadAction","target":["https:\/\/chiang-mai-trekking.com\/de\/oeko-trekking-1-tag\/"]}]},{"@type":"BreadcrumbList","@id":"https:\/\/chiang-mai-trekking.com\/de\/oeko-trekking-1-tag\/#breadcrumb","itemListElement":[{"@type":"ListItem","position":1,"name":"Home","item":"https:\/\/chiang-mai-trekking.com\/de\/"},{"@type":"ListItem","position":2,"name":"\u00d6ko-Trekking 1 Tag"}]},{"@type":"WebSite","@id":"https:\/\/chiang-mai-trekking.com\/de\/#website","url":"https:\/\/chiang-mai-trekking.com\/de\/","name":"Chiang Mai trekking","description":"Chiang Mai trekking, Trek in Chiang Mai. Book your Chiang Mai tours 1 day to 3 days trekking","potentialAction":[{"@type":"SearchAction","target":{"@type":"EntryPoint","urlTemplate":"https:\/\/chiang-mai-trekking.com\/de\/?s={search_term_string}"},"query-input":{"@type":"PropertyValueSpecification","valueRequired":true,"valueName":"search_term_string"}}],"inLanguage":"de-DE"}]}},"_links":{"self":[{"href":"https:\/\/chiang-mai-trekking.com\/de\/wp-json\/wp\/v2\/pages\/5864","targetHints":{"allow":["GET"]}}],"collection":[{"href":"https:\/\/chiang-mai-trekking.com\/de\/wp-json\/wp\/v2\/pages"}],"about":[{"href":"https:\/\/chiang-mai-trekking.com\/de\/wp-json\/wp\/v2\/types\/page"}],"author":[{"embeddable":true,"href":"https:\/\/chiang-mai-trekking.com\/de\/wp-json\/wp\/v2\/users\/1"}],"replies":[{"embeddable":true,"href":"https:\/\/chiang-mai-trekking.com\/de\/wp-json\/wp\/v2\/comments?post=5864"}],"version-history":[{"count":8,"href":"https:\/\/chiang-mai-trekking.com\/de\/wp-json\/wp\/v2\/pages\/5864\/revisions"}],"predecessor-version":[{"id":5973,"href":"https:\/\/chiang-mai-trekking.com\/de\/wp-json\/wp\/v2\/pages\/5864\/revisions\/5973"}],"wp:attachment":[{"href":"https:\/\/chiang-mai-trekking.com\/de\/wp-json\/wp\/v2\/media?parent=5864"}],"curies":[{"name":"wp","href":"https:\/\/api.w.org\/{rel}","templated":true}]}}